{"id":1470,"date":"2026-02-03T09:50:35","date_gmt":"2026-02-03T09:50:35","guid":{"rendered":"https:\/\/ringospincasino.com\/login-and-registration\/"},"modified":"2026-02-04T08:39:25","modified_gmt":"2026-02-04T08:39:25","slug":"logowanie-i-rejestracja","status":"publish","type":"page","link":"https:\/\/ringospincasino.com\/pl\/logowanie-i-rejestracja\/","title":{"rendered":"Logowanie i rejestracja"},"content":{"rendered":"<h1>Logowanie i rejestracja w RingoSpin<\/h1>\n<p>RingoSpin login jest dost\u0119pna dla wszystkich naszych polscy u\u017cytkownicy, kt\u00f3rzy uko\u0144czyli 18 lat. Kolejna zasada m\u00f3wi, \u017ce na naszej platformie mo\u017cna posiada\u0107 tylko jedno konto. Proces rejestracji i logowania jest prosty i wymaga podania standardowych danych osobowych, takich jak adres e-mail i has\u0142o. Aby dodatkowo zabezpieczy\u0107 profil, u\u017cytkownicy mog\u0105 w\u0142\u0105czy\u0107 uwierzytelnianie dwusk\u0142adnikowe.<\/p>\n<p><div class=\"banner-wrap\" aria-label=\"Banner\"><img src=\"https:\/\/ringospincasino.com\/wp-content\/uploads\/Ringospin-banner-carousel-932\u0445400-4.webp\" class=\"w-100 d-none d-lg-block img-pc main-banner-img\" alt=\"Ringospin banner desktop\" fetchpriority=\"high\" decoding=\"async\"><img src=\"https:\/\/ringospincasino.com\/wp-content\/uploads\/Group-376223.webp\" class=\"w-100 d-none d-md-block d-lg-none main-banner-img\" alt=\"Ringospin banner tablet\" fetchpriority=\"high\" decoding=\"async\"><img src=\"https:\/\/ringospincasino.com\/wp-content\/uploads\/Group-376223.webp\" class=\"w-100 d-md-none\" alt=\"Ringospin banner tablet\" fetchpriority=\"high\" decoding=\"async\"><div class=\"banner-description\">\n<div class=\"banner-title\">Bonusy powitalne<\/div>\n<p class=\"banner-header-title\">1500 \u20ac<\/p>\n<div class=\"banner-header-AdditionalText\">+ 250 Darmowe spiny<\/div>\n<button data-item=\"homepage_banner_link\" class=\"goto m-button m-gradient-border m-button--primary m-button--large banner-button btn-orange\">\n            <div class=\"m-button-content\">\n                <span>Zarejestruj si\u0119 teraz<\/span>\n                <span><\/span>\n            <\/div>\n        <\/button>\n<\/div>\n<div class=\"WelcomePack\">\n<p><img loading=\"lazy\" decoding=\"async\" class=\"alignnone size-full wp-image-1521\" src=\"https:\/\/ringospincasino.com\/wp-content\/uploads\/welcome-crown-1.svg\" alt=\"welcome crown\" width=\"25\" height=\"26\" \/><\/p>\n<div class=\"WelcomePack-Info\">Cotygodniowy zwrot got\u00f3wki do 25%<\/div>\n<p><img loading=\"lazy\" decoding=\"async\" class=\"alignnone size-full wp-image-1521\" src=\"https:\/\/ringospincasino.com\/wp-content\/uploads\/welcome-crown-1.svg\" alt=\"welcome crown\" width=\"25\" height=\"26\" \/><\/p>\n<\/div>\n<\/div><div class=\"scrollable-content-wrap my-5\"><div class=\"scrollable-content-inner\"><h2>Procedura rejestracji w RingoSpin<\/h2>\n<p>G\u0142\u00f3wnym wymogiem, aby rozpocz\u0105\u0107 gr\u0119 na prawdziwe pieni\u0105dze i uzyska\u0107 dost\u0119p do wszystkich innych funkcji dost\u0119pnych w kasynie Ringo Spin, jest rejestracja konta. Niekt\u00f3re tytu\u0142y mo\u017cna wypr\u00f3bowa\u0107 w trybie demo bez profilu. Jednak w tym przypadku gra si\u0119 wirtualnymi monetami i nie mo\u017cna wyp\u0142aci\u0107 potencjalnych wygranych.<\/p>\n<p>Uko\u0144czenie procesu rejestracji zajmie nie wi\u0119cej ni\u017c 3 minuty. Je\u015bli stoisz teraz przed tym wa\u017cnym krokiem, skorzystaj z naszych instrukcji poni\u017cej, aby zrobi\u0107 to szybko i bez problem\u00f3w:<\/p>\n<ol>\n<li>Przejd\u017a do sekcji rejestracji, klikaj\u0105c przycisk w prawym g\u00f3rnym rogu.<\/li>\n<li>Wprowad\u017a sw\u00f3j adres e-mail i utw\u00f3rz silne has\u0142o. Powinno ono zawiera\u0107 co najmniej 6 znak\u00f3w.<\/li>\n<li>Je\u015bli posiadasz kod promocyjny, mo\u017cesz go poda\u0107 na tym etapie, aby otrzyma\u0107 dodatkow\u0105 nagrod\u0119.<\/li>\n<li>Zaakceptuj warunki korzystania z platformy i potwierd\u017a sw\u00f3j wiek (18 lat lub wi\u0119cej).<\/li>\n<li>Po sprawdzeniu wszystkich wprowadzonych informacji kliknij przycisk na ko\u0144cu formularza rejestracyjnego.<\/li>\n<\/ol>\n<p>Aby przyspieszy\u0107 proces rejestracji w Ringo Spin, gracze mog\u0105 skorzysta\u0107 z przycisku \u201eGoogle\u201d w formularzu rejestracyjnym. W takim przypadku nale\u017cy zalogowa\u0107 si\u0119 na swoje konto Google, a my automatycznie wykorzystamy dane osobowe z tego konta.<\/p>\n<h3>Zarz\u0105dzanie danymi osobowymi i inne funkcje<\/h3>\n<p>Opr\u00f3cz wielu gier, bonus\u00f3w, p\u0142atno\u015bci i zespo\u0142u wsparcia, uzyskasz r\u00f3wnie\u017c dost\u0119p do wielu fajnych ustawie\u0144 i narz\u0119dzi, kt\u00f3re sprawi\u0105, \u017ce Twoje wra\u017cenia z gry b\u0119d\u0105 przyjemniejsze i bardziej spersonalizowane. Poni\u017csza tabela zawiera dodatkowe informacje na temat wszystkich wspania\u0142ych funkcji, kt\u00f3re mo\u017cna znale\u017a\u0107 na koncie RingoSpin Casino.<\/p>\n<table>\n<tbody>\n<tr>\n<td>Funkcja<\/td>\n<td>Szczeg\u00f3\u0142y<\/td>\n<\/tr>\n<tr>\n<td>Historia aktywno\u015bci<\/td>\n<td>Otrzymasz pe\u0142ny raport dotycz\u0105cy czasu sp\u0119dzonego na platformie, w tym bonus\u00f3w, wp\u0142at, zak\u0142ad\u00f3w, wygranych i strat.<\/td>\n<\/tr>\n<tr>\n<td>Narz\u0119dzia odpowiedzialnej gry<\/td>\n<td>U\u017cytkownicy mog\u0105 w dowolnym momencie skonfigurowa\u0107 narz\u0119dzia dotycz\u0105ce czasu, finans\u00f3w (wp\u0142aty, zak\u0142ady, straty) oraz samo wykluczenia.<\/td>\n<\/tr>\n<tr>\n<td>Zarz\u0105dzanie danymi<\/td>\n<td>Po zalogowaniu si\u0119 do RingoSpin mo\u017cesz zmieni\u0107 swoje dane osobowe i informacje dotycz\u0105ce p\u0142atno\u015bci.<\/td>\n<\/tr>\n<tr>\n<td>Program partnerski<\/td>\n<td>Tutaj znajdziesz sw\u00f3j osobisty link partnerski i mo\u017cesz sprawdzi\u0107 jego skuteczno\u015b\u0107.<\/td>\n<\/tr>\n<\/tbody>\n<\/table>\n<h2>Kroki logowania do RingoSpin<\/h2>\n<p>Wszyscy u\u017cytkownicy, kt\u00f3rzy ju\u017c odwiedzili nasz\u0105 stron\u0119 i posiadaj\u0105 konto, musz\u0105 jedynie zalogowa\u0107 si\u0119 do RingoSpin. Na tym etapie nale\u017cy poda\u0107 adres e-mail i has\u0142o utworzone podczas rejestracji.<\/p>\n<p>Poprosimy Ci\u0119 o podanie danych osobowych, takich jak imi\u0119 i nazwisko, data urodzenia i numer telefonu, aby\u015b m\u00f3g\u0142 korzysta\u0107 ze wszystkich gier i bonus\u00f3w dost\u0119pnych w kasynie RingoSpin. Wa\u017cne jest, aby poda\u0107 prawdziwe dane, poniewa\u017c zostan\u0105 one p\u00f3\u017aniej zweryfikowane podczas procesu weryfikacji KYC.<\/p>\n<h3>Weryfikacja w kasynie RingoSpin<\/h3>\n<p>Proces weryfikacji jest cz\u0119\u015bci\u0105 naszego programu bezpiecze\u0144stwa. Pomaga nam on utrzyma\u0107 bezpieczn\u0105 platform\u0119 z uczciw\u0105 gr\u0105. Przed dokonaniem pierwszej wyp\u0142aty wszyscy u\u017cytkownicy zostan\u0105 poproszeni o przes\u0142anie zdj\u0119\u0107 swoich dokument\u00f3w osobistych. Musz\u0105 one potwierdza\u0107 Twoj\u0105 to\u017csamo\u015b\u0107, wiek, adres zamieszkania i posiadanie konta p\u0142atniczego. Po tym kroku nasi mened\u017cerowie sprawdz\u0105 wszystkie przes\u0142ane dokumenty w ci\u0105gu 48 godzin. Otrzymasz powiadomienie i wiadomo\u015b\u0107 e-mail o statusie weryfikacji.<\/p>\n<h3>Dost\u0119p do konta<\/h3>\n<p>Gracze mog\u0105 uzyska\u0107 dost\u0119p do swoich kont na dowolnej platformie i urz\u0105dzeniu. Do logowania w RingoSpin mo\u017cna u\u017cywa\u0107 przegl\u0105darek Google Chrome, Safari i innych. Wszystkim naszym klientom oferujemy r\u00f3wnie\u017c mo\u017cliwo\u015b\u0107 wypr\u00f3bowania wersji mobilnej oraz dedykowanej aplikacji na systemy Android i iOS. U\u017cywaj tego samego konta na wszystkich platformach, aby Twoje dane osobowe, saldo i osi\u0105gni\u0119cia by\u0142y synchronizowane mi\u0119dzy nimi.<\/p>\n<p>Je\u015bli zapomnia\u0142e\u015b has\u0142a, nie ma \u017cadnego problemu. Na stronie logowania do kasyna RingoSpin znajduje si\u0119 specjalny link \u201eNie pami\u0119tasz has\u0142a?\u201d, kt\u00f3ry mo\u017cesz klikn\u0105\u0107, aby je zresetowa\u0107. U\u017cytkownik otrzyma specjalny link e-mailem, aby utworzy\u0107 nowe has\u0142o.<\/p>\n<h2>FAQ<\/h2>\n<h3>Czy mog\u0119 zalogowa\u0107 si\u0119 z wielu urz\u0105dze\u0144?<\/h3>\n<p>Aby uzyska\u0107 dost\u0119p do Ringo Spin z dowolnego urz\u0105dzenia, nale\u017cy u\u017cywa\u0107 tego samego konta. Nasza platforma pozwala ka\u017cdej osobie na posiadanie tylko jednego profilu. Nie martw si\u0119, po zalogowaniu wszystkie Twoje preferencje i saldo zostan\u0105 zsynchronizowane.<\/p>\n<h3>Czy logowanie do Ringo Spin jest bezpieczne?<\/h3>\n<p>Stosujemy wszelkie niezb\u0119dne \u015brodki bezpiecze\u0144stwa w celu ochrony Twoich danych. Obejmuj\u0105 one szyfrowanie TLS 1.3, bezpieczn\u0105 wymian\u0119 kluczy i zasady dotycz\u0105ce silnych hase\u0142. Je\u015bli chcesz dowiedzie\u0107 si\u0119 wi\u0119cej na temat bezpiecze\u0144stwa swojego konta, skontaktuj si\u0119 z naszym wieloj\u0119zycznym zespo\u0142em pomocy technicznej za po\u015brednictwem czatu na \u017cywo lub poczty elektronicznej.<\/p>\n<h3>Dlaczego musz\u0119 zweryfikowa\u0107 swoje konto przed zalogowaniem si\u0119?<\/h3>\n<p>Proces weryfikacji musi zosta\u0107 zako\u0144czony przed pierwsz\u0105 wyp\u0142at\u0105. Jest to niezb\u0119dne, aby\u015bmy mieli pewno\u015b\u0107, \u017ce jeste\u015b prawdziw\u0105 osob\u0105, kt\u00f3ra uko\u0144czy\u0142a 18 lat i wykorzystuje swoje \u015brodki do gry na naszej platformie.<\/p>\n<\/div><\/div><\/p>\n","protected":false},"excerpt":{"rendered":"<p>Logowanie i rejestracja w RingoSpin RingoSpin login jest dost\u0119pna dla wszystkich naszych polscy u\u017cytkownicy, kt\u00f3rzy uko\u0144czyli 18 lat. Kolejna zasada m\u00f3wi, \u017ce na naszej platformie mo\u017cna posiada\u0107 tylko jedno konto. Proces rejestracji i logowania jest prosty i wymaga podania standardowych danych osobowych, takich jak adres e-mail i has\u0142o. Aby dodatkowo zabezpieczy\u0107 profil, u\u017cytkownicy mog\u0105 w\u0142\u0105czy\u0107 [&hellip;]<\/p>\n","protected":false},"author":11,"featured_media":0,"parent":0,"menu_order":0,"comment_status":"closed","ping_status":"closed","template":"template-builder.php","meta":{"_acf_changed":false,"inline_featured_image":false,"footnotes":""},"class_list":["post-1470","page","type-page","status-publish","hentry"],"acf":[],"yoast_head":"<!-- This site is optimized with the Yoast SEO plugin v24.4 - https:\/\/yoast.com\/wordpress\/plugins\/seo\/ -->\n<title>RingoSpin Login &amp; Rejestracja | Bezpieczny Dost\u0119p<\/title>\n<meta name=\"description\" content=\"RingoSpin Login \u2013 zaloguj si\u0119 lub zarejestruj nowe konto w bezpieczny spos\u00f3b z szyfrowanym dost\u0119pem. Zarz\u0105dzaj odzyskiwaniem has\u0142a, weryfikacj\u0105 i ustawieniami profilu w Ringo Spin.\" \/>\n<meta name=\"robots\" content=\"index, follow, max-snippet:-1, max-image-preview:large, max-video-preview:-1\" \/>\n<link rel=\"canonical\" href=\"https:\/\/ringospincasino.com\/pl\/logowanie-i-rejestracja\/\" \/>\n<meta property=\"og:locale\" content=\"pl_PL\" \/>\n<meta property=\"og:type\" content=\"article\" \/>\n<meta property=\"og:title\" content=\"RingoSpin Login &amp; Rejestracja | Bezpieczny Dost\u0119p\" \/>\n<meta property=\"og:description\" content=\"RingoSpin Login \u2013 zaloguj si\u0119 lub zarejestruj nowe konto w bezpieczny spos\u00f3b z szyfrowanym dost\u0119pem. Zarz\u0105dzaj odzyskiwaniem has\u0142a, weryfikacj\u0105 i ustawieniami profilu w Ringo Spin.\" \/>\n<meta property=\"og:url\" content=\"https:\/\/ringospincasino.com\/pl\/logowanie-i-rejestracja\/\" \/>\n<meta property=\"og:site_name\" content=\"Ringospin\" \/>\n<meta property=\"article:modified_time\" content=\"2026-02-04T08:39:25+00:00\" \/>\n<meta name=\"twitter:card\" content=\"summary_large_image\" \/>\n<meta name=\"twitter:label1\" content=\"Est. reading time\" \/>\n\t<meta name=\"twitter:data1\" content=\"1 minuta\" \/>\n<script type=\"application\/ld+json\" class=\"yoast-schema-graph\">{\"@context\":\"https:\/\/schema.org\",\"@graph\":[{\"@type\":\"WebPage\",\"@id\":\"https:\/\/ringospincasino.com\/pl\/logowanie-i-rejestracja\/\",\"url\":\"https:\/\/ringospincasino.com\/pl\/logowanie-i-rejestracja\/\",\"name\":\"RingoSpin Login & Rejestracja | Bezpieczny Dost\u0119p\",\"isPartOf\":{\"@id\":\"https:\/\/ringospincasino.com\/pl\/#website\"},\"datePublished\":\"2026-02-03T09:50:35+00:00\",\"dateModified\":\"2026-02-04T08:39:25+00:00\",\"description\":\"RingoSpin Login \u2013 zaloguj si\u0119 lub zarejestruj nowe konto w bezpieczny spos\u00f3b z szyfrowanym dost\u0119pem. Zarz\u0105dzaj odzyskiwaniem has\u0142a, weryfikacj\u0105 i ustawieniami profilu w Ringo Spin.\",\"breadcrumb\":{\"@id\":\"https:\/\/ringospincasino.com\/pl\/logowanie-i-rejestracja\/#breadcrumb\"},\"inLanguage\":\"pl-PL\",\"potentialAction\":[{\"@type\":\"ReadAction\",\"target\":[\"https:\/\/ringospincasino.com\/pl\/logowanie-i-rejestracja\/\"]}]},{\"@type\":\"BreadcrumbList\",\"@id\":\"https:\/\/ringospincasino.com\/pl\/logowanie-i-rejestracja\/#breadcrumb\",\"itemListElement\":[{\"@type\":\"ListItem\",\"position\":1,\"name\":\"Ringospin\",\"item\":\"https:\/\/ringospincasino.com\/pl\/\"},{\"@type\":\"ListItem\",\"position\":2,\"name\":\"Logowanie i rejestracja\"}]},{\"@type\":\"WebSite\",\"@id\":\"https:\/\/ringospincasino.com\/pl\/#website\",\"url\":\"https:\/\/ringospincasino.com\/pl\/\",\"name\":\"Ringospin\",\"description\":\"\",\"publisher\":{\"@id\":\"https:\/\/ringospincasino.com\/pl\/#organization\"},\"potentialAction\":[{\"@type\":\"SearchAction\",\"target\":{\"@type\":\"EntryPoint\",\"urlTemplate\":\"https:\/\/ringospincasino.com\/pl\/?s={search_term_string}\"},\"query-input\":{\"@type\":\"PropertyValueSpecification\",\"valueRequired\":true,\"valueName\":\"search_term_string\"}}],\"inLanguage\":\"pl-PL\"},{\"@type\":\"Organization\",\"@id\":\"https:\/\/ringospincasino.com\/pl\/#organization\",\"name\":\"Ringospin\",\"url\":\"https:\/\/ringospincasino.com\/pl\/\",\"logo\":{\"@type\":\"ImageObject\",\"inLanguage\":\"pl-PL\",\"@id\":\"https:\/\/ringospincasino.com\/pl\/#\/schema\/logo\/image\/\",\"url\":\"https:\/\/ringospincasino.com\/wp-content\/uploads\/logo-ringospin.svg\",\"contentUrl\":\"https:\/\/ringospincasino.com\/wp-content\/uploads\/logo-ringospin.svg\",\"width\":139,\"height\":34,\"caption\":\"Ringospin\"},\"image\":{\"@id\":\"https:\/\/ringospincasino.com\/pl\/#\/schema\/logo\/image\/\"}}]}<\/script>\n<!-- \/ Yoast SEO plugin. -->","yoast_head_json":{"title":"RingoSpin Login & Rejestracja | Bezpieczny Dost\u0119p","description":"RingoSpin Login \u2013 zaloguj si\u0119 lub zarejestruj nowe konto w bezpieczny spos\u00f3b z szyfrowanym dost\u0119pem. Zarz\u0105dzaj odzyskiwaniem has\u0142a, weryfikacj\u0105 i ustawieniami profilu w Ringo Spin.","robots":{"index":"index","follow":"follow","max-snippet":"max-snippet:-1","max-image-preview":"max-image-preview:large","max-video-preview":"max-video-preview:-1"},"canonical":"https:\/\/ringospincasino.com\/pl\/logowanie-i-rejestracja\/","og_locale":"pl_PL","og_type":"article","og_title":"RingoSpin Login & Rejestracja | Bezpieczny Dost\u0119p","og_description":"RingoSpin Login \u2013 zaloguj si\u0119 lub zarejestruj nowe konto w bezpieczny spos\u00f3b z szyfrowanym dost\u0119pem. Zarz\u0105dzaj odzyskiwaniem has\u0142a, weryfikacj\u0105 i ustawieniami profilu w Ringo Spin.","og_url":"https:\/\/ringospincasino.com\/pl\/logowanie-i-rejestracja\/","og_site_name":"Ringospin","article_modified_time":"2026-02-04T08:39:25+00:00","twitter_card":"summary_large_image","twitter_misc":{"Est. reading time":"1 minuta"},"schema":{"@context":"https:\/\/schema.org","@graph":[{"@type":"WebPage","@id":"https:\/\/ringospincasino.com\/pl\/logowanie-i-rejestracja\/","url":"https:\/\/ringospincasino.com\/pl\/logowanie-i-rejestracja\/","name":"RingoSpin Login & Rejestracja | Bezpieczny Dost\u0119p","isPartOf":{"@id":"https:\/\/ringospincasino.com\/pl\/#website"},"datePublished":"2026-02-03T09:50:35+00:00","dateModified":"2026-02-04T08:39:25+00:00","description":"RingoSpin Login \u2013 zaloguj si\u0119 lub zarejestruj nowe konto w bezpieczny spos\u00f3b z szyfrowanym dost\u0119pem. Zarz\u0105dzaj odzyskiwaniem has\u0142a, weryfikacj\u0105 i ustawieniami profilu w Ringo Spin.","breadcrumb":{"@id":"https:\/\/ringospincasino.com\/pl\/logowanie-i-rejestracja\/#breadcrumb"},"inLanguage":"pl-PL","potentialAction":[{"@type":"ReadAction","target":["https:\/\/ringospincasino.com\/pl\/logowanie-i-rejestracja\/"]}]},{"@type":"BreadcrumbList","@id":"https:\/\/ringospincasino.com\/pl\/logowanie-i-rejestracja\/#breadcrumb","itemListElement":[{"@type":"ListItem","position":1,"name":"Ringospin","item":"https:\/\/ringospincasino.com\/pl\/"},{"@type":"ListItem","position":2,"name":"Logowanie i rejestracja"}]},{"@type":"WebSite","@id":"https:\/\/ringospincasino.com\/pl\/#website","url":"https:\/\/ringospincasino.com\/pl\/","name":"Ringospin","description":"","publisher":{"@id":"https:\/\/ringospincasino.com\/pl\/#organization"},"potentialAction":[{"@type":"SearchAction","target":{"@type":"EntryPoint","urlTemplate":"https:\/\/ringospincasino.com\/pl\/?s={search_term_string}"},"query-input":{"@type":"PropertyValueSpecification","valueRequired":true,"valueName":"search_term_string"}}],"inLanguage":"pl-PL"},{"@type":"Organization","@id":"https:\/\/ringospincasino.com\/pl\/#organization","name":"Ringospin","url":"https:\/\/ringospincasino.com\/pl\/","logo":{"@type":"ImageObject","inLanguage":"pl-PL","@id":"https:\/\/ringospincasino.com\/pl\/#\/schema\/logo\/image\/","url":"https:\/\/ringospincasino.com\/wp-content\/uploads\/logo-ringospin.svg","contentUrl":"https:\/\/ringospincasino.com\/wp-content\/uploads\/logo-ringospin.svg","width":139,"height":34,"caption":"Ringospin"},"image":{"@id":"https:\/\/ringospincasino.com\/pl\/#\/schema\/logo\/image\/"}}]}},"_links":{"self":[{"href":"https:\/\/ringospincasino.com\/pl\/wp-json\/wp\/v2\/pages\/1470"}],"collection":[{"href":"https:\/\/ringospincasino.com\/pl\/wp-json\/wp\/v2\/pages"}],"about":[{"href":"https:\/\/ringospincasino.com\/pl\/wp-json\/wp\/v2\/types\/page"}],"author":[{"embeddable":true,"href":"https:\/\/ringospincasino.com\/pl\/wp-json\/wp\/v2\/users\/11"}],"replies":[{"embeddable":true,"href":"https:\/\/ringospincasino.com\/pl\/wp-json\/wp\/v2\/comments?post=1470"}],"version-history":[{"count":2,"href":"https:\/\/ringospincasino.com\/pl\/wp-json\/wp\/v2\/pages\/1470\/revisions"}],"predecessor-version":[{"id":1826,"href":"https:\/\/ringospincasino.com\/pl\/wp-json\/wp\/v2\/pages\/1470\/revisions\/1826"}],"wp:attachment":[{"href":"https:\/\/ringospincasino.com\/pl\/wp-json\/wp\/v2\/media?parent=1470"}],"curies":[{"name":"wp","href":"https:\/\/api.w.org\/{rel}","templated":true}]}}