{"id":1431,"date":"2026-02-03T09:30:18","date_gmt":"2026-02-03T09:30:18","guid":{"rendered":"https:\/\/ringospincasino.com\/app\/"},"modified":"2026-02-04T08:23:11","modified_gmt":"2026-02-04T08:23:11","slug":"aplikacja","status":"publish","type":"page","link":"https:\/\/ringospincasino.com\/pl\/aplikacja\/","title":{"rendered":"Aplikacja"},"content":{"rendered":"<h1>Aplikacja RingoSpin<\/h1>\n<p>W dzisiejszym \u015bwiecie polscy u\u017cytkownicy chc\u0105 by\u0107 elastyczni i mie\u0107 dost\u0119p do Internetu w dowolnym miejscu. Dzi\u0119ki RingoSpin App jest to mo\u017cliwe. Uzyskasz dost\u0119p do wszystkich swoich ulubionych gier, bonus\u00f3w i innych funkcji, odwiedzaj\u0105c nasz\u0105 wersj\u0119 mobiln\u0105 przegl\u0105darki lub instaluj\u0105c aplikacj\u0119. Obie s\u0105 kompatybilne ze wszystkimi nowoczesnymi urz\u0105dzeniami z systemem Android i iOS.<\/p>\n<div class=\"banner-wrap\" aria-label=\"Banner\"><img src=\"https:\/\/ringospincasino.com\/wp-content\/uploads\/Ringospin-banner-carousel-932\u0445400-4.webp\" class=\"w-100 d-none d-lg-block img-pc main-banner-img\" alt=\"Ringospin banner desktop\" fetchpriority=\"high\" decoding=\"async\"><img src=\"https:\/\/ringospincasino.com\/wp-content\/uploads\/Group-376223.webp\" class=\"w-100 d-none d-md-block d-lg-none main-banner-img\" alt=\"Ringospin banner tablet\" fetchpriority=\"high\" decoding=\"async\"><img src=\"https:\/\/ringospincasino.com\/wp-content\/uploads\/Group-376223.webp\" class=\"w-100 d-md-none\" alt=\"Ringospin banner tablet\" fetchpriority=\"high\" decoding=\"async\"><div class=\"banner-description\">\n<div class=\"banner-title\">Bonusy powitalne<\/div>\n<p class=\"banner-header-title\">1500 \u20ac<\/p>\n<div class=\"banner-header-AdditionalText\">+ 250 Darmowe spiny<\/div>\n<button data-item=\"homepage_banner_link\" class=\"goto m-button m-gradient-border m-button--primary m-button--large banner-button btn-orange\">\n            <div class=\"m-button-content\">\n                <span>Zarejestruj si\u0119 teraz<\/span>\n                <span><\/span>\n            <\/div>\n        <\/button>\n<\/div>\n<div class=\"WelcomePack\">\n<p><img loading=\"lazy\" decoding=\"async\" class=\"alignnone size-full wp-image-1521\" src=\"https:\/\/ringospincasino.com\/wp-content\/uploads\/welcome-crown-1.svg\" alt=\"welcome crown\" width=\"25\" height=\"26\" \/><\/p>\n<div class=\"WelcomePack-Info\">Cotygodniowy zwrot got\u00f3wki do 25%<\/div>\n<p><img loading=\"lazy\" decoding=\"async\" class=\"alignnone size-full wp-image-1521\" src=\"https:\/\/ringospincasino.com\/wp-content\/uploads\/welcome-crown-1.svg\" alt=\"welcome crown\" width=\"25\" height=\"26\" \/><\/p>\n<\/div>\n<\/div>\n<h2>Funkcje aplikacji RingoSpin<\/h2>\n<p>Aby gra\u0107 w podr\u00f3\u017cy, potrzebujesz tylko urz\u0105dzenia mobilnego i stabilnego po\u0142\u0105czenia internetowego. Oferujemy dwie wygodne opcje: stron\u0119 internetow\u0105 i aplikacj\u0119 RingoSpin. Obie s\u0105 odzwierciedleniem g\u0142\u00f3wnej wersji na komputery stacjonarne i oferuj\u0105 te same gry, p\u0142atno\u015bci, obs\u0142ug\u0119 klienta i promocje. Teraz nie jeste\u015b ograniczony lokalizacj\u0105 swojego domu lub komputera.<\/p>\n<p>Oprogramowanie mobilne zosta\u0142o opracowane jako progresywna aplikacja internetowa (PWA). Mo\u017cna je \u0142atwo zainstalowa\u0107 z naszej strony internetowej Ringo Spin Casino. Je\u015bli chcesz uzyska\u0107 wi\u0119cej informacji na temat tej opcji, poni\u017cej znajdziesz jej g\u0142\u00f3wne cechy:<\/p>\n<ul>\n<li>Szybkie \u0142adowanie dzi\u0119ki lekkiej architekturze i buforowaniu<\/li>\n<li>Szybka instalacja bez pobierania ze sklepu z aplikacjami<\/li>\n<li>Automatyczne aktualizacje bez konieczno\u015bci r\u0119cznej instalacji<\/li>\n<li>Niskie zu\u017cycie pami\u0119ci w por\u00f3wnaniu z aplikacjami natywnymi<\/li>\n<li>Powiadomienia push dotycz\u0105ce promocji, aktualizacji lub alert\u00f3w<\/li>\n<li>Bezpieczny dost\u0119p przez HTTPS i nowoczesne standardy szyfrowania<\/li>\n<\/ul>\n<p><div class=\"scrollable-content-wrap my-5\"><div class=\"scrollable-content-inner\"><h2>Aplikacja RingoSpin \u2013 iOS<\/h2>\n<p>Aby zapewni\u0107 wygodniejsze wra\u017cenia z gry, stworzyli\u015bmy oprogramowanie mobilne dla systemu iOS. Nie ma znaczenia, czy korzystasz z iPhone&#8217;a, czy iPada \u2013 mo\u017cesz cieszy\u0107 si\u0119 wszystkimi funkcjami RingoSpin. U\u017cytkownicy maj\u0105 dost\u0119p do wszystkich tych samych funkcji, takich jak gry, rejestracja, p\u0142atno\u015bci i proces weryfikacji.<\/p>\n<p>Twoja podr\u00f3\u017c na urz\u0105dzeniu mobilnym b\u0119dzie bezpieczna. Jako licencjonowane kasyno online przestrzegamy wszystkich niezb\u0119dnych przepis\u00f3w i protoko\u0142\u00f3w bran\u017cowych. Korzystamy r\u00f3wnie\u017c z zap\u00f3r sieciowych aplikacji internetowych, aby zapobiega\u0107 atakom na warstw\u0119 aplikacji.<\/p>\n<p>Wszyscy gracze korzystaj\u0105cy z systemu iOS mog\u0105 zainstalowa\u0107 aplikacj\u0119 w ci\u0105gu kilku minut. Je\u015bli napotkasz jakiekolwiek problemy zwi\u0105zane z procesem instalacji, skontaktuj si\u0119 z naszym pomocnym dzia\u0142em obs\u0142ugi klienta. Post\u0119puj zgodnie z poni\u017cszymi instrukcjami, aby instalacja przebieg\u0142a szybko i bez dodatkowych problem\u00f3w.<\/p>\n<table>\n<tbody>\n<tr>\n<td>Krok<\/td>\n<td>Szczeg\u00f3\u0142y<\/td>\n<\/tr>\n<tr>\n<td>Przejd\u017a do strony internetowej RingoSpin Casino<\/td>\n<td>Odwied\u017a nasz\u0105 platform\u0119 z urz\u0105dzenia z systemem iOS w dowolnej przegl\u0105darce mobilnej.<\/td>\n<\/tr>\n<tr>\n<td>Kliknij przycisk \u201eAplikacja kasyna\u201d<\/td>\n<td>Przycisk znajduje si\u0119 w stopce strony internetowej.<\/td>\n<\/tr>\n<tr>\n<td>Wybierz \u201eInstalacja\u201d<\/td>\n<td>Na nowo wy\u015bwietlonej stronie po\u015brodku ekranu znajdziesz potrzebny przycisk.<\/td>\n<\/tr>\n<tr>\n<td>Zako\u0144cz instalacj\u0119<\/td>\n<td>Proces ten zajmie 2 minuty. Nast\u0119pnie ikona pojawi si\u0119 na ekranie g\u0142\u00f3wnym.<\/td>\n<\/tr>\n<\/tbody>\n<\/table>\n<h2><img loading=\"lazy\" decoding=\"async\" src=\"https:\/\/ringospincasino.com\/wp-content\/uploads\/App4-3.webp\" alt=\"App4\" width=\"1248\" height=\"536\" \/><\/h2>\n<\/div><\/div><div style=\"clear: both\"><\/div><div class=\"d-flex justify-content-center\"><button data-item=\"decouvrez_link\" data-group=\"website_links\" class=\"goto fw-bold rounded-pill btn btn-orange\" aria-label=\"Pobierz aplikacj\u0119 Ringospin\" >Pobierz aplikacj\u0119 Ringospin<\/button><\/div><div class=\"scrollable-content-wrap my-5\"><div class=\"scrollable-content-inner\"><h2>Aplikacja RingoSpin dla systemu Android<\/h2>\n<p>U\u017cytkownicy systemu Android mog\u0105 uzyska\u0107 dost\u0119p do platformy RingoSpin Casino bez \u017cadnych problem\u00f3w. Jest to mo\u017cliwe nawet bez pobierania plik\u00f3w APK, kt\u00f3re mog\u0105 by\u0107 szkodliwe dla urz\u0105dzenia. Wystarczy odwiedzi\u0107 nasz\u0105 stron\u0119 internetow\u0105 w dowolnej przegl\u0105darce. Ca\u0142a kolekcja gier jest dost\u0119pna dla naszych u\u017cytkownik\u00f3w systemu Android, w tym automaty online, gry sto\u0142owe, opcje z krupierem na \u017cywo i gry z natychmiastow\u0105 wygran\u0105.<\/p>\n<p>Nasze mobilne kasyno jest r\u00f3wnie\u017c dost\u0119pne za po\u015brednictwem dedykowanej aplikacji RingoSpin. Zapewni Ci ona bardziej spersonalizowane wra\u017cenia. Instalacja jest szybka i \u0142atwa i mo\u017cna j\u0105 przeprowadzi\u0107 bezpo\u015brednio z naszej strony internetowej. Wystarczy wej\u015b\u0107 na nasz\u0105 stron\u0119 internetow\u0105 ze smartfona lub tabletu, klikn\u0105\u0107 przycisk z trzema kropkami w pasku adresu przegl\u0105darki i wybra\u0107 opcj\u0119 \u201eDodaj do ekranu g\u0142\u00f3wnego\u201d. W ci\u0105gu sekundy ikona Ringo Spin pojawi si\u0119 na ekranie g\u0142\u00f3wnym.<\/p>\n<h3>Uprawnienia bezpiecze\u0144stwa<\/h3>\n<p>Uprawnienia bezpiecze\u0144stwa w aplikacji RingoSpin maj\u0105 na celu ochron\u0119 danych u\u017cytkownik\u00f3w, zapewniaj\u0105c jednocze\u015bnie p\u0142ynne i bezpieczne dzia\u0142anie. Oprogramowanie mobilne wymaga tylko niezb\u0119dnych uprawnie\u0144, takich jak dost\u0119p do Internetu w celu grania w czasie rzeczywistym oraz powiadomienia o wa\u017cnych aktualizacjach dotycz\u0105cych konta lub promocjach. Nie jest wymagany niepotrzebny dost\u0119p do plik\u00f3w osobistych, kontakt\u00f3w ani danych urz\u0105dzenia.<\/p>\n<p><img loading=\"lazy\" decoding=\"async\" class=\"alignnone size-full wp-image-1384\" src=\"https:\/\/ringospincasino.com\/wp-content\/uploads\/App2-2.webp\" alt=\"App2\" width=\"1248\" height=\"536\" srcset=\"https:\/\/ringospincasino.com\/wp-content\/uploads\/App2-2.webp 1248w, https:\/\/ringospincasino.com\/wp-content\/uploads\/App2-2-300x129.webp 300w, https:\/\/ringospincasino.com\/wp-content\/uploads\/App2-2-1024x440.webp 1024w, https:\/\/ringospincasino.com\/wp-content\/uploads\/App2-2-768x330.webp 768w\" sizes=\"(max-width: 1248px) 100vw, 1248px\" \/><\/p>\n<\/div><\/div><div style=\"clear: both\"><\/div><div class=\"d-flex justify-content-center\"><button data-item=\"decouvrez_link\" data-group=\"website_links\" class=\"goto fw-bold rounded-pill btn btn-orange\" aria-label=\"Pobierz aplikacj\u0119 Ringospin\" >Pobierz aplikacj\u0119 Ringospin<\/button><\/div><div class=\"scrollable-content-wrap my-5\"><div class=\"scrollable-content-inner\"><h2>Ringo Spin Casino \u2013 wersja na komputery stacjonarne<\/h2>\n<p>Mimo \u017ce wiele os\u00f3b woli gra\u0107 na urz\u0105dzeniach mobilnych, czasami wygodniej jest korzysta\u0107 z du\u017cego ekranu i cieszy\u0107 si\u0119 ciep\u0142em w\u0142asnego domu. Jest to mo\u017cliwe dzi\u0119ki Ringo Spin Casino na komputery PC, kompatybilnemu z systemami Windows i macOS. Korzystamy z innowacyjnego szyfrowania 1.3. TLS, aby zapewni\u0107 bezpiecze\u0144stwo Twoich danych osobowych, niezale\u017cnie od u\u017cywanego urz\u0105dzenia.<\/p>\n<p>Aby uzyska\u0107 szybszy dost\u0119p, gracze mog\u0105 zainstalowa\u0107 ikon\u0119 skr\u00f3tu. W takim przypadku nie musisz otwiera\u0107 przegl\u0105darki i wyszukiwa\u0107 \u017c\u0105danej strony internetowej. Wystarczy klikn\u0105\u0107 ikon\u0119 na ekranie g\u0142\u00f3wnym. Je\u015bli wolisz korzysta\u0107 z r\u00f3\u017cnych urz\u0105dze\u0144, po prostu zaloguj si\u0119 na swoje konto na ka\u017cdym z nich, a Twoje dane osobowe zostan\u0105 zsynchronizowane mi\u0119dzy nimi.<\/p>\n<h2>Zoptymalizowany interfejs do sterowania dotykowego<\/h2>\n<p>Wa\u017cne jest, aby oprogramowanie mobilne by\u0142o intuicyjne, responsywne i wygodne w u\u017cyciu na smartfonach i tabletach. Dlatego interfejs zosta\u0142 w pe\u0142ni zoptymalizowany pod k\u0105tem sterowania dotykowego. Przyciski maj\u0105 starannie dobrane rozmiary i odst\u0119py, aby zapobiec przypadkowym dotkni\u0119ciom. Gry \u0142aduj\u0105 si\u0119 w trybie pe\u0142noekranowym, maksymalizuj\u0105c widoczno\u015b\u0107 i immersj\u0119 bez zb\u0119dnego ba\u0142aganu. Uk\u0142ad zoptymalizowany pod k\u0105tem obs\u0142ugi dotykowej pozwala naszym graczom bez wysi\u0142ku obstawia\u0107 zak\u0142ady i kr\u0119ci\u0107 b\u0119bnami.<\/p>\n<p>Je\u015bli co\u015b nie dzia\u0142a poprawnie na Twoim urz\u0105dzeniu mobilnym, skontaktuj si\u0119 z naszym zespo\u0142em pomocy technicznej za po\u015brednictwem wbudowanego czatu na \u017cywo lub poczty elektronicznej.<\/p>\n<p><img loading=\"lazy\" decoding=\"async\" src=\"https:\/\/ringospincasino.com\/wp-content\/uploads\/App6-1.webp\" alt=\"App6\" width=\"1248\" height=\"536\" \/><\/p>\n<\/div><\/div><div style=\"clear: both\"><\/div><div class=\"d-flex justify-content-center\"><button data-item=\"decouvrez_link\" data-group=\"website_links\" class=\"goto fw-bold rounded-pill btn btn-orange\" aria-label=\"Pobierz aplikacj\u0119 Ringospin\" >Pobierz aplikacj\u0119 Ringospin<\/button><\/div><div class=\"scrollable-content-wrap my-5\"><div class=\"scrollable-content-inner\"><h2>FAQ<\/h2>\n<h3>Czy aplikacja jest zoptymalizowana pod k\u0105tem tablet\u00f3w i wi\u0119kszych ekran\u00f3w?<\/h3>\n<p>Oprogramowanie mobilne kasyna RingoSpin jest w pe\u0142ni zoptymalizowane pod k\u0105tem nowoczesnych urz\u0105dze\u0144, w tym smartfon\u00f3w i tablet\u00f3w. Dostosowuje si\u0119 do rozmiaru i rozdzielczo\u015bci ekranu, zapewniaj\u0105c u\u017cytkownikom doskona\u0142e wra\u017cenia.<\/p>\n<h3>Czy aplikacja PWA aktualizuje si\u0119 automatycznie?<\/h3>\n<p>Nie musisz podejmowa\u0107 \u017cadnych dodatkowych dzia\u0142a\u0144, aby zaktualizowa\u0107 progresywn\u0105 aplikacj\u0119 internetow\u0105, poniewa\u017c wszystko dzieje si\u0119 automatycznie. W przypadku wi\u0119kszych zmian poinformujemy Ci\u0119 o tym za pomoc\u0105 powiadomie\u0144 i wiadomo\u015bci e-mail.<\/p>\n<h3>Czy wszystkie gry RingoSpin s\u0105 dost\u0119pne w aplikacji?<\/h3>\n<p>Pe\u0142na kolekcja gier, obejmuj\u0105ca ponad 6.000 tytu\u0142\u00f3w, jest dost\u0119pna w mobilnej wersji Ringo Spin. Wszystkie tytu\u0142y doskonale dostosowuj\u0105 si\u0119 do Twojego urz\u0105dzenia. Gracze szczeg\u00f3lnie lubi\u0105 gry kasynowe na \u017cywo transmitowane w wysokiej jako\u015bci.<\/p>\n<\/div><\/div><\/p>\n","protected":false},"excerpt":{"rendered":"<p>Aplikacja RingoSpin W dzisiejszym \u015bwiecie polscy u\u017cytkownicy chc\u0105 by\u0107 elastyczni i mie\u0107 dost\u0119p do Internetu w dowolnym miejscu. Dzi\u0119ki RingoSpin App jest to mo\u017cliwe. Uzyskasz dost\u0119p do wszystkich swoich ulubionych gier, bonus\u00f3w i innych funkcji, odwiedzaj\u0105c nasz\u0105 wersj\u0119 mobiln\u0105 przegl\u0105darki lub instaluj\u0105c aplikacj\u0119. Obie s\u0105 kompatybilne ze wszystkimi nowoczesnymi urz\u0105dzeniami z systemem Android i iOS. [&hellip;]<\/p>\n","protected":false},"author":11,"featured_media":0,"parent":0,"menu_order":0,"comment_status":"closed","ping_status":"closed","template":"template-builder.php","meta":{"_acf_changed":false,"inline_featured_image":false,"footnotes":""},"class_list":["post-1431","page","type-page","status-publish","hentry"],"acf":[],"yoast_head":"<!-- This site is optimized with the Yoast SEO plugin v24.4 - https:\/\/yoast.com\/wordpress\/plugins\/seo\/ -->\n<title>RingoSpin App na Mobile | iOS, Android<\/title>\n<meta name=\"description\" content=\"RingoSpin App \u2013 graj w kasynie na iOS i Android z p\u0142ynn\u0105 prac\u0105 i pe\u0142n\u0105 synchronizacj\u0105 konta. Dost\u0119p do slot\u00f3w, sto\u0142\u00f3w, jackpot\u00f3w i live casino w Ringo Spin.\" \/>\n<meta name=\"robots\" content=\"index, follow, max-snippet:-1, max-image-preview:large, max-video-preview:-1\" \/>\n<link rel=\"canonical\" href=\"https:\/\/ringospincasino.com\/pl\/aplikacja\/\" \/>\n<meta property=\"og:locale\" content=\"pl_PL\" \/>\n<meta property=\"og:type\" content=\"article\" \/>\n<meta property=\"og:title\" content=\"RingoSpin App na Mobile | iOS, Android\" \/>\n<meta property=\"og:description\" content=\"RingoSpin App \u2013 graj w kasynie na iOS i Android z p\u0142ynn\u0105 prac\u0105 i pe\u0142n\u0105 synchronizacj\u0105 konta. Dost\u0119p do slot\u00f3w, sto\u0142\u00f3w, jackpot\u00f3w i live casino w Ringo Spin.\" \/>\n<meta property=\"og:url\" content=\"https:\/\/ringospincasino.com\/pl\/aplikacja\/\" \/>\n<meta property=\"og:site_name\" content=\"Ringospin\" \/>\n<meta property=\"article:modified_time\" content=\"2026-02-04T08:23:11+00:00\" \/>\n<meta name=\"twitter:card\" content=\"summary_large_image\" \/>\n<meta name=\"twitter:label1\" content=\"Est. reading time\" \/>\n\t<meta name=\"twitter:data1\" content=\"1 minuta\" \/>\n<script type=\"application\/ld+json\" class=\"yoast-schema-graph\">{\"@context\":\"https:\/\/schema.org\",\"@graph\":[{\"@type\":\"WebPage\",\"@id\":\"https:\/\/ringospincasino.com\/pl\/aplikacja\/\",\"url\":\"https:\/\/ringospincasino.com\/pl\/aplikacja\/\",\"name\":\"RingoSpin App na Mobile | iOS, Android\",\"isPartOf\":{\"@id\":\"https:\/\/ringospincasino.com\/pl\/#website\"},\"datePublished\":\"2026-02-03T09:30:18+00:00\",\"dateModified\":\"2026-02-04T08:23:11+00:00\",\"description\":\"RingoSpin App \u2013 graj w kasynie na iOS i Android z p\u0142ynn\u0105 prac\u0105 i pe\u0142n\u0105 synchronizacj\u0105 konta. Dost\u0119p do slot\u00f3w, sto\u0142\u00f3w, jackpot\u00f3w i live casino w Ringo Spin.\",\"breadcrumb\":{\"@id\":\"https:\/\/ringospincasino.com\/pl\/aplikacja\/#breadcrumb\"},\"inLanguage\":\"pl-PL\",\"potentialAction\":[{\"@type\":\"ReadAction\",\"target\":[\"https:\/\/ringospincasino.com\/pl\/aplikacja\/\"]}]},{\"@type\":\"BreadcrumbList\",\"@id\":\"https:\/\/ringospincasino.com\/pl\/aplikacja\/#breadcrumb\",\"itemListElement\":[{\"@type\":\"ListItem\",\"position\":1,\"name\":\"Ringospin\",\"item\":\"https:\/\/ringospincasino.com\/pl\/\"},{\"@type\":\"ListItem\",\"position\":2,\"name\":\"Aplikacja\"}]},{\"@type\":\"WebSite\",\"@id\":\"https:\/\/ringospincasino.com\/pl\/#website\",\"url\":\"https:\/\/ringospincasino.com\/pl\/\",\"name\":\"Ringospin\",\"description\":\"\",\"publisher\":{\"@id\":\"https:\/\/ringospincasino.com\/pl\/#organization\"},\"potentialAction\":[{\"@type\":\"SearchAction\",\"target\":{\"@type\":\"EntryPoint\",\"urlTemplate\":\"https:\/\/ringospincasino.com\/pl\/?s={search_term_string}\"},\"query-input\":{\"@type\":\"PropertyValueSpecification\",\"valueRequired\":true,\"valueName\":\"search_term_string\"}}],\"inLanguage\":\"pl-PL\"},{\"@type\":\"Organization\",\"@id\":\"https:\/\/ringospincasino.com\/pl\/#organization\",\"name\":\"Ringospin\",\"url\":\"https:\/\/ringospincasino.com\/pl\/\",\"logo\":{\"@type\":\"ImageObject\",\"inLanguage\":\"pl-PL\",\"@id\":\"https:\/\/ringospincasino.com\/pl\/#\/schema\/logo\/image\/\",\"url\":\"https:\/\/ringospincasino.com\/wp-content\/uploads\/logo-ringospin.svg\",\"contentUrl\":\"https:\/\/ringospincasino.com\/wp-content\/uploads\/logo-ringospin.svg\",\"width\":139,\"height\":34,\"caption\":\"Ringospin\"},\"image\":{\"@id\":\"https:\/\/ringospincasino.com\/pl\/#\/schema\/logo\/image\/\"}}]}<\/script>\n<!-- \/ Yoast SEO plugin. -->","yoast_head_json":{"title":"RingoSpin App na Mobile | iOS, Android","description":"RingoSpin App \u2013 graj w kasynie na iOS i Android z p\u0142ynn\u0105 prac\u0105 i pe\u0142n\u0105 synchronizacj\u0105 konta. Dost\u0119p do slot\u00f3w, sto\u0142\u00f3w, jackpot\u00f3w i live casino w Ringo Spin.","robots":{"index":"index","follow":"follow","max-snippet":"max-snippet:-1","max-image-preview":"max-image-preview:large","max-video-preview":"max-video-preview:-1"},"canonical":"https:\/\/ringospincasino.com\/pl\/aplikacja\/","og_locale":"pl_PL","og_type":"article","og_title":"RingoSpin App na Mobile | iOS, Android","og_description":"RingoSpin App \u2013 graj w kasynie na iOS i Android z p\u0142ynn\u0105 prac\u0105 i pe\u0142n\u0105 synchronizacj\u0105 konta. Dost\u0119p do slot\u00f3w, sto\u0142\u00f3w, jackpot\u00f3w i live casino w Ringo Spin.","og_url":"https:\/\/ringospincasino.com\/pl\/aplikacja\/","og_site_name":"Ringospin","article_modified_time":"2026-02-04T08:23:11+00:00","twitter_card":"summary_large_image","twitter_misc":{"Est. reading time":"1 minuta"},"schema":{"@context":"https:\/\/schema.org","@graph":[{"@type":"WebPage","@id":"https:\/\/ringospincasino.com\/pl\/aplikacja\/","url":"https:\/\/ringospincasino.com\/pl\/aplikacja\/","name":"RingoSpin App na Mobile | iOS, Android","isPartOf":{"@id":"https:\/\/ringospincasino.com\/pl\/#website"},"datePublished":"2026-02-03T09:30:18+00:00","dateModified":"2026-02-04T08:23:11+00:00","description":"RingoSpin App \u2013 graj w kasynie na iOS i Android z p\u0142ynn\u0105 prac\u0105 i pe\u0142n\u0105 synchronizacj\u0105 konta. Dost\u0119p do slot\u00f3w, sto\u0142\u00f3w, jackpot\u00f3w i live casino w Ringo Spin.","breadcrumb":{"@id":"https:\/\/ringospincasino.com\/pl\/aplikacja\/#breadcrumb"},"inLanguage":"pl-PL","potentialAction":[{"@type":"ReadAction","target":["https:\/\/ringospincasino.com\/pl\/aplikacja\/"]}]},{"@type":"BreadcrumbList","@id":"https:\/\/ringospincasino.com\/pl\/aplikacja\/#breadcrumb","itemListElement":[{"@type":"ListItem","position":1,"name":"Ringospin","item":"https:\/\/ringospincasino.com\/pl\/"},{"@type":"ListItem","position":2,"name":"Aplikacja"}]},{"@type":"WebSite","@id":"https:\/\/ringospincasino.com\/pl\/#website","url":"https:\/\/ringospincasino.com\/pl\/","name":"Ringospin","description":"","publisher":{"@id":"https:\/\/ringospincasino.com\/pl\/#organization"},"potentialAction":[{"@type":"SearchAction","target":{"@type":"EntryPoint","urlTemplate":"https:\/\/ringospincasino.com\/pl\/?s={search_term_string}"},"query-input":{"@type":"PropertyValueSpecification","valueRequired":true,"valueName":"search_term_string"}}],"inLanguage":"pl-PL"},{"@type":"Organization","@id":"https:\/\/ringospincasino.com\/pl\/#organization","name":"Ringospin","url":"https:\/\/ringospincasino.com\/pl\/","logo":{"@type":"ImageObject","inLanguage":"pl-PL","@id":"https:\/\/ringospincasino.com\/pl\/#\/schema\/logo\/image\/","url":"https:\/\/ringospincasino.com\/wp-content\/uploads\/logo-ringospin.svg","contentUrl":"https:\/\/ringospincasino.com\/wp-content\/uploads\/logo-ringospin.svg","width":139,"height":34,"caption":"Ringospin"},"image":{"@id":"https:\/\/ringospincasino.com\/pl\/#\/schema\/logo\/image\/"}}]}},"_links":{"self":[{"href":"https:\/\/ringospincasino.com\/pl\/wp-json\/wp\/v2\/pages\/1431"}],"collection":[{"href":"https:\/\/ringospincasino.com\/pl\/wp-json\/wp\/v2\/pages"}],"about":[{"href":"https:\/\/ringospincasino.com\/pl\/wp-json\/wp\/v2\/types\/page"}],"author":[{"embeddable":true,"href":"https:\/\/ringospincasino.com\/pl\/wp-json\/wp\/v2\/users\/11"}],"replies":[{"embeddable":true,"href":"https:\/\/ringospincasino.com\/pl\/wp-json\/wp\/v2\/comments?post=1431"}],"version-history":[{"count":2,"href":"https:\/\/ringospincasino.com\/pl\/wp-json\/wp\/v2\/pages\/1431\/revisions"}],"predecessor-version":[{"id":1809,"href":"https:\/\/ringospincasino.com\/pl\/wp-json\/wp\/v2\/pages\/1431\/revisions\/1809"}],"wp:attachment":[{"href":"https:\/\/ringospincasino.com\/pl\/wp-json\/wp\/v2\/media?parent=1431"}],"curies":[{"name":"wp","href":"https:\/\/api.w.org\/{rel}","templated":true}]}}