{"id":1469,"date":"2026-02-03T09:50:35","date_gmt":"2026-02-03T09:50:35","guid":{"rendered":"https:\/\/ringospincasino.com\/login-and-registration\/"},"modified":"2026-02-04T08:14:30","modified_gmt":"2026-02-04T08:14:30","slug":"accesso-e-registrazione","status":"publish","type":"page","link":"https:\/\/ringospincasino.com\/it\/accesso-e-registrazione\/","title":{"rendered":"Accesso e registrazione"},"content":{"rendered":"<h1>Accesso e registrazione a RingoSpin<\/h1>\n<p>Il completamento della procedura di RingoSpin login \u00e8 consentito a tutti i nostri utenti italiani che hanno compiuto 18 anni. Un&#8217;altra regola prevede che sia possibile avere un solo account sulla nostra piattaforma. Le procedure di registrazione e accesso sono semplici e richiedono informazioni personali standard, come indirizzo e-mail e password. Per rendere il profilo ancora pi\u00f9 sicuro, gli utenti possono abilitare l&#8217;autenticazione a due fattori.<\/p>\n<p><div class=\"banner-wrap\" aria-label=\"Banner\"><img src=\"https:\/\/ringospincasino.com\/wp-content\/uploads\/Ringospin-banner-carousel-932\u0445400-4.webp\" class=\"w-100 d-none d-lg-block img-pc main-banner-img\" alt=\"Ringospin banner desktop\" fetchpriority=\"high\" decoding=\"async\"><img src=\"https:\/\/ringospincasino.com\/wp-content\/uploads\/Group-376223.webp\" class=\"w-100 d-none d-md-block d-lg-none main-banner-img\" alt=\"Ringospin banner tablet\" fetchpriority=\"high\" decoding=\"async\"><img src=\"https:\/\/ringospincasino.com\/wp-content\/uploads\/Group-376223.webp\" class=\"w-100 d-md-none\" alt=\"Ringospin banner tablet\" fetchpriority=\"high\" decoding=\"async\"><div class=\"banner-description\">\n<div class=\"banner-title\">Bonus di benvenuto<\/div>\n<p class=\"banner-header-title\">1500 \u20ac<\/p>\n<div class=\"banner-header-AdditionalText\">+ 250 Giri gratuiti<\/div>\n<button data-item=\"homepage_banner_link\" class=\"goto m-button m-gradient-border m-button--primary m-button--large banner-button btn-orange\">\n            <div class=\"m-button-content\">\n                <span>Iscriviti ora<\/span>\n                <span><\/span>\n            <\/div>\n        <\/button>\n<\/div>\n<div class=\"WelcomePack\">\n<p><img loading=\"lazy\" decoding=\"async\" class=\"alignnone size-full wp-image-1520\" src=\"https:\/\/ringospincasino.com\/wp-content\/uploads\/welcome-crown-1.svg\" alt=\"welcome crown\" width=\"25\" height=\"26\" \/><\/p>\n<div class=\"WelcomePack-Info\">Cashback settimanale fino al 25%<\/div>\n<p><img loading=\"lazy\" decoding=\"async\" class=\"alignnone size-full wp-image-1520\" src=\"https:\/\/ringospincasino.com\/wp-content\/uploads\/welcome-crown-1.svg\" alt=\"welcome crown\" width=\"25\" height=\"26\" \/><\/p>\n<\/div>\n<\/div><div class=\"scrollable-content-wrap my-5\"><div class=\"scrollable-content-inner\"><h2>Procedura di registrazione su RingoSpin<\/h2>\n<p>Il requisito principale per iniziare a giocare con denaro reale e accedere a tutte le altre funzionalit\u00e0 disponibili su Ringo Spin Casino \u00e8 registrare un account. \u00c8 comunque possibile provare alcuni titoli in modalit\u00e0 demo senza un profilo. In questo caso, per\u00f2, si gioca con monete virtuali e non \u00e8 possibile prelevare le potenziali vincite.<\/p>\n<p>Il completamento della procedura di registrazione richieder\u00e0 non pi\u00f9 di 3 minuti. Se ti trovi ora di fronte a questo importante passo, segui le nostre istruzioni qui sotto per completarlo rapidamente e senza problemi:<\/p>\n<ol>\n<li>Vai alla sezione di registrazione cliccando sul pulsante nell&#8217;angolo in alto a destra.<\/li>\n<li>Inserisci la tua email e crea una password sicura. Deve contenere almeno 6 simboli.<\/li>\n<li>Se hai un codice promozionale, puoi inserirlo in questa fase per ottenere un premio aggiuntivo.<\/li>\n<li>Accetta i termini e le condizioni della piattaforma e conferma la tua et\u00e0 (18 anni o pi\u00f9).<\/li>\n<li>Clicca sul pulsante alla fine del modulo di registrazione dopo aver controllato tutte le informazioni inserite.<\/li>\n<\/ol>\n<p>Per una registrazione pi\u00f9 rapida su Ringo Spin, i giocatori possono utilizzare il pulsante &#8220;Google&#8221; nel modulo di registrazione. In questo caso, dovrai accedere al tuo account Google e noi utilizzeremo automaticamente i tuoi dati personali da l\u00ec.<\/p>\n<h3>Gestione dei dati personali e altre funzionalit\u00e0<\/h3>\n<p>Oltre a molti giochi, bonus, pagamenti e un team di assistenza, avrai anche accesso a molte impostazioni e strumenti interessanti che renderanno la tua esperienza di gioco pi\u00f9 piacevole e personalizzata. La tabella seguente fornisce ulteriori informazioni su tutte le fantastiche funzionalit\u00e0 che si possono trovare nell&#8217;account RingoSpin Casino.<\/p>\n<table>\n<tbody>\n<tr>\n<td>Funzionalit\u00e0<\/td>\n<td>Dettagli<\/td>\n<\/tr>\n<tr>\n<td>Cronologia delle attivit\u00e0<\/td>\n<td>Riceverai un rapporto completo sul tempo trascorso sulla piattaforma, inclusi bonus, depositi, scommesse, vincite e perdite.<\/td>\n<\/tr>\n<tr>\n<td>Strumenti per il gioco responsabile<\/td>\n<td>Gli utenti possono impostare in qualsiasi momento strumenti di controllo del tempo, finanziari (depositi, scommesse, perdite) e di autoesclusione.<\/td>\n<\/tr>\n<tr>\n<td>Gestione dei dati<\/td>\n<td>Dopo aver effettuato l&#8217;accesso a RingoSpin, puoi modificare le tue informazioni personali e di pagamento.<\/td>\n<\/tr>\n<tr>\n<td>Programma di affiliazione<\/td>\n<td>Qui troverai il tuo link di affiliazione personale e potrai verificarne i progressi.<\/td>\n<\/tr>\n<\/tbody>\n<\/table>\n<h2>Passaggi per l&#8217;accesso a RingoSpin<\/h2>\n<p>Per tutti gli utenti che hanno gi\u00e0 visitato il nostro sito e dispongono di un account, \u00e8 sufficiente completare il login su RingoSpin. In questa fase, dovrai fornire l&#8217;indirizzo e-mail e la password che hai creato al momento della registrazione.<\/p>\n<p>Ti chiederemo di inserire le tue informazioni personali, come il tuo nome completo, la data di nascita e il numero di telefono, per prepararti a tutti i giochi e i bonus disponibili su RingoSpin Casino. \u00c8 importante che tu ci fornisca dati reali, poich\u00e9 questi saranno verificati in seguito durante il processo di verifica KYC.<\/p>\n<h3>Verifica di RingoSpin Casino<\/h3>\n<p>Il processo di verifica fa parte del nostro programma di sicurezza. Ci aiuta a mantenere una piattaforma sicura con un gioco corretto. Prima di effettuare il primo prelievo, a tutti gli utenti verr\u00e0 chiesto di caricare le foto dei propri documenti personali. Questi devono provare la tua identit\u00e0, et\u00e0, indirizzo di residenza e titolarit\u00e0 del conto di pagamento. Dopo questo passaggio, i nostri responsabili esamineranno tutti i documenti caricati entro 48 ore. Riceverai una notifica e un&#8217;e-mail sullo stato della tua verifica.<\/p>\n<h3>Accesso all&#8217;account<\/h3>\n<p>I giocatori possono accedere ai propri account su qualsiasi piattaforma e dispositivo. Google Chrome, Safari e altri browser sono disponibili per l&#8217;accesso a RingoSpin. Offriamo inoltre a tutti i nostri clienti la possibilit\u00e0 di provare la versione mobile e l&#8217;app dedicata per Android e iOS. Utilizza lo stesso account per tutte le piattaforme in modo che i tuoi dati personali, il saldo e i risultati siano sincronizzati su tutte le piattaforme.<\/p>\n<p>Se hai dimenticato la password, non c&#8217;\u00e8 alcun problema. Nella pagina di accesso al casin\u00f2 RingoSpin \u00e8 presente un link speciale, &#8220;Hai dimenticato la password?&#8221;, che puoi seguire per reimpostarla. L&#8217;utente ricever\u00e0 un link speciale via e-mail per creare una nuova password.<\/p>\n<h2>Domande frequenti<\/h2>\n<h3>Posso accedere da pi\u00f9 dispositivi?<\/h3>\n<p>\u00c8 necessario utilizzare lo stesso account per accedere a Ringo Spin da qualsiasi dispositivo. La nostra piattaforma consente a ogni persona di avere un solo profilo. Non preoccuparti, dopo aver effettuato l&#8217;accesso, tutte le tue preferenze e il tuo saldo saranno sincronizzati.<\/p>\n<h3>L&#8217;accesso a Ringo Spin \u00e8 sicuro?<\/h3>\n<p>Adottiamo tutte le misure di sicurezza necessarie per proteggere i tuoi dati. Queste includono la crittografia TLS 1.3, lo scambio sicuro delle chiavi e politiche rigorose in materia di password. Se desideri saperne di pi\u00f9 sulla sicurezza del tuo account, contatta il nostro team di assistenza multilingue tramite live chat o e-mail.<\/p>\n<h3>Perch\u00e9 devo verificare il mio account prima di effettuare l&#8217;accesso?<\/h3>\n<p>Il processo di verifica deve essere completato prima del primo prelievo. Si tratta di una procedura essenziale che ci consente di accertare che tu sia una persona reale, di et\u00e0 superiore ai 18 anni, che utilizza i propri fondi per giocare sulla nostra piattaforma.<\/p>\n<\/div><\/div><\/p>\n","protected":false},"excerpt":{"rendered":"<p>Accesso e registrazione a RingoSpin Il completamento della procedura di RingoSpin login \u00e8 consentito a tutti i nostri utenti italiani che hanno compiuto 18 anni. Un&#8217;altra regola prevede che sia possibile avere un solo account sulla nostra piattaforma. Le procedure di registrazione e accesso sono semplici e richiedono informazioni personali standard, come indirizzo e-mail e [&hellip;]<\/p>\n","protected":false},"author":11,"featured_media":0,"parent":0,"menu_order":0,"comment_status":"closed","ping_status":"closed","template":"template-builder.php","meta":{"_acf_changed":false,"inline_featured_image":false,"footnotes":""},"class_list":["post-1469","page","type-page","status-publish","hentry"],"acf":[],"yoast_head":"<!-- This site is optimized with the Yoast SEO plugin v24.4 - https:\/\/yoast.com\/wordpress\/plugins\/seo\/ -->\n<title>RingoSpin Login &amp; Registrazione | Accesso Sicuro<\/title>\n<meta name=\"description\" content=\"RingoSpin Login \u2013 accedi in modo sicuro o crea un nuovo account con accesso protetto. Gestisci recupero password, verifica e impostazioni profilo su Ringo Spin.\" \/>\n<meta name=\"robots\" content=\"index, follow, max-snippet:-1, max-image-preview:large, max-video-preview:-1\" \/>\n<link rel=\"canonical\" href=\"https:\/\/ringospincasino.com\/it\/accesso-e-registrazione\/\" \/>\n<meta property=\"og:locale\" content=\"it_IT\" \/>\n<meta property=\"og:type\" content=\"article\" \/>\n<meta property=\"og:title\" content=\"RingoSpin Login &amp; Registrazione | Accesso Sicuro\" \/>\n<meta property=\"og:description\" content=\"RingoSpin Login \u2013 accedi in modo sicuro o crea un nuovo account con accesso protetto. Gestisci recupero password, verifica e impostazioni profilo su Ringo Spin.\" \/>\n<meta property=\"og:url\" content=\"https:\/\/ringospincasino.com\/it\/accesso-e-registrazione\/\" \/>\n<meta property=\"og:site_name\" content=\"Ringospin\" \/>\n<meta property=\"article:modified_time\" content=\"2026-02-04T08:14:30+00:00\" \/>\n<meta name=\"twitter:card\" content=\"summary_large_image\" \/>\n<meta name=\"twitter:label1\" content=\"Est. reading time\" \/>\n\t<meta name=\"twitter:data1\" content=\"1 minuto\" \/>\n<script type=\"application\/ld+json\" class=\"yoast-schema-graph\">{\"@context\":\"https:\/\/schema.org\",\"@graph\":[{\"@type\":\"WebPage\",\"@id\":\"https:\/\/ringospincasino.com\/it\/accesso-e-registrazione\/\",\"url\":\"https:\/\/ringospincasino.com\/it\/accesso-e-registrazione\/\",\"name\":\"RingoSpin Login & Registrazione | Accesso Sicuro\",\"isPartOf\":{\"@id\":\"https:\/\/ringospincasino.com\/it\/#website\"},\"datePublished\":\"2026-02-03T09:50:35+00:00\",\"dateModified\":\"2026-02-04T08:14:30+00:00\",\"description\":\"RingoSpin Login \u2013 accedi in modo sicuro o crea un nuovo account con accesso protetto. Gestisci recupero password, verifica e impostazioni profilo su Ringo Spin.\",\"breadcrumb\":{\"@id\":\"https:\/\/ringospincasino.com\/it\/accesso-e-registrazione\/#breadcrumb\"},\"inLanguage\":\"it-IT\",\"potentialAction\":[{\"@type\":\"ReadAction\",\"target\":[\"https:\/\/ringospincasino.com\/it\/accesso-e-registrazione\/\"]}]},{\"@type\":\"BreadcrumbList\",\"@id\":\"https:\/\/ringospincasino.com\/it\/accesso-e-registrazione\/#breadcrumb\",\"itemListElement\":[{\"@type\":\"ListItem\",\"position\":1,\"name\":\"Ringospin\",\"item\":\"https:\/\/ringospincasino.com\/it\/\"},{\"@type\":\"ListItem\",\"position\":2,\"name\":\"Accesso e registrazione\"}]},{\"@type\":\"WebSite\",\"@id\":\"https:\/\/ringospincasino.com\/it\/#website\",\"url\":\"https:\/\/ringospincasino.com\/it\/\",\"name\":\"Ringospin\",\"description\":\"\",\"publisher\":{\"@id\":\"https:\/\/ringospincasino.com\/it\/#organization\"},\"potentialAction\":[{\"@type\":\"SearchAction\",\"target\":{\"@type\":\"EntryPoint\",\"urlTemplate\":\"https:\/\/ringospincasino.com\/it\/?s={search_term_string}\"},\"query-input\":{\"@type\":\"PropertyValueSpecification\",\"valueRequired\":true,\"valueName\":\"search_term_string\"}}],\"inLanguage\":\"it-IT\"},{\"@type\":\"Organization\",\"@id\":\"https:\/\/ringospincasino.com\/it\/#organization\",\"name\":\"Ringospin\",\"url\":\"https:\/\/ringospincasino.com\/it\/\",\"logo\":{\"@type\":\"ImageObject\",\"inLanguage\":\"it-IT\",\"@id\":\"https:\/\/ringospincasino.com\/it\/#\/schema\/logo\/image\/\",\"url\":\"https:\/\/ringospincasino.com\/wp-content\/uploads\/logo-ringospin.svg\",\"contentUrl\":\"https:\/\/ringospincasino.com\/wp-content\/uploads\/logo-ringospin.svg\",\"width\":139,\"height\":34,\"caption\":\"Ringospin\"},\"image\":{\"@id\":\"https:\/\/ringospincasino.com\/it\/#\/schema\/logo\/image\/\"}}]}<\/script>\n<!-- \/ Yoast SEO plugin. -->","yoast_head_json":{"title":"RingoSpin Login & Registrazione | Accesso Sicuro","description":"RingoSpin Login \u2013 accedi in modo sicuro o crea un nuovo account con accesso protetto. Gestisci recupero password, verifica e impostazioni profilo su Ringo Spin.","robots":{"index":"index","follow":"follow","max-snippet":"max-snippet:-1","max-image-preview":"max-image-preview:large","max-video-preview":"max-video-preview:-1"},"canonical":"https:\/\/ringospincasino.com\/it\/accesso-e-registrazione\/","og_locale":"it_IT","og_type":"article","og_title":"RingoSpin Login & Registrazione | Accesso Sicuro","og_description":"RingoSpin Login \u2013 accedi in modo sicuro o crea un nuovo account con accesso protetto. Gestisci recupero password, verifica e impostazioni profilo su Ringo Spin.","og_url":"https:\/\/ringospincasino.com\/it\/accesso-e-registrazione\/","og_site_name":"Ringospin","article_modified_time":"2026-02-04T08:14:30+00:00","twitter_card":"summary_large_image","twitter_misc":{"Est. reading time":"1 minuto"},"schema":{"@context":"https:\/\/schema.org","@graph":[{"@type":"WebPage","@id":"https:\/\/ringospincasino.com\/it\/accesso-e-registrazione\/","url":"https:\/\/ringospincasino.com\/it\/accesso-e-registrazione\/","name":"RingoSpin Login & Registrazione | Accesso Sicuro","isPartOf":{"@id":"https:\/\/ringospincasino.com\/it\/#website"},"datePublished":"2026-02-03T09:50:35+00:00","dateModified":"2026-02-04T08:14:30+00:00","description":"RingoSpin Login \u2013 accedi in modo sicuro o crea un nuovo account con accesso protetto. Gestisci recupero password, verifica e impostazioni profilo su Ringo Spin.","breadcrumb":{"@id":"https:\/\/ringospincasino.com\/it\/accesso-e-registrazione\/#breadcrumb"},"inLanguage":"it-IT","potentialAction":[{"@type":"ReadAction","target":["https:\/\/ringospincasino.com\/it\/accesso-e-registrazione\/"]}]},{"@type":"BreadcrumbList","@id":"https:\/\/ringospincasino.com\/it\/accesso-e-registrazione\/#breadcrumb","itemListElement":[{"@type":"ListItem","position":1,"name":"Ringospin","item":"https:\/\/ringospincasino.com\/it\/"},{"@type":"ListItem","position":2,"name":"Accesso e registrazione"}]},{"@type":"WebSite","@id":"https:\/\/ringospincasino.com\/it\/#website","url":"https:\/\/ringospincasino.com\/it\/","name":"Ringospin","description":"","publisher":{"@id":"https:\/\/ringospincasino.com\/it\/#organization"},"potentialAction":[{"@type":"SearchAction","target":{"@type":"EntryPoint","urlTemplate":"https:\/\/ringospincasino.com\/it\/?s={search_term_string}"},"query-input":{"@type":"PropertyValueSpecification","valueRequired":true,"valueName":"search_term_string"}}],"inLanguage":"it-IT"},{"@type":"Organization","@id":"https:\/\/ringospincasino.com\/it\/#organization","name":"Ringospin","url":"https:\/\/ringospincasino.com\/it\/","logo":{"@type":"ImageObject","inLanguage":"it-IT","@id":"https:\/\/ringospincasino.com\/it\/#\/schema\/logo\/image\/","url":"https:\/\/ringospincasino.com\/wp-content\/uploads\/logo-ringospin.svg","contentUrl":"https:\/\/ringospincasino.com\/wp-content\/uploads\/logo-ringospin.svg","width":139,"height":34,"caption":"Ringospin"},"image":{"@id":"https:\/\/ringospincasino.com\/it\/#\/schema\/logo\/image\/"}}]}},"_links":{"self":[{"href":"https:\/\/ringospincasino.com\/it\/wp-json\/wp\/v2\/pages\/1469"}],"collection":[{"href":"https:\/\/ringospincasino.com\/it\/wp-json\/wp\/v2\/pages"}],"about":[{"href":"https:\/\/ringospincasino.com\/it\/wp-json\/wp\/v2\/types\/page"}],"author":[{"embeddable":true,"href":"https:\/\/ringospincasino.com\/it\/wp-json\/wp\/v2\/users\/11"}],"replies":[{"embeddable":true,"href":"https:\/\/ringospincasino.com\/it\/wp-json\/wp\/v2\/comments?post=1469"}],"version-history":[{"count":2,"href":"https:\/\/ringospincasino.com\/it\/wp-json\/wp\/v2\/pages\/1469\/revisions"}],"predecessor-version":[{"id":1803,"href":"https:\/\/ringospincasino.com\/it\/wp-json\/wp\/v2\/pages\/1469\/revisions\/1803"}],"wp:attachment":[{"href":"https:\/\/ringospincasino.com\/it\/wp-json\/wp\/v2\/media?parent=1469"}],"curies":[{"name":"wp","href":"https:\/\/api.w.org\/{rel}","templated":true}]}}