{"id":1441,"date":"2026-02-03T09:43:21","date_gmt":"2026-02-03T09:43:21","guid":{"rendered":"https:\/\/ringospincasino.com\/bonus\/"},"modified":"2026-02-04T07:58:19","modified_gmt":"2026-02-04T07:58:19","slug":"bonus","status":"publish","type":"page","link":"https:\/\/ringospincasino.com\/it\/bonus\/","title":{"rendered":"Bonus"},"content":{"rendered":"<h1>Bonus RingoSpin<\/h1>\n<p>Utilizzare un casin\u00f2 online significa non solo vincere, ma anche ottenere ricompense aggiuntive dalle promozioni. Ecco perch\u00e9 la collezione di RingoSpin bonus offre generose offerte per tutti i tipi di giocatori italiani. Puoi ottenere giri gratuiti, fondi bonus e round aggiuntivi. Tutti i nuovi utenti ricevono automaticamente il pacchetto di benvenuto fino a 1.500 \u20ac + 250 giri gratuiti. E questo \u00e8 solo l&#8217;inizio del tuo redditizio viaggio al casin\u00f2 RingoSpin.<\/p>\n<p><div class=\"banner-wrap\" aria-label=\"Banner\"><img src=\"https:\/\/ringospincasino.com\/wp-content\/uploads\/Ringospin-banner-carousel-932\u0445400-4.webp\" class=\"w-100 d-none d-lg-block img-pc main-banner-img\" alt=\"Ringospin banner desktop\" fetchpriority=\"high\" decoding=\"async\"><img src=\"https:\/\/ringospincasino.com\/wp-content\/uploads\/Group-376223.webp\" class=\"w-100 d-none d-md-block d-lg-none main-banner-img\" alt=\"Ringospin banner tablet\" fetchpriority=\"high\" decoding=\"async\"><img src=\"https:\/\/ringospincasino.com\/wp-content\/uploads\/Group-376223.webp\" class=\"w-100 d-md-none\" alt=\"Ringospin banner tablet\" fetchpriority=\"high\" decoding=\"async\"><div class=\"banner-description\">\n<div class=\"banner-title\">Bonus di benvenuto<\/div>\n<p class=\"banner-header-title\">1500 \u20ac<\/p>\n<div class=\"banner-header-AdditionalText\">+ 250 Giri gratuiti<\/div>\n<button data-item=\"homepage_banner_link\" class=\"goto m-button m-gradient-border m-button--primary m-button--large banner-button btn-orange\">\n            <div class=\"m-button-content\">\n                <span>Iscriviti ora<\/span>\n                <span><\/span>\n            <\/div>\n        <\/button>\n<\/div>\n<div class=\"WelcomePack\">\n<p><img loading=\"lazy\" decoding=\"async\" class=\"alignnone size-full wp-image-1520\" src=\"https:\/\/ringospincasino.com\/wp-content\/uploads\/welcome-crown-1.svg\" alt=\"welcome crown\" width=\"25\" height=\"26\" \/><\/p>\n<div class=\"WelcomePack-Info\">Cashback settimanale fino al 25%<\/div>\n<p><img loading=\"lazy\" decoding=\"async\" class=\"alignnone size-full wp-image-1520\" src=\"https:\/\/ringospincasino.com\/wp-content\/uploads\/welcome-crown-1.svg\" alt=\"welcome crown\" width=\"25\" height=\"26\" \/><\/p>\n<\/div>\n<\/div><div class=\"promotions-wrap\"><div class=\"promotion-card\" style=\"background-image: url(https:\/\/ringospincasino.com\/wp-content\/uploads\/Ringospin-promocards-300\u0445300-2.webp);\"><h2 class=\"promotion-card__title\">Offerta sul primo deposito<\/h2><label class=\"promotion-card__offer\">100% fino a 500 \u20ac + 150 giri gratuiti<\/label><label class=\"promotion-card__description\"><\/label><div class=\"promotion-card__actions\"><button data-item=\"payments_link\" data-group=\"website_links\" class=\"goto btn btn-orange rounded-pill fw-bold px-4 m-button m-gradient-border m-button--primary m-button--large promotion-button promotion-card__action-btn\" aria-label=\"Iscriviti\"><div class=\"m-button-content\"><span class=\"promotion-button__content\">Iscriviti<\/span><\/div><\/button><button data-item=\"http:\/\/bonus_link\" data-group=\"website_links\" class=\"goto m-button m-gradient-border m-button--secondary m-button--medium promotion-card__info-btn\" aria-label=\"More information\"><div class=\"m-button-content\"><svg viewBox=\"0 0 24 24\" fill=\"none\" xmlns=\"http:\/\/www.w3.org\/2000\/svg\" class=\"m-icon m-icon-loadable\" name=\"Attention\" loading=\"false\" aria-hidden=\"true\"><path d=\"M12 22C6.477 22 2 17.522 2 12S6.477 2 12 2s10 4.478 10 10-4.477 10-10 10m-.002-13.004a.999.999 0 1 0 0-1.997.999.999 0 0 0 0 1.997M12 17a1 1 0 0 0 .993-.884L13 16l-.002-5.001-.007-.117a1 1 0 0 0-1.986 0l-.007.117L11 16l.007.117A1 1 0 0 0 12 17\" fill=\"currentColor\"><\/path><\/svg><\/div><\/button><\/div><\/div><div class=\"promotion-card\" style=\"background-image: url(https:\/\/ringospincasino.com\/wp-content\/uploads\/Ringospin-promocards-300\u0445300-4.webp);\"><h2 class=\"promotion-card__title\">Offerta sul secondo deposito<\/h2><label class=\"promotion-card__offer\">55% fino a 500 \u20ac + 100 giri gratuiti<\/label><label class=\"promotion-card__description\"><\/label><div class=\"promotion-card__actions\"><button data-item=\"payments_link\" data-group=\"website_links\" class=\"goto btn btn-orange rounded-pill fw-bold px-4 m-button m-gradient-border m-button--primary m-button--large promotion-button promotion-card__action-btn\" aria-label=\"Iscriviti\"><div class=\"m-button-content\"><span class=\"promotion-button__content\">Iscriviti<\/span><\/div><\/button><button data-item=\"http:\/\/bonus_link\" data-group=\"website_links\" class=\"goto m-button m-gradient-border m-button--secondary m-button--medium promotion-card__info-btn\" aria-label=\"More information\"><div class=\"m-button-content\"><svg viewBox=\"0 0 24 24\" fill=\"none\" xmlns=\"http:\/\/www.w3.org\/2000\/svg\" class=\"m-icon m-icon-loadable\" name=\"Attention\" loading=\"false\" aria-hidden=\"true\"><path d=\"M12 22C6.477 22 2 17.522 2 12S6.477 2 12 2s10 4.478 10 10-4.477 10-10 10m-.002-13.004a.999.999 0 1 0 0-1.997.999.999 0 0 0 0 1.997M12 17a1 1 0 0 0 .993-.884L13 16l-.002-5.001-.007-.117a1 1 0 0 0-1.986 0l-.007.117L11 16l.007.117A1 1 0 0 0 12 17\" fill=\"currentColor\"><\/path><\/svg><\/div><\/button><\/div><\/div><div class=\"promotion-card\" style=\"background-image: url(https:\/\/ringospincasino.com\/wp-content\/uploads\/Ringospin-promocards-300\u0445300-5.webp);\"><h2 class=\"promotion-card__title\">Offerta sul terzo deposito<\/h2><label class=\"promotion-card__offer\">100% fino a 500 \u20ac<\/label><label class=\"promotion-card__description\"><\/label><div class=\"promotion-card__actions\"><button data-item=\"payments_link\" data-group=\"website_links\" class=\"goto btn btn-orange rounded-pill fw-bold px-4 m-button m-gradient-border m-button--primary m-button--large promotion-button promotion-card__action-btn\" aria-label=\"Iscriviti\"><div class=\"m-button-content\"><span class=\"promotion-button__content\">Iscriviti<\/span><\/div><\/button><button data-item=\"http:\/\/bonus_link\" data-group=\"website_links\" class=\"goto m-button m-gradient-border m-button--secondary m-button--medium promotion-card__info-btn\" aria-label=\"More information\"><div class=\"m-button-content\"><svg viewBox=\"0 0 24 24\" fill=\"none\" xmlns=\"http:\/\/www.w3.org\/2000\/svg\" class=\"m-icon m-icon-loadable\" name=\"Attention\" loading=\"false\" aria-hidden=\"true\"><path d=\"M12 22C6.477 22 2 17.522 2 12S6.477 2 12 2s10 4.478 10 10-4.477 10-10 10m-.002-13.004a.999.999 0 1 0 0-1.997.999.999 0 0 0 0 1.997M12 17a1 1 0 0 0 .993-.884L13 16l-.002-5.001-.007-.117a1 1 0 0 0-1.986 0l-.007.117L11 16l.007.117A1 1 0 0 0 12 17\" fill=\"currentColor\"><\/path><\/svg><\/div><\/button><\/div><\/div><div class=\"promotion-card\" style=\"background-image: url(https:\/\/ringospincasino.com\/wp-content\/uploads\/Ringospin-promocards-300\u0445300-11.webp);\"><h2 class=\"promotion-card__title\">Cashback<\/h2><label class=\"promotion-card__offer\">fino al 25%<\/label><label class=\"promotion-card__description\"><\/label><div class=\"promotion-card__actions\"><button data-item=\"payments_link\" data-group=\"website_links\" class=\"goto btn btn-orange rounded-pill fw-bold px-4 m-button m-gradient-border m-button--primary m-button--large promotion-button promotion-card__action-btn\" aria-label=\"Iscriviti\"><div class=\"m-button-content\"><span class=\"promotion-button__content\">Iscriviti<\/span><\/div><\/button><button data-item=\"http:\/\/bonus_link\" data-group=\"website_links\" class=\"goto m-button m-gradient-border m-button--secondary m-button--medium promotion-card__info-btn\" aria-label=\"More information\"><div class=\"m-button-content\"><svg viewBox=\"0 0 24 24\" fill=\"none\" xmlns=\"http:\/\/www.w3.org\/2000\/svg\" class=\"m-icon m-icon-loadable\" name=\"Attention\" loading=\"false\" aria-hidden=\"true\"><path d=\"M12 22C6.477 22 2 17.522 2 12S6.477 2 12 2s10 4.478 10 10-4.477 10-10 10m-.002-13.004a.999.999 0 1 0 0-1.997.999.999 0 0 0 0 1.997M12 17a1 1 0 0 0 .993-.884L13 16l-.002-5.001-.007-.117a1 1 0 0 0-1.986 0l-.007.117L11 16l.007.117A1 1 0 0 0 12 17\" fill=\"currentColor\"><\/path><\/svg><\/div><\/button><\/div><\/div><div class=\"promotion-card\" style=\"background-image: url(https:\/\/ringospincasino.com\/wp-content\/uploads\/Ringospin-promocards-300\u0445300-3.webp);\"><h2 class=\"promotion-card__title\">Sistema di rakeback<\/h2><label class=\"promotion-card__offer\">fino al 17%<\/label><label class=\"promotion-card__description\"><\/label><div class=\"promotion-card__actions\"><button data-item=\"payments_link\" data-group=\"website_links\" class=\"goto btn btn-orange rounded-pill fw-bold px-4 m-button m-gradient-border m-button--primary m-button--large promotion-button promotion-card__action-btn\" aria-label=\"Iscriviti\"><div class=\"m-button-content\"><span class=\"promotion-button__content\">Iscriviti<\/span><\/div><\/button><button data-item=\"http:\/\/bonus_link\" data-group=\"website_links\" class=\"goto m-button m-gradient-border m-button--secondary m-button--medium promotion-card__info-btn\" aria-label=\"More information\"><div class=\"m-button-content\"><svg viewBox=\"0 0 24 24\" fill=\"none\" xmlns=\"http:\/\/www.w3.org\/2000\/svg\" class=\"m-icon m-icon-loadable\" name=\"Attention\" loading=\"false\" aria-hidden=\"true\"><path d=\"M12 22C6.477 22 2 17.522 2 12S6.477 2 12 2s10 4.478 10 10-4.477 10-10 10m-.002-13.004a.999.999 0 1 0 0-1.997.999.999 0 0 0 0 1.997M12 17a1 1 0 0 0 .993-.884L13 16l-.002-5.001-.007-.117a1 1 0 0 0-1.986 0l-.007.117L11 16l.007.117A1 1 0 0 0 12 17\" fill=\"currentColor\"><\/path><\/svg><\/div><\/button><\/div><\/div><div class=\"promotion-card\" style=\"background-image: url(https:\/\/ringospincasino.com\/wp-content\/uploads\/Ringospin-promocards-300\u0445300.webp);\"><h2 class=\"promotion-card__title\">Ricarica domenicale<\/h2><label class=\"promotion-card__offer\">25% fino a 100 \u20ac<\/label><label class=\"promotion-card__description\"><\/label><div class=\"promotion-card__actions\"><button data-item=\"payments_link\" data-group=\"website_links\" class=\"goto btn btn-orange rounded-pill fw-bold px-4 m-button m-gradient-border m-button--primary m-button--large promotion-button promotion-card__action-btn\" aria-label=\"Iscriviti\"><div class=\"m-button-content\"><span class=\"promotion-button__content\">Iscriviti<\/span><\/div><\/button><button data-item=\"http:\/\/bonus_link\" data-group=\"website_links\" class=\"goto m-button m-gradient-border m-button--secondary m-button--medium promotion-card__info-btn\" aria-label=\"More information\"><div class=\"m-button-content\"><svg viewBox=\"0 0 24 24\" fill=\"none\" xmlns=\"http:\/\/www.w3.org\/2000\/svg\" class=\"m-icon m-icon-loadable\" name=\"Attention\" loading=\"false\" aria-hidden=\"true\"><path d=\"M12 22C6.477 22 2 17.522 2 12S6.477 2 12 2s10 4.478 10 10-4.477 10-10 10m-.002-13.004a.999.999 0 1 0 0-1.997.999.999 0 0 0 0 1.997M12 17a1 1 0 0 0 .993-.884L13 16l-.002-5.001-.007-.117a1 1 0 0 0-1.986 0l-.007.117L11 16l.007.117A1 1 0 0 0 12 17\" fill=\"currentColor\"><\/path><\/svg><\/div><\/button><\/div><\/div><div class=\"promotion-card\" style=\"background-image: url(https:\/\/ringospincasino.com\/wp-content\/uploads\/silver-Ringospin-promocards-300\u0445300.webp);\"><h2 class=\"promotion-card__title\">Offerta high roller<\/h2><label class=\"promotion-card__offer\">50% fino a 500 \u20ac<\/label><label class=\"promotion-card__description\"><\/label><div class=\"promotion-card__actions\"><button data-item=\"payments_link\" data-group=\"website_links\" class=\"goto btn btn-orange rounded-pill fw-bold px-4 m-button m-gradient-border m-button--primary m-button--large promotion-button promotion-card__action-btn\" aria-label=\"Iscriviti\"><div class=\"m-button-content\"><span class=\"promotion-button__content\">Iscriviti<\/span><\/div><\/button><button data-item=\"http:\/\/bonus_link\" data-group=\"website_links\" class=\"goto m-button m-gradient-border m-button--secondary m-button--medium promotion-card__info-btn\" aria-label=\"More information\"><div class=\"m-button-content\"><svg viewBox=\"0 0 24 24\" fill=\"none\" xmlns=\"http:\/\/www.w3.org\/2000\/svg\" class=\"m-icon m-icon-loadable\" name=\"Attention\" loading=\"false\" aria-hidden=\"true\"><path d=\"M12 22C6.477 22 2 17.522 2 12S6.477 2 12 2s10 4.478 10 10-4.477 10-10 10m-.002-13.004a.999.999 0 1 0 0-1.997.999.999 0 0 0 0 1.997M12 17a1 1 0 0 0 .993-.884L13 16l-.002-5.001-.007-.117a1 1 0 0 0-1.986 0l-.007.117L11 16l.007.117A1 1 0 0 0 12 17\" fill=\"currentColor\"><\/path><\/svg><\/div><\/button><\/div><\/div><\/div><div class=\"scrollable-content-wrap my-5\"><div class=\"scrollable-content-inner\"><h2>Offerte bonus RingoSpin<\/h2>\n<p>Ci sono molti modi per ottenere vantaggi aggiuntivi mentre esplori Ringo Spin Casino. Abbiamo opzioni per gusti e budget diversi. Ci sono promozioni temporanee e bonus stagionali dedicati alle festivit\u00e0 o agli eventi speciali. Attualmente, sul nostro sito web troverai le seguenti opzioni:<\/p>\n<ul>\n<li>Cashback settimanale fino al 25%<\/li>\n<li>Offerta Highroller del 50% fino a 500 \u20ac<\/li>\n<li>Rakeback fino al 17%<\/li>\n<li>Ricarica domenicale del 25% fino a 100 \u20ac<\/li>\n<\/ul>\n<p>Inoltre, abbiamo un bonus di benvenuto per tutti i nuovi clienti, che possono ottenere denaro extra e giri gratuiti. Fin dall&#8217;inizio del tuo viaggio, puoi anche completare semplici missioni e vincere monete. Queste possono essere scambiate con fantastici premi.<\/p>\n<h2>RingoSpin \u2013 Offerte di benvenuto<\/h2>\n<p>Se sei nuovo sulla nostra piattaforma RingoSpin Casino, ti consigliamo di completare la registrazione, poich\u00e9 ti consentir\u00e0 di giocare con denaro reale e di accedere a tutte le fantastiche funzionalit\u00e0 della piattaforma. Inoltre, tutti i nuovi giocatori riceveranno un pacchetto di benvenuto fino a 1.500 \u20ac + 250 giri gratuiti che saranno suddivisi tra i primi tre depositi. Devi solo creare un account e ricaricarlo.<\/p>\n<p>Il bonus Ringo Spin per i nuovi clienti prolungher\u00e0 la tua esperienza di gioco e la render\u00e0 pi\u00f9 piacevole. Maggiori informazioni su come verr\u00e0 suddiviso tra i primi tre depositi sono fornite nella tabella sottostante.<\/p>\n<table>\n<tbody>\n<tr>\n<td>Offerta sul primo deposito<\/td>\n<td>500 \u20ac + 150 giri gratuiti<\/td>\n<\/tr>\n<tr>\n<td>Offerta sul secondo deposito<\/td>\n<td>500 \u20ac + 100 giri gratuiti<\/td>\n<\/tr>\n<tr>\n<td>Offerta sul terzo deposito<\/td>\n<td>500 \u20ac<\/td>\n<\/tr>\n<\/tbody>\n<\/table>\n<h3>Regole del bonus di benvenuto<\/h3>\n<p>Tutte le promozioni sul nostro sito web hanno termini e condizioni specifici. Ci\u00f2 vale anche per il pacchetto di benvenuto. Per ottenere questo bonus, gli utenti devono depositare almeno 20 \u20ac. Riceveranno 50 giri gratuiti al giorno. I giri gratuiti possono essere utilizzati nelle slot online di BGaming.<\/p>\n<p>Dopo aver attivato la promozione, questa sar\u00e0 disponibile per 7 giorni. Per prelevare i fondi, dovrai scommettere l&#8217;importo del bonus 35 volte. I giocatori non hanno bisogno di alcun codice promozionale per usufruire dell&#8217;offerta bonus di RingoSpin.<\/p>\n<h2>Elenco dei tornei e delle attivit\u00e0<\/h2>\n<p>Nell&#8217;ambito delle promozioni, abbiamo anche un&#8217;ampia selezione di tornei Ringo Spin. Sono ideali per chiunque ami competere con gli altri. I nostri tornei si concentrano principalmente sulle slot machine e sui titoli di casin\u00f2 dal vivo. Un altro vantaggio \u00e8 che puoi vincere enormi premi di migliaia o addirittura milioni di euro giocando ai tuoi giochi preferiti. La tabella sottostante fornisce informazioni sugli eventi disponibili su RingoSpin Casino.<\/p>\n<table>\n<tbody>\n<tr>\n<td>Torneo<\/td>\n<td>Montepremi<\/td>\n<\/tr>\n<tr>\n<td>Spinoleague<\/td>\n<td>12.000.000 \u20ac<\/td>\n<\/tr>\n<tr>\n<td>BGaming Drops<\/td>\n<td>60.000 \u20ac<\/td>\n<\/tr>\n<tr>\n<td>Torneo Live<\/td>\n<td>10.000 \u20ac<\/td>\n<\/tr>\n<\/tbody>\n<\/table>\n<h2>Termini e condizioni<\/h2>\n<p>Per attivare la promozione e ottenere le vincite, \u00e8 necessario soddisfare tutti i termini e le condizioni dell&#8217;offerta specifica. Le regole dei bonus RingoSpin sulla nostra piattaforma sono chiare. \u00c8 possibile trovare informazioni generali sulle promozioni nella sezione &#8220;Account, pagamenti e bonus&#8221;. Cliccando sull&#8217;opzione preferita nella sezione &#8220;Promozioni&#8221;, gli utenti vedranno i termini relativi a quel bonus specifico.<\/p>\n<p>Anche se hai gi\u00e0 esperienza con un altro casin\u00f2 online, ti preghiamo di familiarizzare sempre con le regole di ogni promozione specifica. Ci sono categorie specifiche che si applicano nella maggior parte dei casi:<\/p>\n<ul>\n<li>Deposito minimo<\/li>\n<li>Periodo di validit\u00e0<\/li>\n<li>Contributo del gioco<\/li>\n<li>Puntata massima<\/li>\n<li>Requisiti di scommessa<\/li>\n<\/ul>\n<h2>Domande frequenti<\/h2>\n<h3>Posso avere pi\u00f9 di un bonus attivo?<\/h3>\n<p>Le regole della nostra piattaforma consentono agli utenti di avere un solo bonus di deposito attivo alla volta. Ci\u00f2 non si applica ai tornei. \u00c8 necessario leggere sempre i requisiti di ciascuna promozione specifica di RingoSpin.<\/p>\n<h3>I bonus sono disponibili su dispositivi mobili\/PWA?<\/h3>\n<p>La versione mobile del nostro sito web, cos\u00ec come l&#8217;app dedicata, rispecchiano la piattaforma principale. Ci\u00f2 significa che tutte le stesse funzionalit\u00e0, comprese le promozioni, sono disponibili anche l\u00ec. Dopo aver effettuato l&#8217;accesso al tuo account su dispositivi diversi, tutti i tuoi risultati saranno sincronizzati.<\/p>\n<h3>Perch\u00e9 la mia promozione \u00e8 stata annullata?<\/h3>\n<p>Se hai tentato di aggirare le regole della nostra piattaforma o di un&#8217;offerta specifica, ci riserviamo il diritto di annullare la promozione. Gli utenti possono sempre contattare il nostro servizio di assistenza Ringo Spin Casino, disponibile 24 ore su 24, 7 giorni su 7, tramite live chat o e-mail per ottenere ulteriori informazioni.<\/p>\n<\/div><\/div><\/p>\n","protected":false},"excerpt":{"rendered":"<p>Bonus RingoSpin Utilizzare un casin\u00f2 online significa non solo vincere, ma anche ottenere ricompense aggiuntive dalle promozioni. Ecco perch\u00e9 la collezione di RingoSpin bonus offre generose offerte per tutti i tipi di giocatori italiani. Puoi ottenere giri gratuiti, fondi bonus e round aggiuntivi. Tutti i nuovi utenti ricevono automaticamente il pacchetto di benvenuto fino a [&hellip;]<\/p>\n","protected":false},"author":11,"featured_media":0,"parent":0,"menu_order":0,"comment_status":"closed","ping_status":"closed","template":"template-builder.php","meta":{"_acf_changed":false,"inline_featured_image":false,"footnotes":""},"class_list":["post-1441","page","type-page","status-publish","hentry"],"acf":[],"yoast_head":"<!-- This site is optimized with the Yoast SEO plugin v24.4 - https:\/\/yoast.com\/wordpress\/plugins\/seo\/ -->\n<title>RingoSpin Casino Bonus | Offerte di Benvenuto e Promozioni<\/title>\n<meta name=\"description\" content=\"RingoSpin Casino Bonus \u2013 scopri bonus di benvenuto, ricariche, giri gratis e promo settimanali. Approfitta del cashback e delle offerte stagionali esclusive su Ringo Spin.\" \/>\n<meta name=\"robots\" content=\"index, follow, max-snippet:-1, max-image-preview:large, max-video-preview:-1\" \/>\n<link rel=\"canonical\" href=\"https:\/\/ringospincasino.com\/it\/bonus\/\" \/>\n<meta property=\"og:locale\" content=\"it_IT\" \/>\n<meta property=\"og:type\" content=\"article\" \/>\n<meta property=\"og:title\" content=\"RingoSpin Casino Bonus | Offerte di Benvenuto e Promozioni\" \/>\n<meta property=\"og:description\" content=\"RingoSpin Casino Bonus \u2013 scopri bonus di benvenuto, ricariche, giri gratis e promo settimanali. Approfitta del cashback e delle offerte stagionali esclusive su Ringo Spin.\" \/>\n<meta property=\"og:url\" content=\"https:\/\/ringospincasino.com\/it\/bonus\/\" \/>\n<meta property=\"og:site_name\" content=\"Ringospin\" \/>\n<meta property=\"article:modified_time\" content=\"2026-02-04T07:58:19+00:00\" \/>\n<meta name=\"twitter:card\" content=\"summary_large_image\" \/>\n<meta name=\"twitter:label1\" content=\"Est. reading time\" \/>\n\t<meta name=\"twitter:data1\" content=\"1 minuto\" \/>\n<script type=\"application\/ld+json\" class=\"yoast-schema-graph\">{\"@context\":\"https:\/\/schema.org\",\"@graph\":[{\"@type\":\"WebPage\",\"@id\":\"https:\/\/ringospincasino.com\/it\/bonus\/\",\"url\":\"https:\/\/ringospincasino.com\/it\/bonus\/\",\"name\":\"RingoSpin Casino Bonus | Offerte di Benvenuto e Promozioni\",\"isPartOf\":{\"@id\":\"https:\/\/ringospincasino.com\/it\/#website\"},\"datePublished\":\"2026-02-03T09:43:21+00:00\",\"dateModified\":\"2026-02-04T07:58:19+00:00\",\"description\":\"RingoSpin Casino Bonus \u2013 scopri bonus di benvenuto, ricariche, giri gratis e promo settimanali. Approfitta del cashback e delle offerte stagionali esclusive su Ringo Spin.\",\"breadcrumb\":{\"@id\":\"https:\/\/ringospincasino.com\/it\/bonus\/#breadcrumb\"},\"inLanguage\":\"it-IT\",\"potentialAction\":[{\"@type\":\"ReadAction\",\"target\":[\"https:\/\/ringospincasino.com\/it\/bonus\/\"]}]},{\"@type\":\"BreadcrumbList\",\"@id\":\"https:\/\/ringospincasino.com\/it\/bonus\/#breadcrumb\",\"itemListElement\":[{\"@type\":\"ListItem\",\"position\":1,\"name\":\"Ringospin\",\"item\":\"https:\/\/ringospincasino.com\/it\/\"},{\"@type\":\"ListItem\",\"position\":2,\"name\":\"Bonus\"}]},{\"@type\":\"WebSite\",\"@id\":\"https:\/\/ringospincasino.com\/it\/#website\",\"url\":\"https:\/\/ringospincasino.com\/it\/\",\"name\":\"Ringospin\",\"description\":\"\",\"publisher\":{\"@id\":\"https:\/\/ringospincasino.com\/it\/#organization\"},\"potentialAction\":[{\"@type\":\"SearchAction\",\"target\":{\"@type\":\"EntryPoint\",\"urlTemplate\":\"https:\/\/ringospincasino.com\/it\/?s={search_term_string}\"},\"query-input\":{\"@type\":\"PropertyValueSpecification\",\"valueRequired\":true,\"valueName\":\"search_term_string\"}}],\"inLanguage\":\"it-IT\"},{\"@type\":\"Organization\",\"@id\":\"https:\/\/ringospincasino.com\/it\/#organization\",\"name\":\"Ringospin\",\"url\":\"https:\/\/ringospincasino.com\/it\/\",\"logo\":{\"@type\":\"ImageObject\",\"inLanguage\":\"it-IT\",\"@id\":\"https:\/\/ringospincasino.com\/it\/#\/schema\/logo\/image\/\",\"url\":\"https:\/\/ringospincasino.com\/wp-content\/uploads\/logo-ringospin.svg\",\"contentUrl\":\"https:\/\/ringospincasino.com\/wp-content\/uploads\/logo-ringospin.svg\",\"width\":139,\"height\":34,\"caption\":\"Ringospin\"},\"image\":{\"@id\":\"https:\/\/ringospincasino.com\/it\/#\/schema\/logo\/image\/\"}}]}<\/script>\n<!-- \/ Yoast SEO plugin. -->","yoast_head_json":{"title":"RingoSpin Casino Bonus | Offerte di Benvenuto e Promozioni","description":"RingoSpin Casino Bonus \u2013 scopri bonus di benvenuto, ricariche, giri gratis e promo settimanali. Approfitta del cashback e delle offerte stagionali esclusive su Ringo Spin.","robots":{"index":"index","follow":"follow","max-snippet":"max-snippet:-1","max-image-preview":"max-image-preview:large","max-video-preview":"max-video-preview:-1"},"canonical":"https:\/\/ringospincasino.com\/it\/bonus\/","og_locale":"it_IT","og_type":"article","og_title":"RingoSpin Casino Bonus | Offerte di Benvenuto e Promozioni","og_description":"RingoSpin Casino Bonus \u2013 scopri bonus di benvenuto, ricariche, giri gratis e promo settimanali. Approfitta del cashback e delle offerte stagionali esclusive su Ringo Spin.","og_url":"https:\/\/ringospincasino.com\/it\/bonus\/","og_site_name":"Ringospin","article_modified_time":"2026-02-04T07:58:19+00:00","twitter_card":"summary_large_image","twitter_misc":{"Est. reading time":"1 minuto"},"schema":{"@context":"https:\/\/schema.org","@graph":[{"@type":"WebPage","@id":"https:\/\/ringospincasino.com\/it\/bonus\/","url":"https:\/\/ringospincasino.com\/it\/bonus\/","name":"RingoSpin Casino Bonus | Offerte di Benvenuto e Promozioni","isPartOf":{"@id":"https:\/\/ringospincasino.com\/it\/#website"},"datePublished":"2026-02-03T09:43:21+00:00","dateModified":"2026-02-04T07:58:19+00:00","description":"RingoSpin Casino Bonus \u2013 scopri bonus di benvenuto, ricariche, giri gratis e promo settimanali. Approfitta del cashback e delle offerte stagionali esclusive su Ringo Spin.","breadcrumb":{"@id":"https:\/\/ringospincasino.com\/it\/bonus\/#breadcrumb"},"inLanguage":"it-IT","potentialAction":[{"@type":"ReadAction","target":["https:\/\/ringospincasino.com\/it\/bonus\/"]}]},{"@type":"BreadcrumbList","@id":"https:\/\/ringospincasino.com\/it\/bonus\/#breadcrumb","itemListElement":[{"@type":"ListItem","position":1,"name":"Ringospin","item":"https:\/\/ringospincasino.com\/it\/"},{"@type":"ListItem","position":2,"name":"Bonus"}]},{"@type":"WebSite","@id":"https:\/\/ringospincasino.com\/it\/#website","url":"https:\/\/ringospincasino.com\/it\/","name":"Ringospin","description":"","publisher":{"@id":"https:\/\/ringospincasino.com\/it\/#organization"},"potentialAction":[{"@type":"SearchAction","target":{"@type":"EntryPoint","urlTemplate":"https:\/\/ringospincasino.com\/it\/?s={search_term_string}"},"query-input":{"@type":"PropertyValueSpecification","valueRequired":true,"valueName":"search_term_string"}}],"inLanguage":"it-IT"},{"@type":"Organization","@id":"https:\/\/ringospincasino.com\/it\/#organization","name":"Ringospin","url":"https:\/\/ringospincasino.com\/it\/","logo":{"@type":"ImageObject","inLanguage":"it-IT","@id":"https:\/\/ringospincasino.com\/it\/#\/schema\/logo\/image\/","url":"https:\/\/ringospincasino.com\/wp-content\/uploads\/logo-ringospin.svg","contentUrl":"https:\/\/ringospincasino.com\/wp-content\/uploads\/logo-ringospin.svg","width":139,"height":34,"caption":"Ringospin"},"image":{"@id":"https:\/\/ringospincasino.com\/it\/#\/schema\/logo\/image\/"}}]}},"_links":{"self":[{"href":"https:\/\/ringospincasino.com\/it\/wp-json\/wp\/v2\/pages\/1441"}],"collection":[{"href":"https:\/\/ringospincasino.com\/it\/wp-json\/wp\/v2\/pages"}],"about":[{"href":"https:\/\/ringospincasino.com\/it\/wp-json\/wp\/v2\/types\/page"}],"author":[{"embeddable":true,"href":"https:\/\/ringospincasino.com\/it\/wp-json\/wp\/v2\/users\/11"}],"replies":[{"embeddable":true,"href":"https:\/\/ringospincasino.com\/it\/wp-json\/wp\/v2\/comments?post=1441"}],"version-history":[{"count":2,"href":"https:\/\/ringospincasino.com\/it\/wp-json\/wp\/v2\/pages\/1441\/revisions"}],"predecessor-version":[{"id":1749,"href":"https:\/\/ringospincasino.com\/it\/wp-json\/wp\/v2\/pages\/1441\/revisions\/1749"}],"wp:attachment":[{"href":"https:\/\/ringospincasino.com\/it\/wp-json\/wp\/v2\/media?parent=1441"}],"curies":[{"name":"wp","href":"https:\/\/api.w.org\/{rel}","templated":true}]}}