{"id":1466,"date":"2026-02-03T09:50:35","date_gmt":"2026-02-03T09:50:35","guid":{"rendered":"https:\/\/ringospincasino.com\/login-and-registration\/"},"modified":"2026-02-03T15:07:42","modified_gmt":"2026-02-03T15:07:42","slug":"connexion-et-inscription","status":"publish","type":"page","link":"https:\/\/ringospincasino.com\/fr\/connexion-et-inscription\/","title":{"rendered":"Connexion et inscription"},"content":{"rendered":"<h1>Connexion et inscription \u00e0 RingoSpin<\/h1>\n<p>Tous nos utilisateurs \u00e2g\u00e9s de 18 ans ou plus peuvent RingoSpin login. Une autre r\u00e8gle stipule que vous ne pouvez avoir qu&rsquo;un seul compte sur notre plateforme. Les processus d&rsquo;inscription et de connexion sont simples et n\u00e9cessitent des informations personnelles standard, telles qu&rsquo;une adresse e-mail et un mot de passe. Pour s\u00e9curiser davantage leur profil, les utilisateurs peuvent activer l&rsquo;authentification \u00e0 deux facteurs.<\/p>\n<p><div class=\"banner-wrap\" aria-label=\"Banner\"><img src=\"https:\/\/ringospincasino.com\/wp-content\/uploads\/Ringospin-banner-carousel-932\u0445400-4.webp\" class=\"w-100 d-none d-lg-block img-pc main-banner-img\" alt=\"Ringospin banner desktop\" fetchpriority=\"high\" decoding=\"async\"><img src=\"https:\/\/ringospincasino.com\/wp-content\/uploads\/Group-376223.webp\" class=\"w-100 d-none d-md-block d-lg-none main-banner-img\" alt=\"Ringospin banner tablet\" fetchpriority=\"high\" decoding=\"async\"><img src=\"https:\/\/ringospincasino.com\/wp-content\/uploads\/Group-376223.webp\" class=\"w-100 d-md-none\" alt=\"Ringospin banner tablet\" fetchpriority=\"high\" decoding=\"async\"><div class=\"banner-description\">\n<div class=\"banner-title\">Bonus de bienvenue<\/div>\n<p class=\"banner-header-title\">1000 \u20ac<\/p>\n<div class=\"banner-header-AdditionalText\">+ 100 Tours gratuits<\/div>\n<button data-item=\"homepage_banner_link\" class=\"goto m-button m-gradient-border m-button--primary m-button--large banner-button btn-orange\">\n            <div class=\"m-button-content\">\n                <span>Inscrivez-vous d\u00e8s maintenant<\/span>\n                <span><\/span>\n            <\/div>\n        <\/button>\n<\/div>\n<div class=\"WelcomePack\">\n<p><img loading=\"lazy\" decoding=\"async\" class=\"alignnone size-full wp-image-1517\" src=\"https:\/\/ringospincasino.com\/wp-content\/uploads\/welcome-crown-1.svg\" alt=\"welcome crown\" width=\"25\" height=\"26\" \/><\/p>\n<div class=\"WelcomePack-Info\">Cashback hebdomadaire jusqu&rsquo;\u00e0 25 %<\/div>\n<p><img loading=\"lazy\" decoding=\"async\" class=\"alignnone size-full wp-image-1517\" src=\"https:\/\/ringospincasino.com\/wp-content\/uploads\/welcome-crown-1.svg\" alt=\"welcome crown\" width=\"25\" height=\"26\" \/><\/p>\n<\/div>\n<\/div><div class=\"scrollable-content-wrap my-5\"><div class=\"scrollable-content-inner\"><h2>Proc\u00e9dure d&rsquo;inscription \u00e0 RingoSpin<\/h2>\n<p>La principale condition pour commencer \u00e0 jouer avec de l&rsquo;argent r\u00e9el et acc\u00e9der \u00e0 toutes les autres fonctionnalit\u00e9s disponibles sur Ringo Spin Casino est de cr\u00e9er un compte. Vous pouvez toujours essayer certains titres en mode d\u00e9mo sans profil. Mais dans ce cas, vous jouez avec des pi\u00e8ces virtuelles et ne pouvez pas retirer vos gains potentiels.<\/p>\n<p>Le processus d&rsquo;inscription ne prendra pas plus de 3 minutes. Si vous \u00eates sur le point de franchir cette \u00e9tape importante, suivez simplement nos instructions ci-dessous pour la r\u00e9aliser rapidement et sans probl\u00e8me :<\/p>\n<ol>\n<li>Acc\u00e9dez \u00e0 la section d&rsquo;inscription en cliquant sur le bouton situ\u00e9 dans le coin sup\u00e9rieur droit.<\/li>\n<li>Entrez votre adresse e-mail et cr\u00e9ez un mot de passe fort. Il doit contenir au moins 6 caract\u00e8res.<\/li>\n<li>Si vous disposez d&rsquo;un code promotionnel, vous pouvez le saisir \u00e0 cette \u00e9tape pour obtenir une r\u00e9compense suppl\u00e9mentaire.<\/li>\n<li>Acceptez les conditions g\u00e9n\u00e9rales de la plateforme et confirmez votre \u00e2ge (18 ans ou plus).<\/li>\n<li>Cliquez sur le bouton \u00e0 la fin du formulaire d&rsquo;inscription apr\u00e8s avoir v\u00e9rifi\u00e9 toutes les informations saisies.<\/li>\n<\/ol>\n<p>Pour acc\u00e9l\u00e9rer le processus d&rsquo;inscription sur Ringo Spin, les joueurs peuvent utiliser le bouton \u00ab Google \u00bb dans le formulaire d&rsquo;inscription. Dans ce cas, vous devrez vous connecter \u00e0 votre compte Google et nous utiliserons automatiquement vos informations personnelles qui y sont enregistr\u00e9es.<\/p>\n<h3>Gestion des donn\u00e9es personnelles et autres fonctionnalit\u00e9s<\/h3>\n<p>Outre de nombreux jeux, bonus, paiements et une \u00e9quipe d&rsquo;assistance, vous aurez \u00e9galement acc\u00e8s \u00e0 de nombreux param\u00e8tres et outils sympas qui rendront votre exp\u00e9rience de jeu plus agr\u00e9able et personnalis\u00e9e. Le tableau ci-dessous fournit des informations suppl\u00e9mentaires sur toutes les fonctionnalit\u00e9s int\u00e9ressantes que vous trouverez dans le compte RingoSpin Casino.<\/p>\n<table>\n<tbody>\n<tr>\n<td>Fonctionnalit\u00e9<\/td>\n<td>D\u00e9tails<\/td>\n<\/tr>\n<tr>\n<td>Historique des activit\u00e9s<\/td>\n<td>Vous obtenez un rapport complet sur votre temps pass\u00e9 sur la plateforme, y compris vos bonus, d\u00e9p\u00f4ts, paris, gains et pertes.<\/td>\n<\/tr>\n<tr>\n<td>Outils de jeu responsable<\/td>\n<td>Les utilisateurs peuvent configurer \u00e0 tout moment des outils de gestion du temps, des finances (d\u00e9p\u00f4ts, paris, pertes) et d&rsquo;auto-exclusion.<\/td>\n<\/tr>\n<tr>\n<td>Gestion des donn\u00e9es<\/td>\n<td>Apr\u00e8s vous \u00eatre connect\u00e9 \u00e0 RingoSpin, vous pouvez modifier vos informations personnelles et vos informations de paiement.<\/td>\n<\/tr>\n<tr>\n<td>Programme d&rsquo;affiliation<\/td>\n<td>Vous trouverez ici votre lien d&rsquo;affiliation personnel et pourrez suivre son \u00e9volution.<\/td>\n<\/tr>\n<\/tbody>\n<\/table>\n<h2>\u00c9tapes de connexion \u00e0 RingoSpin<\/h2>\n<p>Pour tous les utilisateurs qui ont d\u00e9j\u00e0 visit\u00e9 notre site et qui poss\u00e8dent un compte, il suffit de se connecter \u00e0 RingoSpin. \u00c0 cette \u00e9tape, vous devrez fournir l&rsquo;adresse e-mail et le mot de passe que vous avez cr\u00e9\u00e9s lors de votre inscription.<\/p>\n<p>Nous vous demanderons de remplir vos informations personnelles, telles que votre nom complet, votre date de naissance et votre num\u00e9ro de t\u00e9l\u00e9phone, afin de vous pr\u00e9parer \u00e0 profiter de tous les jeux et bonus disponibles sur RingoSpin Casino. Il est important que vous nous fournissiez des donn\u00e9es r\u00e9elles, car elles seront v\u00e9rifi\u00e9es ult\u00e9rieurement lors du processus de v\u00e9rification KYC.<\/p>\n<h3>V\u00e9rification RingoSpin Casino<\/h3>\n<p>Le processus de v\u00e9rification fait partie de notre programme de s\u00e9curit\u00e9. Il nous aide \u00e0 maintenir une plateforme s\u00fbre et \u00e9quitable. Avant d&rsquo;effectuer leur premier retrait, tous les utilisateurs seront invit\u00e9s \u00e0 t\u00e9l\u00e9charger des photos de leurs documents personnels. Ceux-ci doivent prouver votre identit\u00e9, votre \u00e2ge, votre adresse personnelle et la propri\u00e9t\u00e9 de votre compte de paiement. Apr\u00e8s cette \u00e9tape, nos responsables examineront tous les documents t\u00e9l\u00e9charg\u00e9s dans un d\u00e9lai de 48 heures. Vous recevrez une notification et un e-mail concernant le statut de votre v\u00e9rification.<\/p>\n<h3>Acc\u00e8s au compte<\/h3>\n<p>Les joueurs peuvent acc\u00e9der \u00e0 leur compte sur n&rsquo;importe quelle plateforme et n&rsquo;importe quel appareil. Google Chrome, Safari et d&rsquo;autres navigateurs sont disponibles pour se connecter \u00e0 RingoSpin. Nous offrons \u00e9galement \u00e0 tous nos clients la possibilit\u00e9 d&rsquo;essayer la version mobile et l&rsquo;application d\u00e9di\u00e9e pour Android et iOS. Utilisez le m\u00eame compte pour toutes les plateformes afin que vos informations personnelles, votre solde et vos r\u00e9sultats soient synchronis\u00e9s entre elles.<\/p>\n<p>Si vous avez oubli\u00e9 votre mot de passe, ce n&rsquo;est pas un probl\u00e8me. Sur la page de connexion de RingoSpin Casino, vous trouverez un lien sp\u00e9cial \u00ab Mot de passe oubli\u00e9 ? \u00bb que vous pouvez suivre pour le r\u00e9initialiser. L&rsquo;utilisateur recevra un lien sp\u00e9cial par e-mail pour cr\u00e9er un nouveau mot de passe.<\/p>\n<h2>FAQ<\/h2>\n<h3>Puis-je me connecter \u00e0 partir de plusieurs appareils ?<\/h3>\n<p>Vous devez utiliser le m\u00eame compte pour acc\u00e9der \u00e0 Ringo Spin depuis n&rsquo;importe quel appareil. Notre plateforme permet \u00e0 chaque personne de n&rsquo;avoir qu&rsquo;un seul profil. Ne vous inqui\u00e9tez pas, apr\u00e8s vous \u00eatre connect\u00e9, toutes vos pr\u00e9f\u00e9rences et votre solde seront synchronis\u00e9s.<\/p>\n<h3>La connexion \u00e0 Ringo Spin est-elle s\u00e9curis\u00e9e ?<\/h3>\n<p>Nous utilisons toutes les mesures de s\u00e9curit\u00e9 n\u00e9cessaires pour prot\u00e9ger vos donn\u00e9es. Celles-ci comprennent le cryptage TLS 1.3, l&rsquo;\u00e9change s\u00e9curis\u00e9 de cl\u00e9s et des politiques de mots de passe forts. Si vous souhaitez en savoir plus sur la s\u00e9curit\u00e9 de votre compte, contactez notre \u00e9quipe d&rsquo;assistance multilingue par chat en direct ou par e-mail.<\/p>\n<h3>Pourquoi dois-je v\u00e9rifier mon compte avant de me connecter ?<\/h3>\n<p>Le processus de v\u00e9rification doit \u00eatre termin\u00e9 avant le premier retrait. Il s&rsquo;agit d&rsquo;une \u00e9tape essentielle qui nous permet de nous assurer que vous \u00eates une personne r\u00e9elle \u00e2g\u00e9e d&rsquo;au moins 18 ans et que vous utilisez vos fonds pour jouer sur notre plateforme.<\/p>\n<\/div><\/div><\/p>\n","protected":false},"excerpt":{"rendered":"<p>Connexion et inscription \u00e0 RingoSpin Tous nos utilisateurs \u00e2g\u00e9s de 18 ans ou plus peuvent RingoSpin login. Une autre r\u00e8gle stipule que vous ne pouvez avoir qu&rsquo;un seul compte sur notre plateforme. Les processus d&rsquo;inscription et de connexion sont simples et n\u00e9cessitent des informations personnelles standard, telles qu&rsquo;une adresse e-mail et un mot de passe. [&hellip;]<\/p>\n","protected":false},"author":11,"featured_media":0,"parent":0,"menu_order":0,"comment_status":"closed","ping_status":"closed","template":"template-builder.php","meta":{"_acf_changed":false,"inline_featured_image":false,"footnotes":""},"class_list":["post-1466","page","type-page","status-publish","hentry"],"acf":[],"yoast_head":"<!-- This site is optimized with the Yoast SEO plugin v24.4 - https:\/\/yoast.com\/wordpress\/plugins\/seo\/ -->\n<title>RingoSpin Login &amp; Inscription | Acc\u00e8s S\u00e9curis\u00e9<\/title>\n<meta name=\"description\" content=\"RingoSpin Login \u2013 connectez-vous en toute s\u00e9curit\u00e9 ou cr\u00e9ez un compte avec acc\u00e8s chiffr\u00e9. G\u00e9rez r\u00e9cup\u00e9ration du mot de passe, v\u00e9rification et param\u00e8tres sur Ringo Spin.\" \/>\n<meta name=\"robots\" content=\"index, follow, max-snippet:-1, max-image-preview:large, max-video-preview:-1\" \/>\n<link rel=\"canonical\" href=\"https:\/\/ringospincasino.com\/fr\/connexion-et-inscription\/\" \/>\n<meta property=\"og:locale\" content=\"fr_FR\" \/>\n<meta property=\"og:type\" content=\"article\" \/>\n<meta property=\"og:title\" content=\"RingoSpin Login &amp; Inscription | Acc\u00e8s S\u00e9curis\u00e9\" \/>\n<meta property=\"og:description\" content=\"RingoSpin Login \u2013 connectez-vous en toute s\u00e9curit\u00e9 ou cr\u00e9ez un compte avec acc\u00e8s chiffr\u00e9. G\u00e9rez r\u00e9cup\u00e9ration du mot de passe, v\u00e9rification et param\u00e8tres sur Ringo Spin.\" \/>\n<meta property=\"og:url\" content=\"https:\/\/ringospincasino.com\/fr\/connexion-et-inscription\/\" \/>\n<meta property=\"og:site_name\" content=\"Ringospin\" \/>\n<meta property=\"article:modified_time\" content=\"2026-02-03T15:07:42+00:00\" \/>\n<meta name=\"twitter:card\" content=\"summary_large_image\" \/>\n<meta name=\"twitter:label1\" content=\"Dur\u00e9e de lecture estim\u00e9e\" \/>\n\t<meta name=\"twitter:data1\" content=\"1 minute\" \/>\n<script type=\"application\/ld+json\" class=\"yoast-schema-graph\">{\"@context\":\"https:\/\/schema.org\",\"@graph\":[{\"@type\":\"WebPage\",\"@id\":\"https:\/\/ringospincasino.com\/fr\/connexion-et-inscription\/\",\"url\":\"https:\/\/ringospincasino.com\/fr\/connexion-et-inscription\/\",\"name\":\"RingoSpin Login & Inscription | Acc\u00e8s S\u00e9curis\u00e9\",\"isPartOf\":{\"@id\":\"https:\/\/ringospincasino.com\/fr\/#website\"},\"datePublished\":\"2026-02-03T09:50:35+00:00\",\"dateModified\":\"2026-02-03T15:07:42+00:00\",\"description\":\"RingoSpin Login \u2013 connectez-vous en toute s\u00e9curit\u00e9 ou cr\u00e9ez un compte avec acc\u00e8s chiffr\u00e9. G\u00e9rez r\u00e9cup\u00e9ration du mot de passe, v\u00e9rification et param\u00e8tres sur Ringo Spin.\",\"breadcrumb\":{\"@id\":\"https:\/\/ringospincasino.com\/fr\/connexion-et-inscription\/#breadcrumb\"},\"inLanguage\":\"fr-FR\",\"potentialAction\":[{\"@type\":\"ReadAction\",\"target\":[\"https:\/\/ringospincasino.com\/fr\/connexion-et-inscription\/\"]}]},{\"@type\":\"BreadcrumbList\",\"@id\":\"https:\/\/ringospincasino.com\/fr\/connexion-et-inscription\/#breadcrumb\",\"itemListElement\":[{\"@type\":\"ListItem\",\"position\":1,\"name\":\"Ringospin\",\"item\":\"https:\/\/ringospincasino.com\/fr\/\"},{\"@type\":\"ListItem\",\"position\":2,\"name\":\"Connexion et inscription\"}]},{\"@type\":\"WebSite\",\"@id\":\"https:\/\/ringospincasino.com\/fr\/#website\",\"url\":\"https:\/\/ringospincasino.com\/fr\/\",\"name\":\"Ringospin\",\"description\":\"\",\"publisher\":{\"@id\":\"https:\/\/ringospincasino.com\/fr\/#organization\"},\"potentialAction\":[{\"@type\":\"SearchAction\",\"target\":{\"@type\":\"EntryPoint\",\"urlTemplate\":\"https:\/\/ringospincasino.com\/fr\/?s={search_term_string}\"},\"query-input\":{\"@type\":\"PropertyValueSpecification\",\"valueRequired\":true,\"valueName\":\"search_term_string\"}}],\"inLanguage\":\"fr-FR\"},{\"@type\":\"Organization\",\"@id\":\"https:\/\/ringospincasino.com\/fr\/#organization\",\"name\":\"Ringospin\",\"url\":\"https:\/\/ringospincasino.com\/fr\/\",\"logo\":{\"@type\":\"ImageObject\",\"inLanguage\":\"fr-FR\",\"@id\":\"https:\/\/ringospincasino.com\/fr\/#\/schema\/logo\/image\/\",\"url\":\"https:\/\/ringospincasino.com\/wp-content\/uploads\/logo-ringospin.svg\",\"contentUrl\":\"https:\/\/ringospincasino.com\/wp-content\/uploads\/logo-ringospin.svg\",\"width\":139,\"height\":34,\"caption\":\"Ringospin\"},\"image\":{\"@id\":\"https:\/\/ringospincasino.com\/fr\/#\/schema\/logo\/image\/\"}}]}<\/script>\n<!-- \/ Yoast SEO plugin. -->","yoast_head_json":{"title":"RingoSpin Login & Inscription | Acc\u00e8s S\u00e9curis\u00e9","description":"RingoSpin Login \u2013 connectez-vous en toute s\u00e9curit\u00e9 ou cr\u00e9ez un compte avec acc\u00e8s chiffr\u00e9. G\u00e9rez r\u00e9cup\u00e9ration du mot de passe, v\u00e9rification et param\u00e8tres sur Ringo Spin.","robots":{"index":"index","follow":"follow","max-snippet":"max-snippet:-1","max-image-preview":"max-image-preview:large","max-video-preview":"max-video-preview:-1"},"canonical":"https:\/\/ringospincasino.com\/fr\/connexion-et-inscription\/","og_locale":"fr_FR","og_type":"article","og_title":"RingoSpin Login & Inscription | Acc\u00e8s S\u00e9curis\u00e9","og_description":"RingoSpin Login \u2013 connectez-vous en toute s\u00e9curit\u00e9 ou cr\u00e9ez un compte avec acc\u00e8s chiffr\u00e9. G\u00e9rez r\u00e9cup\u00e9ration du mot de passe, v\u00e9rification et param\u00e8tres sur Ringo Spin.","og_url":"https:\/\/ringospincasino.com\/fr\/connexion-et-inscription\/","og_site_name":"Ringospin","article_modified_time":"2026-02-03T15:07:42+00:00","twitter_card":"summary_large_image","twitter_misc":{"Dur\u00e9e de lecture estim\u00e9e":"1 minute"},"schema":{"@context":"https:\/\/schema.org","@graph":[{"@type":"WebPage","@id":"https:\/\/ringospincasino.com\/fr\/connexion-et-inscription\/","url":"https:\/\/ringospincasino.com\/fr\/connexion-et-inscription\/","name":"RingoSpin Login & Inscription | Acc\u00e8s S\u00e9curis\u00e9","isPartOf":{"@id":"https:\/\/ringospincasino.com\/fr\/#website"},"datePublished":"2026-02-03T09:50:35+00:00","dateModified":"2026-02-03T15:07:42+00:00","description":"RingoSpin Login \u2013 connectez-vous en toute s\u00e9curit\u00e9 ou cr\u00e9ez un compte avec acc\u00e8s chiffr\u00e9. G\u00e9rez r\u00e9cup\u00e9ration du mot de passe, v\u00e9rification et param\u00e8tres sur Ringo Spin.","breadcrumb":{"@id":"https:\/\/ringospincasino.com\/fr\/connexion-et-inscription\/#breadcrumb"},"inLanguage":"fr-FR","potentialAction":[{"@type":"ReadAction","target":["https:\/\/ringospincasino.com\/fr\/connexion-et-inscription\/"]}]},{"@type":"BreadcrumbList","@id":"https:\/\/ringospincasino.com\/fr\/connexion-et-inscription\/#breadcrumb","itemListElement":[{"@type":"ListItem","position":1,"name":"Ringospin","item":"https:\/\/ringospincasino.com\/fr\/"},{"@type":"ListItem","position":2,"name":"Connexion et inscription"}]},{"@type":"WebSite","@id":"https:\/\/ringospincasino.com\/fr\/#website","url":"https:\/\/ringospincasino.com\/fr\/","name":"Ringospin","description":"","publisher":{"@id":"https:\/\/ringospincasino.com\/fr\/#organization"},"potentialAction":[{"@type":"SearchAction","target":{"@type":"EntryPoint","urlTemplate":"https:\/\/ringospincasino.com\/fr\/?s={search_term_string}"},"query-input":{"@type":"PropertyValueSpecification","valueRequired":true,"valueName":"search_term_string"}}],"inLanguage":"fr-FR"},{"@type":"Organization","@id":"https:\/\/ringospincasino.com\/fr\/#organization","name":"Ringospin","url":"https:\/\/ringospincasino.com\/fr\/","logo":{"@type":"ImageObject","inLanguage":"fr-FR","@id":"https:\/\/ringospincasino.com\/fr\/#\/schema\/logo\/image\/","url":"https:\/\/ringospincasino.com\/wp-content\/uploads\/logo-ringospin.svg","contentUrl":"https:\/\/ringospincasino.com\/wp-content\/uploads\/logo-ringospin.svg","width":139,"height":34,"caption":"Ringospin"},"image":{"@id":"https:\/\/ringospincasino.com\/fr\/#\/schema\/logo\/image\/"}}]}},"_links":{"self":[{"href":"https:\/\/ringospincasino.com\/fr\/wp-json\/wp\/v2\/pages\/1466"}],"collection":[{"href":"https:\/\/ringospincasino.com\/fr\/wp-json\/wp\/v2\/pages"}],"about":[{"href":"https:\/\/ringospincasino.com\/fr\/wp-json\/wp\/v2\/types\/page"}],"author":[{"embeddable":true,"href":"https:\/\/ringospincasino.com\/fr\/wp-json\/wp\/v2\/users\/11"}],"replies":[{"embeddable":true,"href":"https:\/\/ringospincasino.com\/fr\/wp-json\/wp\/v2\/comments?post=1466"}],"version-history":[{"count":3,"href":"https:\/\/ringospincasino.com\/fr\/wp-json\/wp\/v2\/pages\/1466\/revisions"}],"predecessor-version":[{"id":1666,"href":"https:\/\/ringospincasino.com\/fr\/wp-json\/wp\/v2\/pages\/1466\/revisions\/1666"}],"wp:attachment":[{"href":"https:\/\/ringospincasino.com\/fr\/wp-json\/wp\/v2\/media?parent=1466"}],"curies":[{"name":"wp","href":"https:\/\/api.w.org\/{rel}","templated":true}]}}