{"id":1424,"date":"2026-02-03T09:30:18","date_gmt":"2026-02-03T09:30:18","guid":{"rendered":"https:\/\/ringospincasino.com\/app\/"},"modified":"2026-02-03T15:05:04","modified_gmt":"2026-02-03T15:05:04","slug":"app","status":"publish","type":"page","link":"https:\/\/ringospincasino.com\/fr\/app\/","title":{"rendered":"App"},"content":{"rendered":"<h1>Application RingoSpin<\/h1>\n<p>Dans le monde moderne, les utilisateurs veulent \u00eatre flexibles et pouvoir se connecter partout. Avec RingoSpin App, c&rsquo;est possible. Vous avez acc\u00e8s \u00e0 tous vos jeux pr\u00e9f\u00e9r\u00e9s, bonus et autres fonctionnalit\u00e9s simplement en visitant notre version mobile ou en installant l&rsquo;application. Les deux sont compatibles avec tous les appareils Android et iOS modernes.<\/p>\n<div class=\"banner-wrap\" aria-label=\"Banner\"><img src=\"https:\/\/ringospincasino.com\/wp-content\/uploads\/Ringospin-banner-carousel-932\u0445400-4.webp\" class=\"w-100 d-none d-lg-block img-pc main-banner-img\" alt=\"Ringospin banner desktop\" fetchpriority=\"high\" decoding=\"async\"><img src=\"https:\/\/ringospincasino.com\/wp-content\/uploads\/Group-376223.webp\" class=\"w-100 d-none d-md-block d-lg-none main-banner-img\" alt=\"Ringospin banner tablet\" fetchpriority=\"high\" decoding=\"async\"><img src=\"https:\/\/ringospincasino.com\/wp-content\/uploads\/Group-376223.webp\" class=\"w-100 d-md-none\" alt=\"Ringospin banner tablet\" fetchpriority=\"high\" decoding=\"async\"><div class=\"banner-description\">\n<div class=\"banner-title\">Bonus de bienvenue<\/div>\n<p class=\"banner-header-title\">1000 \u20ac<\/p>\n<div class=\"banner-header-AdditionalText\">+ 100 Tours gratuits<\/div>\n<button data-item=\"homepage_banner_link\" class=\"goto m-button m-gradient-border m-button--primary m-button--large banner-button btn-orange\">\n            <div class=\"m-button-content\">\n                <span>Inscrivez-vous d\u00e8s maintenant<\/span>\n                <span><\/span>\n            <\/div>\n        <\/button>\n<\/div>\n<div class=\"WelcomePack\">\n<p><img loading=\"lazy\" decoding=\"async\" class=\"alignnone size-full wp-image-1517\" src=\"https:\/\/ringospincasino.com\/wp-content\/uploads\/welcome-crown-1.svg\" alt=\"welcome crown\" width=\"25\" height=\"26\" \/><\/p>\n<div class=\"WelcomePack-Info\">Cashback hebdomadaire jusqu&rsquo;\u00e0 25 %<\/div>\n<p><img loading=\"lazy\" decoding=\"async\" class=\"alignnone size-full wp-image-1517\" src=\"https:\/\/ringospincasino.com\/wp-content\/uploads\/welcome-crown-1.svg\" alt=\"welcome crown\" width=\"25\" height=\"26\" \/><\/p>\n<\/div>\n<\/div>\n<h2>Fonctionnalit\u00e9s de l&rsquo;app RingoSpin<\/h2>\n<p>Pour jouer o\u00f9 que vous soyez, vous avez seulement besoin d&rsquo;un appareil mobile et d&rsquo;une connexion Internet stable. Nous proposons deux options pratiques : le site Web et l&rsquo;application RingoSpin. Les deux sont le reflet de la version principale pour ordinateur de bureau, offrant les m\u00eames jeux, paiements, service client et promotions. Vous n&rsquo;\u00eates d\u00e9sormais plus limit\u00e9 par l&#8217;emplacement de votre domicile ou de votre PC.<\/p>\n<p>Le logiciel mobile est d\u00e9velopp\u00e9 sous forme d&rsquo;application web progressive (PWA). Vous pouvez facilement l&rsquo;installer \u00e0 partir de notre site web Ringo Spin Casino. Si vous souhaitez obtenir plus d&rsquo;informations sur cette option, vous trouverez ci-dessous ses principales caract\u00e9ristiques :<\/p>\n<ul>\n<li>Vitesse de chargement rapide gr\u00e2ce \u00e0 une architecture l\u00e9g\u00e8re et \u00e0 la mise en cache<\/li>\n<li>Installation rapide sans t\u00e9l\u00e9chargement depuis l&rsquo;App Store<\/li>\n<li>Mises \u00e0 jour automatiques sans installation manuelle requise<\/li>\n<li>Faible utilisation de l&rsquo;espace de stockage par rapport aux applications natives<\/li>\n<li>Notifications push pour les promotions, les mises \u00e0 jour ou les alertes<\/li>\n<li>Acc\u00e8s s\u00e9curis\u00e9 via HTTPS et normes de cryptage modernes<\/li>\n<\/ul>\n<p><div class=\"scrollable-content-wrap my-5\"><div class=\"scrollable-content-inner\"><h2>Application RingoSpin \u2013 iOS<\/h2>\n<p>Pour une exp\u00e9rience de jeu plus pratique, nous avons cr\u00e9\u00e9 le logiciel mobile pour iOS. Que vous utilisiez un iPhone ou un iPad, vous pouvez profiter de toutes les fonctionnalit\u00e9s de RingoSpin. Les utilisateurs ont acc\u00e8s \u00e0 toutes les m\u00eames fonctionnalit\u00e9s, telles que les jeux, l&rsquo;inscription, les paiements et le processus de v\u00e9rification.<\/p>\n<p>Votre exp\u00e9rience sur un appareil mobile sera s\u00fbre et s\u00e9curis\u00e9e. En tant que casino en ligne agr\u00e9\u00e9, nous respectons toutes les r\u00e9glementations et tous les protocoles n\u00e9cessaires du secteur. Nous utilisons \u00e9galement des pare-feu d&rsquo;application web pour pr\u00e9venir les attaques au niveau de la couche application.<\/p>\n<p>Tous les joueurs iOS peuvent installer l&rsquo;application en quelques minutes. Si vous rencontrez des probl\u00e8mes lors du processus d&rsquo;installation, veuillez contacter notre service d&rsquo;assistance. Suivez nos instructions ci-dessous pour une installation rapide et sans probl\u00e8me.<\/p>\n<table>\n<tbody>\n<tr>\n<td>\u00c9tape<\/td>\n<td>D\u00e9tails<\/td>\n<\/tr>\n<tr>\n<td>Rendez-vous sur le site web du casino RingoSpin<\/td>\n<td>Visitez notre plateforme depuis votre appareil iOS dans le navigateur mobile de votre choix.<\/td>\n<\/tr>\n<tr>\n<td>Cliquez sur le bouton \u00ab Application Casino \u00bb<\/td>\n<td>Le bouton se trouve en bas de page du site web.<\/td>\n<\/tr>\n<tr>\n<td>S\u00e9lectionnez \u00ab Installation \u00bb<\/td>\n<td>Le bouton n\u00e9cessaire se trouve sur la nouvelle page qui s&rsquo;affiche au milieu de l&rsquo;\u00e9cran.<\/td>\n<\/tr>\n<tr>\n<td>Terminez l&rsquo;installation<\/td>\n<td>Le processus prendra environ 2 minutes. Une fois termin\u00e9, l&rsquo;ic\u00f4ne appara\u00eetra sur votre \u00e9cran d&rsquo;accueil.<\/td>\n<\/tr>\n<\/tbody>\n<\/table>\n<h2><img loading=\"lazy\" decoding=\"async\" src=\"https:\/\/ringospincasino.com\/wp-content\/uploads\/App4-3.webp\" alt=\"App4\" width=\"1248\" height=\"536\" \/><\/h2>\n<\/div><\/div><div style=\"clear: both\"><\/div><div class=\"d-flex justify-content-center\"><button data-item=\"decouvrez_link\" data-group=\"website_links\" class=\"goto fw-bold rounded-pill btn btn-orange\" aria-label=\"T\u00e9l\u00e9chargez l&#039;application Ringospin\" >T\u00e9l\u00e9chargez l&#039;application Ringospin<\/button><\/div><div class=\"scrollable-content-wrap my-5\"><div class=\"scrollable-content-inner\"><h2>Application RingoSpin pour Android<\/h2>\n<p>Les utilisateurs d&rsquo;Android peuvent acc\u00e9der \u00e0 la plateforme RingoSpin Casino sans aucun probl\u00e8me. Cela est possible m\u00eame sans t\u00e9l\u00e9charger de fichiers APK, qui peuvent \u00eatre dangereux pour votre appareil. Il vous suffit de vous rendre sur notre site web dans le navigateur de votre choix. L&rsquo;ensemble de la collection de jeux est disponible pour nos utilisateurs Android, y compris les machines \u00e0 sous en ligne, les jeux de table, les options avec croupier en direct et les titres \u00e0 gains instantan\u00e9s.<\/p>\n<p>Notre casino mobile est \u00e9galement disponible via une application RingoSpin d\u00e9di\u00e9e. Elle vous offrira une exp\u00e9rience plus personnalis\u00e9e. L&rsquo;installation est rapide et facile et peut \u00eatre effectu\u00e9e directement depuis notre site web. Il vous suffit de vous rendre sur notre site web depuis votre smartphone ou votre tablette, de cliquer sur le bouton \u00e0 trois points dans la barre d&rsquo;adresse de votre navigateur et de choisir \u00ab Ajouter \u00e0 l&rsquo;\u00e9cran d&rsquo;accueil \u00bb. En quelques secondes, l&rsquo;ic\u00f4ne Ringo Spin appara\u00eetra sur votre \u00e9cran principal.<\/p>\n<h3>Autorisations de s\u00e9curit\u00e9<\/h3>\n<p>Les autorisations de s\u00e9curit\u00e9 de l&rsquo;application RingoSpin sont con\u00e7ues pour prot\u00e9ger les donn\u00e9es des utilisateurs tout en garantissant un fonctionnement fluide et s\u00e9curis\u00e9. Le logiciel mobile ne demande que les autorisations essentielles, telles que l&rsquo;acc\u00e8s \u00e0 Internet pour les jeux en temps r\u00e9el et les notifications pour les mises \u00e0 jour importantes concernant le compte ou les promotions. Aucun acc\u00e8s inutile aux fichiers personnels, aux contacts ou aux donn\u00e9es de l&rsquo;appareil n&rsquo;est n\u00e9cessaire.<\/p>\n<p><img loading=\"lazy\" decoding=\"async\" class=\"alignnone size-full wp-image-1384\" src=\"https:\/\/ringospincasino.com\/wp-content\/uploads\/App2-2.webp\" alt=\"App2\" width=\"1248\" height=\"536\" srcset=\"https:\/\/ringospincasino.com\/wp-content\/uploads\/App2-2.webp 1248w, https:\/\/ringospincasino.com\/wp-content\/uploads\/App2-2-300x129.webp 300w, https:\/\/ringospincasino.com\/wp-content\/uploads\/App2-2-1024x440.webp 1024w, https:\/\/ringospincasino.com\/wp-content\/uploads\/App2-2-768x330.webp 768w\" sizes=\"(max-width: 1248px) 100vw, 1248px\" \/><\/p>\n<\/div><\/div><div style=\"clear: both\"><\/div><div class=\"d-flex justify-content-center\"><button data-item=\"decouvrez_link\" data-group=\"website_links\" class=\"goto fw-bold rounded-pill btn btn-orange\" aria-label=\"T\u00e9l\u00e9chargez l&#039;application Ringospin\" >T\u00e9l\u00e9chargez l&#039;application Ringospin<\/button><\/div><div class=\"scrollable-content-wrap my-5\"><div class=\"scrollable-content-inner\"><h2>Ringo Spin Casino \u2013 Version bureau<\/h2>\n<p>M\u00eame si beaucoup de gens pr\u00e9f\u00e8rent jouer sur un appareil mobile, il est parfois plus pratique d&rsquo;avoir un grand \u00e9cran et de profiter du confort de son domicile. C&rsquo;est possible avec Ringo Spin Casino pour PC, compatible avec Windows et macOS. Nous utilisons un cryptage TLS 1.3 innovant pour prot\u00e9ger vos informations personnelles, quel que soit l&rsquo;appareil que vous utilisez.<\/p>\n<p>Pour un acc\u00e8s plus rapide, les joueurs peuvent installer une ic\u00f4ne de raccourci. Dans ce cas, vous n&rsquo;avez pas besoin d&rsquo;ouvrir votre navigateur et de rechercher le site web souhait\u00e9. Il vous suffit de cliquer sur l&rsquo;ic\u00f4ne sur l&rsquo;\u00e9cran d&rsquo;accueil. Si vous pr\u00e9f\u00e9rez utiliser diff\u00e9rents appareils, il vous suffit de vous connecter \u00e0 votre compte sur ceux-ci et vos donn\u00e9es personnelles seront synchronis\u00e9es entre eux.<\/p>\n<h2>Interface optimis\u00e9e pour les commandes tactiles<\/h2>\n<p>Il est important de disposer d&rsquo;un logiciel mobile intuitif, r\u00e9actif et confortable \u00e0 utiliser sur les smartphones et les tablettes. C&rsquo;est pourquoi l&rsquo;interface a \u00e9t\u00e9 enti\u00e8rement optimis\u00e9e pour les commandes tactiles. Les boutons sont soigneusement dimensionn\u00e9s et espac\u00e9s pour \u00e9viter les pressions accidentelles. Les jeux se chargent en mode plein \u00e9cran, maximisant la visibilit\u00e9 et l&rsquo;immersion sans encombrement. La mise en page optimis\u00e9e pour le tactile permet \u00e0 nos joueurs de placer des paris et de faire tourner les rouleaux sans effort.<\/p>\n<p>Si quelque chose ne fonctionne pas correctement sur votre appareil mobile, veuillez contacter notre \u00e9quipe d&rsquo;assistance via le chat en direct int\u00e9gr\u00e9 ou par e-mail.<\/p>\n<p><img loading=\"lazy\" decoding=\"async\" src=\"https:\/\/ringospincasino.com\/wp-content\/uploads\/App6-1.webp\" alt=\"App6\" width=\"1248\" height=\"536\" \/><\/p>\n<\/div><\/div><div style=\"clear: both\"><\/div><div class=\"d-flex justify-content-center\"><button data-item=\"decouvrez_link\" data-group=\"website_links\" class=\"goto fw-bold rounded-pill btn btn-orange\" aria-label=\"T\u00e9l\u00e9chargez l&#039;application Ringospin\" >T\u00e9l\u00e9chargez l&#039;application Ringospin<\/button><\/div><div class=\"scrollable-content-wrap my-5\"><div class=\"scrollable-content-inner\"><h2>FAQ<\/h2>\n<h3>L&rsquo;application est-elle optimis\u00e9e pour les tablettes et les \u00e9crans plus grands ?<\/h3>\n<p>Le logiciel mobile de RingoSpin Casino est enti\u00e8rement optimis\u00e9 pour les appareils modernes, y compris les smartphones et les tablettes. Il s&rsquo;adapte \u00e0 la taille et \u00e0 la r\u00e9solution de l&rsquo;\u00e9cran, vous offrant une excellente exp\u00e9rience utilisateur.<\/p>\n<h3>La PWA se met-elle \u00e0 jour automatiquement ?<\/h3>\n<p>Vous n&rsquo;avez aucune action suppl\u00e9mentaire \u00e0 effectuer pour mettre \u00e0 jour l&rsquo;application web progressive, car tout se fait automatiquement. En cas de changements importants, nous vous en informerons par notification et par e-mail.<\/p>\n<h3>Tous les jeux RingoSpin sont-ils disponibles dans l&rsquo;application ?<\/h3>\n<p>La collection compl\u00e8te de jeux, qui compte plus de 6 000 titres, est disponible dans la version mobile de Ringo Spin. Tous les titres s&rsquo;adaptent parfaitement \u00e0 votre appareil. Les joueurs appr\u00e9cient particuli\u00e8rement les jeux de casino en direct diffus\u00e9s en haute qualit\u00e9.<\/p>\n<\/div><\/div><\/p>\n","protected":false},"excerpt":{"rendered":"<p>Application RingoSpin Dans le monde moderne, les utilisateurs veulent \u00eatre flexibles et pouvoir se connecter partout. Avec RingoSpin App, c&rsquo;est possible. Vous avez acc\u00e8s \u00e0 tous vos jeux pr\u00e9f\u00e9r\u00e9s, bonus et autres fonctionnalit\u00e9s simplement en visitant notre version mobile ou en installant l&rsquo;application. Les deux sont compatibles avec tous les appareils Android et iOS modernes. [&hellip;]<\/p>\n","protected":false},"author":11,"featured_media":0,"parent":0,"menu_order":0,"comment_status":"closed","ping_status":"closed","template":"template-builder.php","meta":{"_acf_changed":false,"inline_featured_image":false,"footnotes":""},"class_list":["post-1424","page","type-page","status-publish","hentry"],"acf":[],"yoast_head":"<!-- This site is optimized with the Yoast SEO plugin v24.4 - https:\/\/yoast.com\/wordpress\/plugins\/seo\/ -->\n<title>RingoSpin App Mobile | iOS, Android<\/title>\n<meta name=\"description\" content=\"RingoSpin App \u2013 profitez d\u2019un casino mobile fluide sur iOS et Android. Acc\u00e9dez aux machines \u00e0 sous, tables, jackpots et live dealers avec synchronisation compl\u00e8te sur Ringo Spin.\" \/>\n<meta name=\"robots\" content=\"index, follow, max-snippet:-1, max-image-preview:large, max-video-preview:-1\" \/>\n<link rel=\"canonical\" href=\"https:\/\/ringospincasino.com\/fr\/app\/\" \/>\n<meta property=\"og:locale\" content=\"fr_FR\" \/>\n<meta property=\"og:type\" content=\"article\" \/>\n<meta property=\"og:title\" content=\"RingoSpin App Mobile | iOS, Android\" \/>\n<meta property=\"og:description\" content=\"RingoSpin App \u2013 profitez d\u2019un casino mobile fluide sur iOS et Android. Acc\u00e9dez aux machines \u00e0 sous, tables, jackpots et live dealers avec synchronisation compl\u00e8te sur Ringo Spin.\" \/>\n<meta property=\"og:url\" content=\"https:\/\/ringospincasino.com\/fr\/app\/\" \/>\n<meta property=\"og:site_name\" content=\"Ringospin\" \/>\n<meta property=\"article:modified_time\" content=\"2026-02-03T15:05:04+00:00\" \/>\n<meta name=\"twitter:card\" content=\"summary_large_image\" \/>\n<meta name=\"twitter:label1\" content=\"Dur\u00e9e de lecture estim\u00e9e\" \/>\n\t<meta name=\"twitter:data1\" content=\"2 minutes\" \/>\n<script type=\"application\/ld+json\" class=\"yoast-schema-graph\">{\"@context\":\"https:\/\/schema.org\",\"@graph\":[{\"@type\":\"WebPage\",\"@id\":\"https:\/\/ringospincasino.com\/fr\/app\/\",\"url\":\"https:\/\/ringospincasino.com\/fr\/app\/\",\"name\":\"RingoSpin App Mobile | iOS, Android\",\"isPartOf\":{\"@id\":\"https:\/\/ringospincasino.com\/fr\/#website\"},\"datePublished\":\"2026-02-03T09:30:18+00:00\",\"dateModified\":\"2026-02-03T15:05:04+00:00\",\"description\":\"RingoSpin App \u2013 profitez d\u2019un casino mobile fluide sur iOS et Android. Acc\u00e9dez aux machines \u00e0 sous, tables, jackpots et live dealers avec synchronisation compl\u00e8te sur Ringo Spin.\",\"breadcrumb\":{\"@id\":\"https:\/\/ringospincasino.com\/fr\/app\/#breadcrumb\"},\"inLanguage\":\"fr-FR\",\"potentialAction\":[{\"@type\":\"ReadAction\",\"target\":[\"https:\/\/ringospincasino.com\/fr\/app\/\"]}]},{\"@type\":\"BreadcrumbList\",\"@id\":\"https:\/\/ringospincasino.com\/fr\/app\/#breadcrumb\",\"itemListElement\":[{\"@type\":\"ListItem\",\"position\":1,\"name\":\"Ringospin\",\"item\":\"https:\/\/ringospincasino.com\/fr\/\"},{\"@type\":\"ListItem\",\"position\":2,\"name\":\"App\"}]},{\"@type\":\"WebSite\",\"@id\":\"https:\/\/ringospincasino.com\/fr\/#website\",\"url\":\"https:\/\/ringospincasino.com\/fr\/\",\"name\":\"Ringospin\",\"description\":\"\",\"publisher\":{\"@id\":\"https:\/\/ringospincasino.com\/fr\/#organization\"},\"potentialAction\":[{\"@type\":\"SearchAction\",\"target\":{\"@type\":\"EntryPoint\",\"urlTemplate\":\"https:\/\/ringospincasino.com\/fr\/?s={search_term_string}\"},\"query-input\":{\"@type\":\"PropertyValueSpecification\",\"valueRequired\":true,\"valueName\":\"search_term_string\"}}],\"inLanguage\":\"fr-FR\"},{\"@type\":\"Organization\",\"@id\":\"https:\/\/ringospincasino.com\/fr\/#organization\",\"name\":\"Ringospin\",\"url\":\"https:\/\/ringospincasino.com\/fr\/\",\"logo\":{\"@type\":\"ImageObject\",\"inLanguage\":\"fr-FR\",\"@id\":\"https:\/\/ringospincasino.com\/fr\/#\/schema\/logo\/image\/\",\"url\":\"https:\/\/ringospincasino.com\/wp-content\/uploads\/logo-ringospin.svg\",\"contentUrl\":\"https:\/\/ringospincasino.com\/wp-content\/uploads\/logo-ringospin.svg\",\"width\":139,\"height\":34,\"caption\":\"Ringospin\"},\"image\":{\"@id\":\"https:\/\/ringospincasino.com\/fr\/#\/schema\/logo\/image\/\"}}]}<\/script>\n<!-- \/ Yoast SEO plugin. -->","yoast_head_json":{"title":"RingoSpin App Mobile | iOS, Android","description":"RingoSpin App \u2013 profitez d\u2019un casino mobile fluide sur iOS et Android. Acc\u00e9dez aux machines \u00e0 sous, tables, jackpots et live dealers avec synchronisation compl\u00e8te sur Ringo Spin.","robots":{"index":"index","follow":"follow","max-snippet":"max-snippet:-1","max-image-preview":"max-image-preview:large","max-video-preview":"max-video-preview:-1"},"canonical":"https:\/\/ringospincasino.com\/fr\/app\/","og_locale":"fr_FR","og_type":"article","og_title":"RingoSpin App Mobile | iOS, Android","og_description":"RingoSpin App \u2013 profitez d\u2019un casino mobile fluide sur iOS et Android. Acc\u00e9dez aux machines \u00e0 sous, tables, jackpots et live dealers avec synchronisation compl\u00e8te sur Ringo Spin.","og_url":"https:\/\/ringospincasino.com\/fr\/app\/","og_site_name":"Ringospin","article_modified_time":"2026-02-03T15:05:04+00:00","twitter_card":"summary_large_image","twitter_misc":{"Dur\u00e9e de lecture estim\u00e9e":"2 minutes"},"schema":{"@context":"https:\/\/schema.org","@graph":[{"@type":"WebPage","@id":"https:\/\/ringospincasino.com\/fr\/app\/","url":"https:\/\/ringospincasino.com\/fr\/app\/","name":"RingoSpin App Mobile | iOS, Android","isPartOf":{"@id":"https:\/\/ringospincasino.com\/fr\/#website"},"datePublished":"2026-02-03T09:30:18+00:00","dateModified":"2026-02-03T15:05:04+00:00","description":"RingoSpin App \u2013 profitez d\u2019un casino mobile fluide sur iOS et Android. Acc\u00e9dez aux machines \u00e0 sous, tables, jackpots et live dealers avec synchronisation compl\u00e8te sur Ringo Spin.","breadcrumb":{"@id":"https:\/\/ringospincasino.com\/fr\/app\/#breadcrumb"},"inLanguage":"fr-FR","potentialAction":[{"@type":"ReadAction","target":["https:\/\/ringospincasino.com\/fr\/app\/"]}]},{"@type":"BreadcrumbList","@id":"https:\/\/ringospincasino.com\/fr\/app\/#breadcrumb","itemListElement":[{"@type":"ListItem","position":1,"name":"Ringospin","item":"https:\/\/ringospincasino.com\/fr\/"},{"@type":"ListItem","position":2,"name":"App"}]},{"@type":"WebSite","@id":"https:\/\/ringospincasino.com\/fr\/#website","url":"https:\/\/ringospincasino.com\/fr\/","name":"Ringospin","description":"","publisher":{"@id":"https:\/\/ringospincasino.com\/fr\/#organization"},"potentialAction":[{"@type":"SearchAction","target":{"@type":"EntryPoint","urlTemplate":"https:\/\/ringospincasino.com\/fr\/?s={search_term_string}"},"query-input":{"@type":"PropertyValueSpecification","valueRequired":true,"valueName":"search_term_string"}}],"inLanguage":"fr-FR"},{"@type":"Organization","@id":"https:\/\/ringospincasino.com\/fr\/#organization","name":"Ringospin","url":"https:\/\/ringospincasino.com\/fr\/","logo":{"@type":"ImageObject","inLanguage":"fr-FR","@id":"https:\/\/ringospincasino.com\/fr\/#\/schema\/logo\/image\/","url":"https:\/\/ringospincasino.com\/wp-content\/uploads\/logo-ringospin.svg","contentUrl":"https:\/\/ringospincasino.com\/wp-content\/uploads\/logo-ringospin.svg","width":139,"height":34,"caption":"Ringospin"},"image":{"@id":"https:\/\/ringospincasino.com\/fr\/#\/schema\/logo\/image\/"}}]}},"_links":{"self":[{"href":"https:\/\/ringospincasino.com\/fr\/wp-json\/wp\/v2\/pages\/1424"}],"collection":[{"href":"https:\/\/ringospincasino.com\/fr\/wp-json\/wp\/v2\/pages"}],"about":[{"href":"https:\/\/ringospincasino.com\/fr\/wp-json\/wp\/v2\/types\/page"}],"author":[{"embeddable":true,"href":"https:\/\/ringospincasino.com\/fr\/wp-json\/wp\/v2\/users\/11"}],"replies":[{"embeddable":true,"href":"https:\/\/ringospincasino.com\/fr\/wp-json\/wp\/v2\/comments?post=1424"}],"version-history":[{"count":3,"href":"https:\/\/ringospincasino.com\/fr\/wp-json\/wp\/v2\/pages\/1424\/revisions"}],"predecessor-version":[{"id":1663,"href":"https:\/\/ringospincasino.com\/fr\/wp-json\/wp\/v2\/pages\/1424\/revisions\/1663"}],"wp:attachment":[{"href":"https:\/\/ringospincasino.com\/fr\/wp-json\/wp\/v2\/media?parent=1424"}],"curies":[{"name":"wp","href":"https:\/\/api.w.org\/{rel}","templated":true}]}}