{"id":1471,"date":"2026-02-03T09:50:35","date_gmt":"2026-02-03T09:50:35","guid":{"rendered":"https:\/\/ringospincasino.com\/login-and-registration\/"},"modified":"2026-02-03T12:22:54","modified_gmt":"2026-02-03T12:22:54","slug":"inicio-de-sesion-y-registro","status":"publish","type":"page","link":"https:\/\/ringospincasino.com\/es\/inicio-de-sesion-y-registro\/","title":{"rendered":"Inicio de sesi\u00f3n y Registro"},"content":{"rendered":"<h1>Inicio de sesi\u00f3n y registro en RingoSpin<\/h1>\n<p>Todos nuestros usuarios espa\u00f1oles mayores de 18 a\u00f1os pueden completar el proceso de RingoSpin login. Otra norma establece que solo se puede tener una cuenta en nuestra plataforma. Los procesos de registro e inicio de sesi\u00f3n son sencillos y requieren informaci\u00f3n personal est\u00e1ndar, como el correo electr\u00f3nico y la contrase\u00f1a. Para mayor seguridad del perfil, los usuarios pueden habilitar la autenticaci\u00f3n de dos factores.<\/p>\n<p><div class=\"banner-wrap\" aria-label=\"Banner\"><img src=\"https:\/\/ringospincasino.com\/wp-content\/uploads\/Ringospin-banner-carousel-932\u0445400-4.webp\" class=\"w-100 d-none d-lg-block img-pc main-banner-img\" alt=\"Ringospin banner desktop\" fetchpriority=\"high\" decoding=\"async\"><img src=\"https:\/\/ringospincasino.com\/wp-content\/uploads\/Group-376223.webp\" class=\"w-100 d-none d-md-block d-lg-none main-banner-img\" alt=\"Ringospin banner tablet\" fetchpriority=\"high\" decoding=\"async\"><img src=\"https:\/\/ringospincasino.com\/wp-content\/uploads\/Group-376223.webp\" class=\"w-100 d-md-none\" alt=\"Ringospin banner tablet\" fetchpriority=\"high\" decoding=\"async\"><div class=\"banner-description\">\n<div class=\"banner-title\">Bonos de bienvenida<\/div>\n<p class=\"banner-header-title\">1500 \u20ac<\/p>\n<div class=\"banner-header-AdditionalText\">+ 250 Tiradas gratis<\/div>\n<button data-item=\"homepage_banner_link\" class=\"goto m-button m-gradient-border m-button--primary m-button--large banner-button btn-orange\">\n            <div class=\"m-button-content\">\n                <span>Reg\u00edstrate ahora<\/span>\n                <span><\/span>\n            <\/div>\n        <\/button>\n<\/div>\n<div class=\"WelcomePack\">\n<p><img loading=\"lazy\" decoding=\"async\" class=\"alignnone size-full wp-image-1359\" src=\"https:\/\/ringospincasino.com\/wp-content\/uploads\/welcome-crown.svg\" alt=\"welcome crown\" width=\"25\" height=\"26\" \/><\/p>\n<div class=\"WelcomePack-Info\">Reembolso semanal de hasta el 25 %<\/div>\n<p><img loading=\"lazy\" decoding=\"async\" class=\"alignnone size-full wp-image-1359\" src=\"https:\/\/ringospincasino.com\/wp-content\/uploads\/welcome-crown.svg\" alt=\"welcome crown\" width=\"25\" height=\"26\" \/><\/p>\n<\/div>\n<\/div><div class=\"scrollable-content-wrap my-5\"><div class=\"scrollable-content-inner\"><h2>Procedimiento de registro en RingoSpin<\/h2>\n<p>El requisito principal para empezar a jugar con dinero real y acceder a todas las dem\u00e1s funciones disponibles en Ringo Spin Casino es registrar una cuenta. Aun as\u00ed, puedes probar algunos t\u00edtulos en modo demo sin necesidad de crear un perfil. Pero en este caso, jugar\u00e1s con monedas virtuales y no podr\u00e1s retirar las posibles ganancias.<\/p>\n<p>Completar el proceso de registro no te llevar\u00e1 m\u00e1s de 3 minutos. Si ahora mismo te encuentras ante este importante paso, solo tienes que seguir nuestras instrucciones para hacerlo de forma r\u00e1pida y sin problemas:<\/p>\n<ol>\n<li>Ve a la secci\u00f3n de registro haciendo clic en el bot\u00f3n de la esquina superior derecha.<\/li>\n<li>Introduce tu correo electr\u00f3nico y crea una contrase\u00f1a segura. Debe contener al menos 6 s\u00edmbolos.<\/li>\n<li>Si tienes un c\u00f3digo promocional, puedes introducirlo en este paso para obtener una recompensa adicional.<\/li>\n<li>Acepta los t\u00e9rminos y condiciones de la plataforma y confirma tu edad (18 a\u00f1os o m\u00e1s).<\/li>\n<li>Haz clic en el bot\u00f3n al final del formulario de registro despu\u00e9s de comprobar toda la informaci\u00f3n introducida.<\/li>\n<\/ol>\n<p>Para agilizar el proceso de registro en Ringo Spin, los jugadores pueden utilizar el bot\u00f3n \u00abGoogle\u00bb del formulario de registro. En este caso, tendr\u00e1s que iniciar sesi\u00f3n en tu cuenta de Google y utilizaremos autom\u00e1ticamente tus datos personales de all\u00ed.<\/p>\n<h3>Gesti\u00f3n de datos personales y otras funciones<\/h3>\n<p>Adem\u00e1s de muchos juegos, bonificaciones, pagos y un equipo de asistencia, tambi\u00e9n tendr\u00e1s acceso a muchas configuraciones y herramientas interesantes que har\u00e1n que tu experiencia de juego sea m\u00e1s agradable y personalizada. La siguiente tabla proporciona informaci\u00f3n adicional sobre todas las fant\u00e1sticas funciones que se pueden encontrar en la cuenta de RingoSpin Casino.<\/p>\n<table>\n<tbody>\n<tr>\n<td>Caracter\u00edstica<\/td>\n<td>Detalles<\/td>\n<\/tr>\n<tr>\n<td>Historial de actividad<\/td>\n<td>Obtendr\u00e1s un informe completo sobre tu tiempo en la plataforma, incluyendo tus bonificaciones, dep\u00f3sitos, apuestas, ganancias y p\u00e9rdidas.<\/td>\n<\/tr>\n<tr>\n<td>Herramientas de juego responsable<\/td>\n<td>Los usuarios pueden configurar herramientas de tiempo, financieras (dep\u00f3sitos, apuestas, p\u00e9rdidas) y de autoexclusi\u00f3n en cualquier momento.<\/td>\n<\/tr>\n<tr>\n<td>Gesti\u00f3n de datos<\/td>\n<td>Despu\u00e9s de iniciar sesi\u00f3n en RingoSpin, puedes cambiar tu informaci\u00f3n personal y de pago.<\/td>\n<\/tr>\n<tr>\n<td>Programa de afiliados<\/td>\n<td>Aqu\u00ed encontrar\u00e1 su enlace de afiliado personal y podr\u00e1 comprobar su progreso.<\/td>\n<\/tr>\n<\/tbody>\n<\/table>\n<h2>Pasos para iniciar sesi\u00f3n en RingoSpin<\/h2>\n<p>Todos los usuarios que ya hayan visitado nuestro sitio web y tengan una cuenta solo tienen que completar el inicio de sesi\u00f3n en RingoSpin. En este paso, deber\u00e1 proporcionar la direcci\u00f3n de correo electr\u00f3nico y la contrase\u00f1a que cre\u00f3 al registrarse.<\/p>\n<p>Te pediremos que rellenes la informaci\u00f3n personal, como tu nombre completo, fecha de nacimiento y n\u00famero de tel\u00e9fono, para que puedas disfrutar de todos los juegos y bonificaciones disponibles en RingoSpin Casino. Es importante que nos proporciones datos reales, ya que se verificar\u00e1n m\u00e1s adelante durante el proceso de verificaci\u00f3n KYC.<\/p>\n<h3>Verificaci\u00f3n de RingoSpin Casino<\/h3>\n<p>El proceso de verificaci\u00f3n forma parte de nuestro programa de seguridad. Nos ayuda a mantener una plataforma segura con un juego limpio. Antes de realizar el primer retiro, se pedir\u00e1 a todos los usuarios que suban fotos de sus documentos personales. Estos deben demostrar su identidad, edad, domicilio y titularidad de la cuenta de pago. Tras este paso, nuestros gestores revisar\u00e1n todos los documentos subidos en un plazo de 48 horas. Recibir\u00e1 una notificaci\u00f3n y un correo electr\u00f3nico sobre el estado de su verificaci\u00f3n.<\/p>\n<h3>Acceso a la cuenta<\/h3>\n<p>Los jugadores pueden acceder a sus cuentas desde cualquier plataforma y dispositivo. Google Chrome, Safari y otros navegadores est\u00e1n disponibles para iniciar sesi\u00f3n en RingoSpin. Tambi\u00e9n ofrecemos a todos nuestros clientes la oportunidad de probar la versi\u00f3n m\u00f3vil y la aplicaci\u00f3n dedicada para Android e iOS. Utilice la misma cuenta para todas las plataformas, de modo que sus datos personales, saldo y logros se sincronicen entre ellas.<\/p>\n<p>Si ha olvidado su contrase\u00f1a, no se preocupe. En la p\u00e1gina de inicio de sesi\u00f3n de RingoSpin Casino hay un enlace especial, \u00ab\u00bfHa olvidado su contrase\u00f1a?\u00bb, que puede seguir para restablecerla. El usuario recibir\u00e1 un enlace especial por correo electr\u00f3nico para crear una nueva contrase\u00f1a.<\/p>\n<h2>Preguntas frecuentes<\/h2>\n<h3>\u00bfPuedo iniciar sesi\u00f3n desde varios dispositivos?<\/h3>\n<p>Debes utilizar la misma cuenta para acceder a Ringo Spin desde cualquier dispositivo. Nuestra plataforma permite que cada persona tenga un solo perfil. No te preocupes, despu\u00e9s de iniciar sesi\u00f3n, todas tus preferencias y tu saldo se sincronizar\u00e1n.<\/p>\n<h3>\u00bfEs seguro iniciar sesi\u00f3n en Ringo Spin?<\/h3>\n<p>Utilizamos todas las medidas de seguridad necesarias para proteger sus datos. Entre ellas se incluyen el cifrado TLS 1.3, el intercambio seguro de claves y pol\u00edticas de contrase\u00f1as seguras. Si desea obtener m\u00e1s informaci\u00f3n sobre la seguridad de su cuenta, p\u00f3ngase en contacto con nuestro equipo de asistencia multiling\u00fce a trav\u00e9s del chat en vivo o por correo electr\u00f3nico.<\/p>\n<h3>\u00bfPor qu\u00e9 tengo que verificar mi cuenta antes de iniciar sesi\u00f3n?<\/h3>\n<p>El proceso de verificaci\u00f3n debe completarse antes del primer retiro. Es un paso esencial para que sepamos que usted es una persona real mayor de 18 a\u00f1os y que utiliza sus fondos para jugar en nuestra plataforma.<\/p>\n<\/div><\/div><\/p>\n","protected":false},"excerpt":{"rendered":"<p>Inicio de sesi\u00f3n y registro en RingoSpin Todos nuestros usuarios espa\u00f1oles mayores de 18 a\u00f1os pueden completar el proceso de RingoSpin login. Otra norma establece que solo se puede tener una cuenta en nuestra plataforma. Los procesos de registro e inicio de sesi\u00f3n son sencillos y requieren informaci\u00f3n personal est\u00e1ndar, como el correo electr\u00f3nico y [&hellip;]<\/p>\n","protected":false},"author":11,"featured_media":0,"parent":0,"menu_order":0,"comment_status":"closed","ping_status":"closed","template":"template-builder.php","meta":{"_acf_changed":false,"inline_featured_image":false,"footnotes":""},"class_list":["post-1471","page","type-page","status-publish","hentry"],"acf":[],"yoast_head":"<!-- This site is optimized with the Yoast SEO plugin v24.4 - https:\/\/yoast.com\/wordpress\/plugins\/seo\/ -->\n<title>RingoSpin Login &amp; Registro | Acceso Seguro<\/title>\n<meta name=\"description\" content=\"RingoSpin Login \u2013 inicia sesi\u00f3n o crea una cuenta de forma segura con acceso cifrado. Gestiona recuperaci\u00f3n de contrase\u00f1a, verificaci\u00f3n y perfil en Ringo Spin.\" \/>\n<meta name=\"robots\" content=\"index, follow, max-snippet:-1, max-image-preview:large, max-video-preview:-1\" \/>\n<link rel=\"canonical\" href=\"https:\/\/ringospincasino.com\/es\/inicio-de-sesion-y-registro\/\" \/>\n<meta property=\"og:locale\" content=\"es_ES\" \/>\n<meta property=\"og:type\" content=\"article\" \/>\n<meta property=\"og:title\" content=\"RingoSpin Login &amp; Registro | Acceso Seguro\" \/>\n<meta property=\"og:description\" content=\"RingoSpin Login \u2013 inicia sesi\u00f3n o crea una cuenta de forma segura con acceso cifrado. Gestiona recuperaci\u00f3n de contrase\u00f1a, verificaci\u00f3n y perfil en Ringo Spin.\" \/>\n<meta property=\"og:url\" content=\"https:\/\/ringospincasino.com\/es\/inicio-de-sesion-y-registro\/\" \/>\n<meta property=\"og:site_name\" content=\"Ringospin\" \/>\n<meta property=\"article:modified_time\" content=\"2026-02-03T12:22:54+00:00\" \/>\n<meta name=\"twitter:card\" content=\"summary_large_image\" \/>\n<meta name=\"twitter:label1\" content=\"Est. reading time\" \/>\n\t<meta name=\"twitter:data1\" content=\"1 minuto\" \/>\n<script type=\"application\/ld+json\" class=\"yoast-schema-graph\">{\"@context\":\"https:\/\/schema.org\",\"@graph\":[{\"@type\":\"WebPage\",\"@id\":\"https:\/\/ringospincasino.com\/es\/inicio-de-sesion-y-registro\/\",\"url\":\"https:\/\/ringospincasino.com\/es\/inicio-de-sesion-y-registro\/\",\"name\":\"RingoSpin Login & Registro | Acceso Seguro\",\"isPartOf\":{\"@id\":\"https:\/\/ringospincasino.com\/es\/#website\"},\"datePublished\":\"2026-02-03T09:50:35+00:00\",\"dateModified\":\"2026-02-03T12:22:54+00:00\",\"description\":\"RingoSpin Login \u2013 inicia sesi\u00f3n o crea una cuenta de forma segura con acceso cifrado. Gestiona recuperaci\u00f3n de contrase\u00f1a, verificaci\u00f3n y perfil en Ringo Spin.\",\"breadcrumb\":{\"@id\":\"https:\/\/ringospincasino.com\/es\/inicio-de-sesion-y-registro\/#breadcrumb\"},\"inLanguage\":\"es\",\"potentialAction\":[{\"@type\":\"ReadAction\",\"target\":[\"https:\/\/ringospincasino.com\/es\/inicio-de-sesion-y-registro\/\"]}]},{\"@type\":\"BreadcrumbList\",\"@id\":\"https:\/\/ringospincasino.com\/es\/inicio-de-sesion-y-registro\/#breadcrumb\",\"itemListElement\":[{\"@type\":\"ListItem\",\"position\":1,\"name\":\"Ringospin\",\"item\":\"https:\/\/ringospincasino.com\/es\/\"},{\"@type\":\"ListItem\",\"position\":2,\"name\":\"Inicio de sesi\u00f3n y Registro\"}]},{\"@type\":\"WebSite\",\"@id\":\"https:\/\/ringospincasino.com\/es\/#website\",\"url\":\"https:\/\/ringospincasino.com\/es\/\",\"name\":\"Ringospin\",\"description\":\"\",\"publisher\":{\"@id\":\"https:\/\/ringospincasino.com\/es\/#organization\"},\"potentialAction\":[{\"@type\":\"SearchAction\",\"target\":{\"@type\":\"EntryPoint\",\"urlTemplate\":\"https:\/\/ringospincasino.com\/es\/?s={search_term_string}\"},\"query-input\":{\"@type\":\"PropertyValueSpecification\",\"valueRequired\":true,\"valueName\":\"search_term_string\"}}],\"inLanguage\":\"es\"},{\"@type\":\"Organization\",\"@id\":\"https:\/\/ringospincasino.com\/es\/#organization\",\"name\":\"Ringospin\",\"url\":\"https:\/\/ringospincasino.com\/es\/\",\"logo\":{\"@type\":\"ImageObject\",\"inLanguage\":\"es\",\"@id\":\"https:\/\/ringospincasino.com\/es\/#\/schema\/logo\/image\/\",\"url\":\"https:\/\/ringospincasino.com\/wp-content\/uploads\/logo-ringospin.svg\",\"contentUrl\":\"https:\/\/ringospincasino.com\/wp-content\/uploads\/logo-ringospin.svg\",\"width\":139,\"height\":34,\"caption\":\"Ringospin\"},\"image\":{\"@id\":\"https:\/\/ringospincasino.com\/es\/#\/schema\/logo\/image\/\"}}]}<\/script>\n<!-- \/ Yoast SEO plugin. -->","yoast_head_json":{"title":"RingoSpin Login & Registro | Acceso Seguro","description":"RingoSpin Login \u2013 inicia sesi\u00f3n o crea una cuenta de forma segura con acceso cifrado. Gestiona recuperaci\u00f3n de contrase\u00f1a, verificaci\u00f3n y perfil en Ringo Spin.","robots":{"index":"index","follow":"follow","max-snippet":"max-snippet:-1","max-image-preview":"max-image-preview:large","max-video-preview":"max-video-preview:-1"},"canonical":"https:\/\/ringospincasino.com\/es\/inicio-de-sesion-y-registro\/","og_locale":"es_ES","og_type":"article","og_title":"RingoSpin Login & Registro | Acceso Seguro","og_description":"RingoSpin Login \u2013 inicia sesi\u00f3n o crea una cuenta de forma segura con acceso cifrado. Gestiona recuperaci\u00f3n de contrase\u00f1a, verificaci\u00f3n y perfil en Ringo Spin.","og_url":"https:\/\/ringospincasino.com\/es\/inicio-de-sesion-y-registro\/","og_site_name":"Ringospin","article_modified_time":"2026-02-03T12:22:54+00:00","twitter_card":"summary_large_image","twitter_misc":{"Est. reading time":"1 minuto"},"schema":{"@context":"https:\/\/schema.org","@graph":[{"@type":"WebPage","@id":"https:\/\/ringospincasino.com\/es\/inicio-de-sesion-y-registro\/","url":"https:\/\/ringospincasino.com\/es\/inicio-de-sesion-y-registro\/","name":"RingoSpin Login & Registro | Acceso Seguro","isPartOf":{"@id":"https:\/\/ringospincasino.com\/es\/#website"},"datePublished":"2026-02-03T09:50:35+00:00","dateModified":"2026-02-03T12:22:54+00:00","description":"RingoSpin Login \u2013 inicia sesi\u00f3n o crea una cuenta de forma segura con acceso cifrado. Gestiona recuperaci\u00f3n de contrase\u00f1a, verificaci\u00f3n y perfil en Ringo Spin.","breadcrumb":{"@id":"https:\/\/ringospincasino.com\/es\/inicio-de-sesion-y-registro\/#breadcrumb"},"inLanguage":"es","potentialAction":[{"@type":"ReadAction","target":["https:\/\/ringospincasino.com\/es\/inicio-de-sesion-y-registro\/"]}]},{"@type":"BreadcrumbList","@id":"https:\/\/ringospincasino.com\/es\/inicio-de-sesion-y-registro\/#breadcrumb","itemListElement":[{"@type":"ListItem","position":1,"name":"Ringospin","item":"https:\/\/ringospincasino.com\/es\/"},{"@type":"ListItem","position":2,"name":"Inicio de sesi\u00f3n y Registro"}]},{"@type":"WebSite","@id":"https:\/\/ringospincasino.com\/es\/#website","url":"https:\/\/ringospincasino.com\/es\/","name":"Ringospin","description":"","publisher":{"@id":"https:\/\/ringospincasino.com\/es\/#organization"},"potentialAction":[{"@type":"SearchAction","target":{"@type":"EntryPoint","urlTemplate":"https:\/\/ringospincasino.com\/es\/?s={search_term_string}"},"query-input":{"@type":"PropertyValueSpecification","valueRequired":true,"valueName":"search_term_string"}}],"inLanguage":"es"},{"@type":"Organization","@id":"https:\/\/ringospincasino.com\/es\/#organization","name":"Ringospin","url":"https:\/\/ringospincasino.com\/es\/","logo":{"@type":"ImageObject","inLanguage":"es","@id":"https:\/\/ringospincasino.com\/es\/#\/schema\/logo\/image\/","url":"https:\/\/ringospincasino.com\/wp-content\/uploads\/logo-ringospin.svg","contentUrl":"https:\/\/ringospincasino.com\/wp-content\/uploads\/logo-ringospin.svg","width":139,"height":34,"caption":"Ringospin"},"image":{"@id":"https:\/\/ringospincasino.com\/es\/#\/schema\/logo\/image\/"}}]}},"_links":{"self":[{"href":"https:\/\/ringospincasino.com\/es\/wp-json\/wp\/v2\/pages\/1471"}],"collection":[{"href":"https:\/\/ringospincasino.com\/es\/wp-json\/wp\/v2\/pages"}],"about":[{"href":"https:\/\/ringospincasino.com\/es\/wp-json\/wp\/v2\/types\/page"}],"author":[{"embeddable":true,"href":"https:\/\/ringospincasino.com\/es\/wp-json\/wp\/v2\/users\/11"}],"replies":[{"embeddable":true,"href":"https:\/\/ringospincasino.com\/es\/wp-json\/wp\/v2\/comments?post=1471"}],"version-history":[{"count":2,"href":"https:\/\/ringospincasino.com\/es\/wp-json\/wp\/v2\/pages\/1471\/revisions"}],"predecessor-version":[{"id":1500,"href":"https:\/\/ringospincasino.com\/es\/wp-json\/wp\/v2\/pages\/1471\/revisions\/1500"}],"wp:attachment":[{"href":"https:\/\/ringospincasino.com\/es\/wp-json\/wp\/v2\/media?parent=1471"}],"curies":[{"name":"wp","href":"https:\/\/api.w.org\/{rel}","templated":true}]}}