{"id":1445,"date":"2026-02-03T09:43:21","date_gmt":"2026-02-03T09:43:21","guid":{"rendered":"https:\/\/ringospincasino.com\/bonus\/"},"modified":"2026-02-03T12:18:30","modified_gmt":"2026-02-03T12:18:30","slug":"bonificacion","status":"publish","type":"page","link":"https:\/\/ringospincasino.com\/es\/bonificacion\/","title":{"rendered":"Bonificaci\u00f3n"},"content":{"rendered":"<h1>Bonificaciones de RingoSpin<\/h1>\n<p>Usar un casino en l\u00ednea no solo significa ganar, sino tambi\u00e9n obtener recompensas adicionales de las promociones. Por eso, la colecci\u00f3n de RingoSpin bonus tiene ofertas generosas para todos los tipos de jugadores espa\u00f1oles. Puedes obtener giros gratis, fondos de bonificaci\u00f3n y rondas adicionales. Todos los nuevos usuarios reciben autom\u00e1ticamente el paquete de bienvenida de hasta 1.500 \u20ac + 250 giros gratis. Y eso es solo el comienzo de tu rentable viaje en RingoSpin Casino.<\/p>\n<p><div class=\"banner-wrap\" aria-label=\"Banner\"><img src=\"https:\/\/ringospincasino.com\/wp-content\/uploads\/Ringospin-banner-carousel-932\u0445400-4.webp\" class=\"w-100 d-none d-lg-block img-pc main-banner-img\" alt=\"Ringospin banner desktop\" fetchpriority=\"high\" decoding=\"async\"><img src=\"https:\/\/ringospincasino.com\/wp-content\/uploads\/Group-376223.webp\" class=\"w-100 d-none d-md-block d-lg-none main-banner-img\" alt=\"Ringospin banner tablet\" fetchpriority=\"high\" decoding=\"async\"><img src=\"https:\/\/ringospincasino.com\/wp-content\/uploads\/Group-376223.webp\" class=\"w-100 d-md-none\" alt=\"Ringospin banner tablet\" fetchpriority=\"high\" decoding=\"async\"><div class=\"banner-description\">\n<div class=\"banner-title\">Bonos de bienvenida<\/div>\n<p class=\"banner-header-title\">1500 \u20ac<\/p>\n<div class=\"banner-header-AdditionalText\">+ 250 Tiradas gratis<\/div>\n<button data-item=\"homepage_banner_link\" class=\"goto m-button m-gradient-border m-button--primary m-button--large banner-button btn-orange\">\n            <div class=\"m-button-content\">\n                <span>Reg\u00edstrate ahora<\/span>\n                <span><\/span>\n            <\/div>\n        <\/button>\n<\/div>\n<div class=\"WelcomePack\">\n<p><img loading=\"lazy\" decoding=\"async\" class=\"alignnone size-full wp-image-1359\" src=\"https:\/\/ringospincasino.com\/wp-content\/uploads\/welcome-crown.svg\" alt=\"welcome crown\" width=\"25\" height=\"26\" \/><\/p>\n<div class=\"WelcomePack-Info\">Reembolso semanal de hasta el 25 %<\/div>\n<p><img loading=\"lazy\" decoding=\"async\" class=\"alignnone size-full wp-image-1359\" src=\"https:\/\/ringospincasino.com\/wp-content\/uploads\/welcome-crown.svg\" alt=\"welcome crown\" width=\"25\" height=\"26\" \/><\/p>\n<\/div>\n<\/div><div class=\"promotions-wrap\"><div class=\"promotion-card\" style=\"background-image: url(https:\/\/ringospincasino.com\/wp-content\/uploads\/Ringospin-promocards-300\u0445300-2.webp);\"><h2 class=\"promotion-card__title\">Oferta por primer dep\u00f3sito<\/h2><label class=\"promotion-card__offer\">100 % hasta 500 \u20ac + 150 tiradas gratis<\/label><label class=\"promotion-card__description\"><\/label><div class=\"promotion-card__actions\"><button data-item=\"payments_link\" data-group=\"website_links\" class=\"goto btn btn-orange rounded-pill fw-bold px-4 m-button m-gradient-border m-button--primary m-button--large promotion-button promotion-card__action-btn\" aria-label=\"Registrarse\"><div class=\"m-button-content\"><span class=\"promotion-button__content\">Registrarse<\/span><\/div><\/button><button data-item=\"http:\/\/bonus_link\" data-group=\"website_links\" class=\"goto m-button m-gradient-border m-button--secondary m-button--medium promotion-card__info-btn\" aria-label=\"More information\"><div class=\"m-button-content\"><svg viewBox=\"0 0 24 24\" fill=\"none\" xmlns=\"http:\/\/www.w3.org\/2000\/svg\" class=\"m-icon m-icon-loadable\" name=\"Attention\" loading=\"false\" aria-hidden=\"true\"><path d=\"M12 22C6.477 22 2 17.522 2 12S6.477 2 12 2s10 4.478 10 10-4.477 10-10 10m-.002-13.004a.999.999 0 1 0 0-1.997.999.999 0 0 0 0 1.997M12 17a1 1 0 0 0 .993-.884L13 16l-.002-5.001-.007-.117a1 1 0 0 0-1.986 0l-.007.117L11 16l.007.117A1 1 0 0 0 12 17\" fill=\"currentColor\"><\/path><\/svg><\/div><\/button><\/div><\/div><div class=\"promotion-card\" style=\"background-image: url(https:\/\/ringospincasino.com\/wp-content\/uploads\/Ringospin-promocards-300\u0445300-4.webp);\"><h2 class=\"promotion-card__title\">Oferta por segundo dep\u00f3sito<\/h2><label class=\"promotion-card__offer\">55 % hasta 500 \u20ac + 100 tiradas gratis<\/label><label class=\"promotion-card__description\"><\/label><div class=\"promotion-card__actions\"><button data-item=\"payments_link\" data-group=\"website_links\" class=\"goto btn btn-orange rounded-pill fw-bold px-4 m-button m-gradient-border m-button--primary m-button--large promotion-button promotion-card__action-btn\" aria-label=\"Registrarse\"><div class=\"m-button-content\"><span class=\"promotion-button__content\">Registrarse<\/span><\/div><\/button><button data-item=\"http:\/\/bonus_link\" data-group=\"website_links\" class=\"goto m-button m-gradient-border m-button--secondary m-button--medium promotion-card__info-btn\" aria-label=\"More information\"><div class=\"m-button-content\"><svg viewBox=\"0 0 24 24\" fill=\"none\" xmlns=\"http:\/\/www.w3.org\/2000\/svg\" class=\"m-icon m-icon-loadable\" name=\"Attention\" loading=\"false\" aria-hidden=\"true\"><path d=\"M12 22C6.477 22 2 17.522 2 12S6.477 2 12 2s10 4.478 10 10-4.477 10-10 10m-.002-13.004a.999.999 0 1 0 0-1.997.999.999 0 0 0 0 1.997M12 17a1 1 0 0 0 .993-.884L13 16l-.002-5.001-.007-.117a1 1 0 0 0-1.986 0l-.007.117L11 16l.007.117A1 1 0 0 0 12 17\" fill=\"currentColor\"><\/path><\/svg><\/div><\/button><\/div><\/div><div class=\"promotion-card\" style=\"background-image: url(https:\/\/ringospincasino.com\/wp-content\/uploads\/Ringospin-promocards-300\u0445300-5.webp);\"><h2 class=\"promotion-card__title\">Oferta por tercer dep\u00f3sito<\/h2><label class=\"promotion-card__offer\">100 % hasta 500 \u20ac<\/label><label class=\"promotion-card__description\"><\/label><div class=\"promotion-card__actions\"><button data-item=\"payments_link\" data-group=\"website_links\" class=\"goto btn btn-orange rounded-pill fw-bold px-4 m-button m-gradient-border m-button--primary m-button--large promotion-button promotion-card__action-btn\" aria-label=\"Registrarse\"><div class=\"m-button-content\"><span class=\"promotion-button__content\">Registrarse<\/span><\/div><\/button><button data-item=\"http:\/\/bonus_link\" data-group=\"website_links\" class=\"goto m-button m-gradient-border m-button--secondary m-button--medium promotion-card__info-btn\" aria-label=\"More information\"><div class=\"m-button-content\"><svg viewBox=\"0 0 24 24\" fill=\"none\" xmlns=\"http:\/\/www.w3.org\/2000\/svg\" class=\"m-icon m-icon-loadable\" name=\"Attention\" loading=\"false\" aria-hidden=\"true\"><path d=\"M12 22C6.477 22 2 17.522 2 12S6.477 2 12 2s10 4.478 10 10-4.477 10-10 10m-.002-13.004a.999.999 0 1 0 0-1.997.999.999 0 0 0 0 1.997M12 17a1 1 0 0 0 .993-.884L13 16l-.002-5.001-.007-.117a1 1 0 0 0-1.986 0l-.007.117L11 16l.007.117A1 1 0 0 0 12 17\" fill=\"currentColor\"><\/path><\/svg><\/div><\/button><\/div><\/div><div class=\"promotion-card\" style=\"background-image: url(https:\/\/ringospincasino.com\/wp-content\/uploads\/Ringospin-promocards-300\u0445300-11.webp);\"><h2 class=\"promotion-card__title\">Reembolso<\/h2><label class=\"promotion-card__offer\">hasta el 25 %<\/label><label class=\"promotion-card__description\"><\/label><div class=\"promotion-card__actions\"><button data-item=\"payments_link\" data-group=\"website_links\" class=\"goto btn btn-orange rounded-pill fw-bold px-4 m-button m-gradient-border m-button--primary m-button--large promotion-button promotion-card__action-btn\" aria-label=\"Registrarse\"><div class=\"m-button-content\"><span class=\"promotion-button__content\">Registrarse<\/span><\/div><\/button><button data-item=\"http:\/\/bonus_link\" data-group=\"website_links\" class=\"goto m-button m-gradient-border m-button--secondary m-button--medium promotion-card__info-btn\" aria-label=\"More information\"><div class=\"m-button-content\"><svg viewBox=\"0 0 24 24\" fill=\"none\" xmlns=\"http:\/\/www.w3.org\/2000\/svg\" class=\"m-icon m-icon-loadable\" name=\"Attention\" loading=\"false\" aria-hidden=\"true\"><path d=\"M12 22C6.477 22 2 17.522 2 12S6.477 2 12 2s10 4.478 10 10-4.477 10-10 10m-.002-13.004a.999.999 0 1 0 0-1.997.999.999 0 0 0 0 1.997M12 17a1 1 0 0 0 .993-.884L13 16l-.002-5.001-.007-.117a1 1 0 0 0-1.986 0l-.007.117L11 16l.007.117A1 1 0 0 0 12 17\" fill=\"currentColor\"><\/path><\/svg><\/div><\/button><\/div><\/div><div class=\"promotion-card\" style=\"background-image: url(https:\/\/ringospincasino.com\/wp-content\/uploads\/Ringospin-promocards-300\u0445300-3.webp);\"><h2 class=\"promotion-card__title\">Sistema de rakeback<\/h2><label class=\"promotion-card__offer\">hasta el 17%<\/label><label class=\"promotion-card__description\"><\/label><div class=\"promotion-card__actions\"><button data-item=\"payments_link\" data-group=\"website_links\" class=\"goto btn btn-orange rounded-pill fw-bold px-4 m-button m-gradient-border m-button--primary m-button--large promotion-button promotion-card__action-btn\" aria-label=\"Registrarse\"><div class=\"m-button-content\"><span class=\"promotion-button__content\">Registrarse<\/span><\/div><\/button><button data-item=\"http:\/\/bonus_link\" data-group=\"website_links\" class=\"goto m-button m-gradient-border m-button--secondary m-button--medium promotion-card__info-btn\" aria-label=\"More information\"><div class=\"m-button-content\"><svg viewBox=\"0 0 24 24\" fill=\"none\" xmlns=\"http:\/\/www.w3.org\/2000\/svg\" class=\"m-icon m-icon-loadable\" name=\"Attention\" loading=\"false\" aria-hidden=\"true\"><path d=\"M12 22C6.477 22 2 17.522 2 12S6.477 2 12 2s10 4.478 10 10-4.477 10-10 10m-.002-13.004a.999.999 0 1 0 0-1.997.999.999 0 0 0 0 1.997M12 17a1 1 0 0 0 .993-.884L13 16l-.002-5.001-.007-.117a1 1 0 0 0-1.986 0l-.007.117L11 16l.007.117A1 1 0 0 0 12 17\" fill=\"currentColor\"><\/path><\/svg><\/div><\/button><\/div><\/div><div class=\"promotion-card\" style=\"background-image: url(https:\/\/ringospincasino.com\/wp-content\/uploads\/Ringospin-promocards-300\u0445300.webp);\"><h2 class=\"promotion-card__title\">Recarga dominical<\/h2><label class=\"promotion-card__offer\">25 % hasta 100 \u20ac<\/label><label class=\"promotion-card__description\"><\/label><div class=\"promotion-card__actions\"><button data-item=\"payments_link\" data-group=\"website_links\" class=\"goto btn btn-orange rounded-pill fw-bold px-4 m-button m-gradient-border m-button--primary m-button--large promotion-button promotion-card__action-btn\" aria-label=\"Registrarse\"><div class=\"m-button-content\"><span class=\"promotion-button__content\">Registrarse<\/span><\/div><\/button><button data-item=\"http:\/\/bonus_link\" data-group=\"website_links\" class=\"goto m-button m-gradient-border m-button--secondary m-button--medium promotion-card__info-btn\" aria-label=\"More information\"><div class=\"m-button-content\"><svg viewBox=\"0 0 24 24\" fill=\"none\" xmlns=\"http:\/\/www.w3.org\/2000\/svg\" class=\"m-icon m-icon-loadable\" name=\"Attention\" loading=\"false\" aria-hidden=\"true\"><path d=\"M12 22C6.477 22 2 17.522 2 12S6.477 2 12 2s10 4.478 10 10-4.477 10-10 10m-.002-13.004a.999.999 0 1 0 0-1.997.999.999 0 0 0 0 1.997M12 17a1 1 0 0 0 .993-.884L13 16l-.002-5.001-.007-.117a1 1 0 0 0-1.986 0l-.007.117L11 16l.007.117A1 1 0 0 0 12 17\" fill=\"currentColor\"><\/path><\/svg><\/div><\/button><\/div><\/div><div class=\"promotion-card\" style=\"background-image: url(https:\/\/ringospincasino.com\/wp-content\/uploads\/silver-Ringospin-promocards-300\u0445300.webp);\"><h2 class=\"promotion-card__title\">Oferta para grandes apostadores<\/h2><label class=\"promotion-card__offer\">50 % hasta 500 \u20ac<\/label><label class=\"promotion-card__description\"><\/label><div class=\"promotion-card__actions\"><button data-item=\"payments_link\" data-group=\"website_links\" class=\"goto btn btn-orange rounded-pill fw-bold px-4 m-button m-gradient-border m-button--primary m-button--large promotion-button promotion-card__action-btn\" aria-label=\"Registrarse\"><div class=\"m-button-content\"><span class=\"promotion-button__content\">Registrarse<\/span><\/div><\/button><button data-item=\"http:\/\/bonus_link\" data-group=\"website_links\" class=\"goto m-button m-gradient-border m-button--secondary m-button--medium promotion-card__info-btn\" aria-label=\"More information\"><div class=\"m-button-content\"><svg viewBox=\"0 0 24 24\" fill=\"none\" xmlns=\"http:\/\/www.w3.org\/2000\/svg\" class=\"m-icon m-icon-loadable\" name=\"Attention\" loading=\"false\" aria-hidden=\"true\"><path d=\"M12 22C6.477 22 2 17.522 2 12S6.477 2 12 2s10 4.478 10 10-4.477 10-10 10m-.002-13.004a.999.999 0 1 0 0-1.997.999.999 0 0 0 0 1.997M12 17a1 1 0 0 0 .993-.884L13 16l-.002-5.001-.007-.117a1 1 0 0 0-1.986 0l-.007.117L11 16l.007.117A1 1 0 0 0 12 17\" fill=\"currentColor\"><\/path><\/svg><\/div><\/button><\/div><\/div><\/div><div class=\"scrollable-content-wrap my-5\"><div class=\"scrollable-content-inner\"><h2>Ofertas de bonos de RingoSpin<\/h2>\n<p>Hay muchas formas de obtener beneficios adicionales mientras exploras Ringo Spin Casino. Tenemos opciones para diferentes gustos y presupuestos. Hay promociones temporales y bonificaciones de temporada dedicadas a d\u00edas festivos o eventos especiales. Actualmente, encontrar\u00e1s las siguientes opciones en nuestro sitio web:<\/p>\n<ul>\n<li>Reembolso semanal de hasta el 25 %<\/li>\n<li>Oferta para grandes apostadores del 50 % hasta 500 \u20ac<\/li>\n<li>Rakeback de hasta el 17 %<\/li>\n<li>Recarga dominical del 25 % hasta 100 \u20ac<\/li>\n<\/ul>\n<p>Adem\u00e1s, tenemos un bono de bienvenida para todos los nuevos clientes, con el que pueden obtener dinero adicional y tiradas gratis. Desde el principio de tu aventura, tambi\u00e9n puedes completar misiones sencillas y ganar monedas. Estas se pueden canjear por fant\u00e1sticos premios.<\/p>\n<h2>RingoSpin: ofertas de bienvenida<\/h2>\n<p>Si eres nuevo en nuestra plataforma RingoSpin Casino, te recomendamos que completes el registro, ya que te permite jugar con dinero real y acceder a todas las fant\u00e1sticas funciones de la plataforma. Adem\u00e1s, todos los nuevos jugadores recibir\u00e1n un paquete de bienvenida de hasta 1.500 \u20ac + 250 tiradas gratis que se dividir\u00e1n entre los tres primeros dep\u00f3sitos. Solo tienes que crear una cuenta y recargarla.<\/p>\n<p>El bono Ringo Spin para nuevos clientes prolongar\u00e1 tu experiencia de juego y la har\u00e1 m\u00e1s agradable. En la siguiente tabla se proporciona m\u00e1s informaci\u00f3n sobre c\u00f3mo se dividir\u00e1 entre los tres primeros dep\u00f3sitos.<\/p>\n<table>\n<tbody>\n<tr>\n<td>Oferta por primer dep\u00f3sito<\/td>\n<td>500 \u20ac + 150 tiradas gratis<\/td>\n<\/tr>\n<tr>\n<td>Oferta por segundo dep\u00f3sito<\/td>\n<td>500 \u20ac + 100 tiradas gratis<\/td>\n<\/tr>\n<tr>\n<td>Oferta por tercer dep\u00f3sito<\/td>\n<td>500 \u20ac<\/td>\n<\/tr>\n<\/tbody>\n<\/table>\n<h3>Reglas del bono de bienvenida<\/h3>\n<p>Todas las promociones de nuestro sitio web tienen sus propios t\u00e9rminos y condiciones. Esto tambi\u00e9n se aplica al paquete de bienvenida. Para obtener este bono, los usuarios deben depositar al menos 20 \u20ac. Recibir\u00e1n 50 tiradas gratis al d\u00eda. Las tiradas gratis se pueden utilizar en las tragaperras online de BGaming.<\/p>\n<p>Una vez activada la promoci\u00f3n, estar\u00e1 disponible durante 7 d\u00edas. Para retirar los fondos, deber\u00e1 apostar el importe del bono 35 veces. Los jugadores no necesitan ning\u00fan c\u00f3digo promocional para aprovechar la oferta de bonificaci\u00f3n de RingoSpin.<\/p>\n<h2>Lista de torneos y actividades<\/h2>\n<p>Como parte de las promociones, tambi\u00e9n tenemos una amplia selecci\u00f3n de torneos Ringo Spin. Son ideales para cualquiera que disfrute compitiendo contra otros. Nuestros torneos se centran principalmente en las m\u00e1quinas tragamonedas y los t\u00edtulos de casino en vivo. Otra ventaja es que puedes ganar enormes premios de miles o incluso millones de euros jugando a tus juegos favoritos. La siguiente tabla proporciona informaci\u00f3n sobre los eventos disponibles en RingoSpin Casino.<\/p>\n<table>\n<tbody>\n<tr>\n<td>Torneo<\/td>\n<td>Bote de premios<\/td>\n<\/tr>\n<tr>\n<td>Spinoleague<\/td>\n<td>12.000.000 \u20ac<\/td>\n<\/tr>\n<tr>\n<td>BGaming Drops<\/td>\n<td>60.000 \u20ac<\/td>\n<\/tr>\n<tr>\n<td>Torneo en vivo<\/td>\n<td>10.000 \u20ac<\/td>\n<\/tr>\n<\/tbody>\n<\/table>\n<h2>T\u00e9rminos y condiciones<\/h2>\n<p>Para activar la promoci\u00f3n y obtener las ganancias, debes cumplir todos los t\u00e9rminos y condiciones de la oferta espec\u00edfica. Las reglas de los bonos de RingoSpin en nuestra plataforma son claras. Puedes encontrar informaci\u00f3n general sobre las promociones en la secci\u00f3n \u00abCuentas, pagos y bonos\u00bb. Al hacer clic en la opci\u00f3n preferida en la secci\u00f3n \u00abPromociones\u00bb, los usuarios ver\u00e1n los t\u00e9rminos de ese bono espec\u00edfico.<\/p>\n<p>Aunque ya tengas experiencia con otro casino online, familiar\u00edzate siempre con las reglas de cada promoci\u00f3n espec\u00edfica. Hay categor\u00edas espec\u00edficas que se aplican en la mayor\u00eda de los casos:<\/p>\n<ul>\n<li>Dep\u00f3sito m\u00ednimo<\/li>\n<li>Periodo de validez<\/li>\n<li>Contribuci\u00f3n del juego<\/li>\n<li>Apuesta m\u00e1xima<\/li>\n<li>Requisitos de apuesta<\/li>\n<\/ul>\n<h2>Preguntas frecuentes<\/h2>\n<h3>\u00bfPuedo tener m\u00e1s de un bono activo?<\/h3>\n<p>Las reglas de nuestra plataforma permiten a los usuarios tener solo un bono de dep\u00f3sito activo a la vez. Esto no se aplica a los torneos. Siempre debes leer los requisitos de cada promoci\u00f3n espec\u00edfica de RingoSpin.<\/p>\n<h3>\u00bfLos bonos est\u00e1n disponibles en el m\u00f3vil\/PWA?<\/h3>\n<p>La versi\u00f3n m\u00f3vil de nuestro sitio web, as\u00ed como la aplicaci\u00f3n dedicada, son un reflejo de la plataforma principal. Esto significa que todas las mismas funciones, incluidas las promociones, est\u00e1n disponibles all\u00ed. Despu\u00e9s de iniciar sesi\u00f3n en tu cuenta en diferentes dispositivos, todos tus logros se sincronizar\u00e1n.<\/p>\n<h3>\u00bfPor qu\u00e9 se cancel\u00f3 mi promoci\u00f3n?<\/h3>\n<p>Si ha intentado eludir las reglas de nuestra plataforma o de una oferta espec\u00edfica, nos reservamos el derecho de anular la promoci\u00f3n. Los usuarios siempre pueden ponerse en contacto con nuestro servicio de atenci\u00f3n al cliente de Ringo Spin Casino, disponible las 24 horas del d\u00eda, los 7 d\u00edas de la semana, a trav\u00e9s del chat en vivo o del correo electr\u00f3nico para obtener informaci\u00f3n adicional.<\/p>\n<\/div><\/div><\/p>\n","protected":false},"excerpt":{"rendered":"<p>Bonificaciones de RingoSpin Usar un casino en l\u00ednea no solo significa ganar, sino tambi\u00e9n obtener recompensas adicionales de las promociones. Por eso, la colecci\u00f3n de RingoSpin bonus tiene ofertas generosas para todos los tipos de jugadores espa\u00f1oles. Puedes obtener giros gratis, fondos de bonificaci\u00f3n y rondas adicionales. Todos los nuevos usuarios reciben autom\u00e1ticamente el paquete [&hellip;]<\/p>\n","protected":false},"author":11,"featured_media":0,"parent":0,"menu_order":0,"comment_status":"closed","ping_status":"closed","template":"template-builder.php","meta":{"_acf_changed":false,"inline_featured_image":false,"footnotes":""},"class_list":["post-1445","page","type-page","status-publish","hentry"],"acf":[],"yoast_head":"<!-- This site is optimized with the Yoast SEO plugin v24.4 - https:\/\/yoast.com\/wordpress\/plugins\/seo\/ -->\n<title>RingoSpin Casino Bonus | Welcome and Promo Offers<\/title>\n<meta name=\"description\" content=\"RingoSpin Casino Bonus \u2013 discover welcome packages, reload rewards, free spins, and weekly promos. Unlock cashback perks and seasonal offers available at Ringo Spin.\" \/>\n<meta name=\"robots\" content=\"index, follow, max-snippet:-1, max-image-preview:large, max-video-preview:-1\" \/>\n<link rel=\"canonical\" href=\"https:\/\/ringospincasino.com\/es\/bonificacion\/\" \/>\n<meta property=\"og:locale\" content=\"es_ES\" \/>\n<meta property=\"og:type\" content=\"article\" \/>\n<meta property=\"og:title\" content=\"RingoSpin Casino Bonus | Welcome and Promo Offers\" \/>\n<meta property=\"og:description\" content=\"RingoSpin Casino Bonus \u2013 discover welcome packages, reload rewards, free spins, and weekly promos. Unlock cashback perks and seasonal offers available at Ringo Spin.\" \/>\n<meta property=\"og:url\" content=\"https:\/\/ringospincasino.com\/es\/bonificacion\/\" \/>\n<meta property=\"og:site_name\" content=\"Ringospin\" \/>\n<meta property=\"article:modified_time\" content=\"2026-02-03T12:18:30+00:00\" \/>\n<meta name=\"twitter:card\" content=\"summary_large_image\" \/>\n<meta name=\"twitter:label1\" content=\"Est. reading time\" \/>\n\t<meta name=\"twitter:data1\" content=\"1 minuto\" \/>\n<script type=\"application\/ld+json\" class=\"yoast-schema-graph\">{\"@context\":\"https:\/\/schema.org\",\"@graph\":[{\"@type\":\"WebPage\",\"@id\":\"https:\/\/ringospincasino.com\/es\/bonificacion\/\",\"url\":\"https:\/\/ringospincasino.com\/es\/bonificacion\/\",\"name\":\"RingoSpin Casino Bonus | Welcome and Promo Offers\",\"isPartOf\":{\"@id\":\"https:\/\/ringospincasino.com\/es\/#website\"},\"datePublished\":\"2026-02-03T09:43:21+00:00\",\"dateModified\":\"2026-02-03T12:18:30+00:00\",\"description\":\"RingoSpin Casino Bonus \u2013 discover welcome packages, reload rewards, free spins, and weekly promos. Unlock cashback perks and seasonal offers available at Ringo Spin.\",\"breadcrumb\":{\"@id\":\"https:\/\/ringospincasino.com\/es\/bonificacion\/#breadcrumb\"},\"inLanguage\":\"es\",\"potentialAction\":[{\"@type\":\"ReadAction\",\"target\":[\"https:\/\/ringospincasino.com\/es\/bonificacion\/\"]}]},{\"@type\":\"BreadcrumbList\",\"@id\":\"https:\/\/ringospincasino.com\/es\/bonificacion\/#breadcrumb\",\"itemListElement\":[{\"@type\":\"ListItem\",\"position\":1,\"name\":\"Ringospin\",\"item\":\"https:\/\/ringospincasino.com\/es\/\"},{\"@type\":\"ListItem\",\"position\":2,\"name\":\"Bonificaci\u00f3n\"}]},{\"@type\":\"WebSite\",\"@id\":\"https:\/\/ringospincasino.com\/es\/#website\",\"url\":\"https:\/\/ringospincasino.com\/es\/\",\"name\":\"Ringospin\",\"description\":\"\",\"publisher\":{\"@id\":\"https:\/\/ringospincasino.com\/es\/#organization\"},\"potentialAction\":[{\"@type\":\"SearchAction\",\"target\":{\"@type\":\"EntryPoint\",\"urlTemplate\":\"https:\/\/ringospincasino.com\/es\/?s={search_term_string}\"},\"query-input\":{\"@type\":\"PropertyValueSpecification\",\"valueRequired\":true,\"valueName\":\"search_term_string\"}}],\"inLanguage\":\"es\"},{\"@type\":\"Organization\",\"@id\":\"https:\/\/ringospincasino.com\/es\/#organization\",\"name\":\"Ringospin\",\"url\":\"https:\/\/ringospincasino.com\/es\/\",\"logo\":{\"@type\":\"ImageObject\",\"inLanguage\":\"es\",\"@id\":\"https:\/\/ringospincasino.com\/es\/#\/schema\/logo\/image\/\",\"url\":\"https:\/\/ringospincasino.com\/wp-content\/uploads\/logo-ringospin.svg\",\"contentUrl\":\"https:\/\/ringospincasino.com\/wp-content\/uploads\/logo-ringospin.svg\",\"width\":139,\"height\":34,\"caption\":\"Ringospin\"},\"image\":{\"@id\":\"https:\/\/ringospincasino.com\/es\/#\/schema\/logo\/image\/\"}}]}<\/script>\n<!-- \/ Yoast SEO plugin. -->","yoast_head_json":{"title":"RingoSpin Casino Bonus | Welcome and Promo Offers","description":"RingoSpin Casino Bonus \u2013 discover welcome packages, reload rewards, free spins, and weekly promos. Unlock cashback perks and seasonal offers available at Ringo Spin.","robots":{"index":"index","follow":"follow","max-snippet":"max-snippet:-1","max-image-preview":"max-image-preview:large","max-video-preview":"max-video-preview:-1"},"canonical":"https:\/\/ringospincasino.com\/es\/bonificacion\/","og_locale":"es_ES","og_type":"article","og_title":"RingoSpin Casino Bonus | Welcome and Promo Offers","og_description":"RingoSpin Casino Bonus \u2013 discover welcome packages, reload rewards, free spins, and weekly promos. Unlock cashback perks and seasonal offers available at Ringo Spin.","og_url":"https:\/\/ringospincasino.com\/es\/bonificacion\/","og_site_name":"Ringospin","article_modified_time":"2026-02-03T12:18:30+00:00","twitter_card":"summary_large_image","twitter_misc":{"Est. reading time":"1 minuto"},"schema":{"@context":"https:\/\/schema.org","@graph":[{"@type":"WebPage","@id":"https:\/\/ringospincasino.com\/es\/bonificacion\/","url":"https:\/\/ringospincasino.com\/es\/bonificacion\/","name":"RingoSpin Casino Bonus | Welcome and Promo Offers","isPartOf":{"@id":"https:\/\/ringospincasino.com\/es\/#website"},"datePublished":"2026-02-03T09:43:21+00:00","dateModified":"2026-02-03T12:18:30+00:00","description":"RingoSpin Casino Bonus \u2013 discover welcome packages, reload rewards, free spins, and weekly promos. Unlock cashback perks and seasonal offers available at Ringo Spin.","breadcrumb":{"@id":"https:\/\/ringospincasino.com\/es\/bonificacion\/#breadcrumb"},"inLanguage":"es","potentialAction":[{"@type":"ReadAction","target":["https:\/\/ringospincasino.com\/es\/bonificacion\/"]}]},{"@type":"BreadcrumbList","@id":"https:\/\/ringospincasino.com\/es\/bonificacion\/#breadcrumb","itemListElement":[{"@type":"ListItem","position":1,"name":"Ringospin","item":"https:\/\/ringospincasino.com\/es\/"},{"@type":"ListItem","position":2,"name":"Bonificaci\u00f3n"}]},{"@type":"WebSite","@id":"https:\/\/ringospincasino.com\/es\/#website","url":"https:\/\/ringospincasino.com\/es\/","name":"Ringospin","description":"","publisher":{"@id":"https:\/\/ringospincasino.com\/es\/#organization"},"potentialAction":[{"@type":"SearchAction","target":{"@type":"EntryPoint","urlTemplate":"https:\/\/ringospincasino.com\/es\/?s={search_term_string}"},"query-input":{"@type":"PropertyValueSpecification","valueRequired":true,"valueName":"search_term_string"}}],"inLanguage":"es"},{"@type":"Organization","@id":"https:\/\/ringospincasino.com\/es\/#organization","name":"Ringospin","url":"https:\/\/ringospincasino.com\/es\/","logo":{"@type":"ImageObject","inLanguage":"es","@id":"https:\/\/ringospincasino.com\/es\/#\/schema\/logo\/image\/","url":"https:\/\/ringospincasino.com\/wp-content\/uploads\/logo-ringospin.svg","contentUrl":"https:\/\/ringospincasino.com\/wp-content\/uploads\/logo-ringospin.svg","width":139,"height":34,"caption":"Ringospin"},"image":{"@id":"https:\/\/ringospincasino.com\/es\/#\/schema\/logo\/image\/"}}]}},"_links":{"self":[{"href":"https:\/\/ringospincasino.com\/es\/wp-json\/wp\/v2\/pages\/1445"}],"collection":[{"href":"https:\/\/ringospincasino.com\/es\/wp-json\/wp\/v2\/pages"}],"about":[{"href":"https:\/\/ringospincasino.com\/es\/wp-json\/wp\/v2\/types\/page"}],"author":[{"embeddable":true,"href":"https:\/\/ringospincasino.com\/es\/wp-json\/wp\/v2\/users\/11"}],"replies":[{"embeddable":true,"href":"https:\/\/ringospincasino.com\/es\/wp-json\/wp\/v2\/comments?post=1445"}],"version-history":[{"count":2,"href":"https:\/\/ringospincasino.com\/es\/wp-json\/wp\/v2\/pages\/1445\/revisions"}],"predecessor-version":[{"id":1497,"href":"https:\/\/ringospincasino.com\/es\/wp-json\/wp\/v2\/pages\/1445\/revisions\/1497"}],"wp:attachment":[{"href":"https:\/\/ringospincasino.com\/es\/wp-json\/wp\/v2\/media?parent=1445"}],"curies":[{"name":"wp","href":"https:\/\/api.w.org\/{rel}","templated":true}]}}