{"id":1433,"date":"2026-02-03T09:30:18","date_gmt":"2026-02-03T09:30:18","guid":{"rendered":"https:\/\/ringospincasino.com\/app\/"},"modified":"2026-02-03T12:08:46","modified_gmt":"2026-02-03T12:08:46","slug":"aplicacion","status":"publish","type":"page","link":"https:\/\/ringospincasino.com\/es\/aplicacion\/","title":{"rendered":"Aplicaci\u00f3n"},"content":{"rendered":"<h1>Aplicaci\u00f3n RingoSpin<\/h1>\n<p>En el mundo moderno, los usuarios espa\u00f1oles quieren ser flexibles y estar conectados en cualquier lugar. Con la RingoSpin App, esto es posible. Podr\u00e1s acceder a todos tus juegos favoritos, bonificaciones y otras funciones con solo visitar nuestra versi\u00f3n para navegadores m\u00f3viles o instalar la aplicaci\u00f3n. Ambas son compatibles con todos los dispositivos Android e iOS modernos.<\/p>\n<div class=\"banner-wrap\" aria-label=\"Banner\"><img src=\"https:\/\/ringospincasino.com\/wp-content\/uploads\/Ringospin-banner-carousel-932\u0445400-4.webp\" class=\"w-100 d-none d-lg-block img-pc main-banner-img\" alt=\"Ringospin banner desktop\" fetchpriority=\"high\" decoding=\"async\"><img src=\"https:\/\/ringospincasino.com\/wp-content\/uploads\/Group-376223.webp\" class=\"w-100 d-none d-md-block d-lg-none main-banner-img\" alt=\"Ringospin banner tablet\" fetchpriority=\"high\" decoding=\"async\"><img src=\"https:\/\/ringospincasino.com\/wp-content\/uploads\/Group-376223.webp\" class=\"w-100 d-md-none\" alt=\"Ringospin banner tablet\" fetchpriority=\"high\" decoding=\"async\"><div class=\"banner-description\">\n<div class=\"banner-title\">Bonos de bienvenida<\/div>\n<p class=\"banner-header-title\">1500 \u20ac<\/p>\n<div class=\"banner-header-AdditionalText\">+ 250 Tiradas gratis<\/div>\n<button data-item=\"homepage_banner_link\" class=\"goto m-button m-gradient-border m-button--primary m-button--large banner-button btn-orange\">\n            <div class=\"m-button-content\">\n                <span>Reg\u00edstrate ahora<\/span>\n                <span><\/span>\n            <\/div>\n        <\/button>\n<\/div>\n<div class=\"WelcomePack\">\n<p><img loading=\"lazy\" decoding=\"async\" class=\"alignnone size-full wp-image-1359\" src=\"https:\/\/ringospincasino.com\/wp-content\/uploads\/welcome-crown.svg\" alt=\"welcome crown\" width=\"25\" height=\"26\" \/><\/p>\n<div class=\"WelcomePack-Info\">Reembolso semanal de hasta el 25 %<\/div>\n<p><img loading=\"lazy\" decoding=\"async\" class=\"alignnone size-full wp-image-1359\" src=\"https:\/\/ringospincasino.com\/wp-content\/uploads\/welcome-crown.svg\" alt=\"welcome crown\" width=\"25\" height=\"26\" \/><\/p>\n<\/div>\n<\/div>\n<h2>Caracter\u00edsticas de la aplicaci\u00f3n RingoSpin<\/h2>\n<p>Para jugar sobre la marcha, solo necesitas un dispositivo m\u00f3vil y una conexi\u00f3n a Internet estable. Ofrecemos dos opciones muy pr\u00e1cticas: el sitio web y la aplicaci\u00f3n RingoSpin. Ambas son un reflejo de la versi\u00f3n principal para ordenador y ofrecen los mismos juegos, pagos, atenci\u00f3n al cliente y promociones. Ahora ya no est\u00e1s limitado por la ubicaci\u00f3n de tu casa o tu PC.<\/p>\n<p>El software m\u00f3vil est\u00e1 desarrollado como una aplicaci\u00f3n web progresiva (PWA). Puedes instalarlo f\u00e1cilmente desde nuestro sitio web de Ringo Spin Casino. Si deseas obtener m\u00e1s informaci\u00f3n sobre esta opci\u00f3n, a continuaci\u00f3n encontrar\u00e1s las principales caracter\u00edsticas:<\/p>\n<ul>\n<li>R\u00e1pida velocidad de carga gracias a su arquitectura ligera y al almacenamiento en cach\u00e9.<\/li>\n<li>Instalaci\u00f3n r\u00e1pida sin descargas de la tienda de aplicaciones<\/li>\n<li>Actualizaciones autom\u00e1ticas sin necesidad de instalaciones manuales<\/li>\n<li>Bajo consumo de almacenamiento en comparaci\u00f3n con las aplicaciones nativas<\/li>\n<li>Notificaciones push para promociones, actualizaciones o alertas<\/li>\n<li>Acceso seguro a trav\u00e9s de HTTPS y est\u00e1ndares de cifrado modernos<\/li>\n<\/ul>\n<p><div class=\"scrollable-content-wrap my-5\"><div class=\"scrollable-content-inner\"><h2>Aplicaci\u00f3n RingoSpin: iOS<\/h2>\n<p>Para una experiencia de juego m\u00e1s c\u00f3moda, hemos creado el software m\u00f3vil para iOS. No importa si se trata de un iPhone o un iPad: podr\u00e1s disfrutar de todas las funciones de RingoSpin. Los usuarios tienen acceso a las mismas funcionalidades, como juegos, registro, pagos y proceso de verificaci\u00f3n.<\/p>\n<p>Tu experiencia en un dispositivo m\u00f3vil ser\u00e1 segura y protegida. Como casino online con licencia, seguimos todas las normativas y protocolos necesarios del sector. Tambi\u00e9n utilizamos cortafuegos de aplicaciones web para evitar ataques a la capa de aplicaciones.<\/p>\n<p>Todos los jugadores de iOS pueden instalar la aplicaci\u00f3n en pocos minutos. Si tienes alg\u00fan problema con el proceso de instalaci\u00f3n, ponte en contacto con nuestro servicio de asistencia. Sigue nuestras instrucciones a continuaci\u00f3n para hacerlo r\u00e1pidamente y sin problemas adicionales.<\/p>\n<table>\n<tbody>\n<tr>\n<td>Paso<\/td>\n<td>Detalles<\/td>\n<\/tr>\n<tr>\n<td>Ve al sitio web de RingoSpin Casino<\/td>\n<td>Visita nuestra plataforma desde tu dispositivo iOS en cualquier navegador m\u00f3vil que prefieras.<\/td>\n<\/tr>\n<tr>\n<td>Haz clic en el bot\u00f3n \u00abAplicaci\u00f3n del casino\u00bb<\/td>\n<td>El bot\u00f3n se encuentra en el pie de p\u00e1gina del sitio web.<\/td>\n<\/tr>\n<tr>\n<td>Selecciona \u00abInstalaci\u00f3n\u00bb<\/td>\n<td>En la p\u00e1gina que aparecer\u00e1 en el centro de la pantalla, encontrar\u00e1s el bot\u00f3n que necesitas.<\/td>\n<\/tr>\n<tr>\n<td>Complete la instalaci\u00f3n<\/td>\n<td>El proceso tardar\u00e1 unos 2 minutos. Despu\u00e9s, el icono aparecer\u00e1 en tu pantalla de inicio.<\/td>\n<\/tr>\n<\/tbody>\n<\/table>\n<h2><img loading=\"lazy\" decoding=\"async\" src=\"https:\/\/ringospincasino.com\/wp-content\/uploads\/App4-3.webp\" alt=\"App4\" width=\"1248\" height=\"536\" \/><\/h2>\n<\/div><\/div><div style=\"clear: both\"><\/div><div class=\"d-flex justify-content-center\"><button data-item=\"decouvrez_link\" data-group=\"website_links\" class=\"goto fw-bold rounded-pill btn btn-orange\" aria-label=\"Descarga la aplicaci\u00f3n Ringospin\" >Descarga la aplicaci\u00f3n Ringospin<\/button><\/div><div class=\"scrollable-content-wrap my-5\"><div class=\"scrollable-content-inner\"><h2>Aplicaci\u00f3n RingoSpin para Android<\/h2>\n<p>Los usuarios de Android pueden acceder a la plataforma RingoSpin Casino sin ning\u00fan problema. Es posible incluso sin descargar archivos APK, que pueden ser perjudiciales para su dispositivo. Solo tiene que visitar nuestro sitio web en cualquier navegador que prefiera. Toda la colecci\u00f3n de juegos est\u00e1 disponible para nuestros usuarios de Android, incluyendo tragamonedas en l\u00ednea, juegos de mesa, opciones con crupier en vivo y t\u00edtulos con premios instant\u00e1neos.<\/p>\n<p>Nuestro casino m\u00f3vil tambi\u00e9n est\u00e1 disponible a trav\u00e9s de una aplicaci\u00f3n dedicada de RingoSpin. Te proporcionar\u00e1 una experiencia m\u00e1s personalizada. La instalaci\u00f3n es r\u00e1pida y sencilla y se puede completar directamente desde nuestro sitio web. Solo tienes que ir a nuestro sitio web desde tu smartphone o tableta, hacer clic en el bot\u00f3n de tres puntos de la barra de direcciones de tu navegador y seleccionar \u00abA\u00f1adir a la pantalla de inicio\u00bb. En un segundo, el icono de Ringo Spin aparecer\u00e1 en tu pantalla principal.<\/p>\n<h3>Permisos de seguridad<\/h3>\n<p>Los permisos de seguridad de la aplicaci\u00f3n RingoSpin est\u00e1n dise\u00f1ados para proteger los datos de los usuarios y garantizar un funcionamiento fluido y seguro. El software m\u00f3vil solo solicita permisos esenciales, como el acceso a Internet para jugar en tiempo real y las notificaciones de actualizaciones importantes de la cuenta o promociones de. No se necesita ning\u00fan acceso innecesario a archivos personales, contactos o datos del dispositivo.<\/p>\n<p><img loading=\"lazy\" decoding=\"async\" src=\"https:\/\/ringospincasino.com\/wp-content\/uploads\/App2-2.webp\" alt=\"App2\" width=\"1248\" height=\"536\" \/><\/p>\n<\/div><\/div><div style=\"clear: both\"><\/div><div class=\"d-flex justify-content-center\"><button data-item=\"decouvrez_link\" data-group=\"website_links\" class=\"goto fw-bold rounded-pill btn btn-orange\" aria-label=\"Descarga la aplicaci\u00f3n Ringospin\" >Descarga la aplicaci\u00f3n Ringospin<\/button><\/div><div class=\"scrollable-content-wrap my-5\"><div class=\"scrollable-content-inner\"><h2>Ringo Spin Casino \u2013 Versi\u00f3n para ordenador<\/h2>\n<p>Aunque hay muchas personas que prefieren jugar en un dispositivo m\u00f3vil, a veces es m\u00e1s c\u00f3modo tener una pantalla grande y disfrutar de la calidez de tu hogar. Eso es posible con Ringo Spin Casino para PC, compatible con Windows y macOS. Utilizamos el innovador cifrado 1.3. TLS para mantener segura tu informaci\u00f3n personal, independientemente del dispositivo que utilices.<\/p>\n<p>Para un acceso m\u00e1s r\u00e1pido, los jugadores pueden instalar un icono de acceso directo. En este caso, no es necesario abrir el navegador y buscar el sitio web que deseas. Simplemente haz clic en el icono de la pantalla de inicio. Si prefieres utilizar diferentes dispositivos, solo tienes que iniciar sesi\u00f3n en tu cuenta en ellos y tus datos personales se sincronizar\u00e1n entre ellos.<\/p>\n<h2>Interfaz optimizada para controles t\u00e1ctiles<\/h2>\n<p>Es importante contar con un software m\u00f3vil que sea intuitivo, receptivo y c\u00f3modo de usar en tel\u00e9fonos inteligentes y tabletas. Por eso, la interfaz se ha optimizado por completo para controles t\u00e1ctiles. Los botones tienen un tama\u00f1o y un espaciado cuidadosamente calculados para evitar pulsaciones accidentales. Los juegos se cargan en modo pantalla completa, lo que maximiza la visibilidad y la inmersi\u00f3n sin distracciones. El dise\u00f1o optimizado para pantallas t\u00e1ctiles permite a nuestros jugadores realizar apuestas y girar los carretes sin esfuerzo.<\/p>\n<p>Si algo no funciona correctamente en tu dispositivo m\u00f3vil, ponte en contacto con nuestro equipo de asistencia a trav\u00e9s del chat en vivo integrado o por correo electr\u00f3nico.<\/p>\n<p><img loading=\"lazy\" decoding=\"async\" src=\"https:\/\/ringospincasino.com\/wp-content\/uploads\/App6-1.webp\" alt=\"App6\" width=\"1248\" height=\"536\" \/><\/p>\n<\/div><\/div><div style=\"clear: both\"><\/div><div class=\"d-flex justify-content-center\"><button data-item=\"decouvrez_link\" data-group=\"website_links\" class=\"goto fw-bold rounded-pill btn btn-orange\" aria-label=\"Descarga la aplicaci\u00f3n Ringospin\" >Descarga la aplicaci\u00f3n Ringospin<\/button><\/div><div class=\"scrollable-content-wrap my-5\"><div class=\"scrollable-content-inner\"><h2>Preguntas frecuentes<\/h2>\n<h3>\u00bfLa aplicaci\u00f3n est\u00e1 optimizada para tabletas y pantallas m\u00e1s grandes?<\/h3>\n<p>El software m\u00f3vil de RingoSpin Casino est\u00e1 totalmente optimizado para dispositivos modernos, incluidos smartphones y tabletas. Se adapta al tama\u00f1o y la resoluci\u00f3n de la pantalla, lo que te proporciona una excelente experiencia de usuario.<\/p>\n<h3>\u00bfLa PWA se actualiza autom\u00e1ticamente?<\/h3>\n<p>No es necesario que realice ninguna acci\u00f3n adicional para actualizar la aplicaci\u00f3n web progresiva, ya que todo se hace autom\u00e1ticamente. Si hay cambios importantes, se lo comunicaremos mediante notificaciones y correo electr\u00f3nico.<\/p>\n<h3>\u00bfTodos los juegos de RingoSpin est\u00e1n disponibles en la aplicaci\u00f3n?<\/h3>\n<p>La colecci\u00f3n completa de juegos, con m\u00e1s de 6.000 t\u00edtulos, est\u00e1 disponible en la versi\u00f3n m\u00f3vil de Ringo Spin. Todos los t\u00edtulos se adaptan perfectamente a tu dispositivo. A los jugadores les gustan especialmente los juegos de casino en vivo retransmitidos en alta calidad.<\/p>\n<\/div><\/div><\/p>\n","protected":false},"excerpt":{"rendered":"<p>Aplicaci\u00f3n RingoSpin En el mundo moderno, los usuarios espa\u00f1oles quieren ser flexibles y estar conectados en cualquier lugar. Con la RingoSpin App, esto es posible. Podr\u00e1s acceder a todos tus juegos favoritos, bonificaciones y otras funciones con solo visitar nuestra versi\u00f3n para navegadores m\u00f3viles o instalar la aplicaci\u00f3n. Ambas son compatibles con todos los dispositivos [&hellip;]<\/p>\n","protected":false},"author":11,"featured_media":0,"parent":0,"menu_order":0,"comment_status":"closed","ping_status":"closed","template":"template-builder.php","meta":{"_acf_changed":false,"inline_featured_image":false,"footnotes":""},"class_list":["post-1433","page","type-page","status-publish","hentry"],"acf":[],"yoast_head":"<!-- This site is optimized with the Yoast SEO plugin v24.4 - https:\/\/yoast.com\/wordpress\/plugins\/seo\/ -->\n<title>RingoSpin App para M\u00f3vil | iOS, Android<\/title>\n<meta name=\"description\" content=\"RingoSpin App \u2013 juega al casino en iOS y Android con rendimiento fluido. Accede a slots, mesas, jackpots y crupieres en vivo con sincronizaci\u00f3n completa en Ringo Spin.\" \/>\n<meta name=\"robots\" content=\"index, follow, max-snippet:-1, max-image-preview:large, max-video-preview:-1\" \/>\n<link rel=\"canonical\" href=\"https:\/\/ringospincasino.com\/es\/aplicacion\/\" \/>\n<meta property=\"og:locale\" content=\"es_ES\" \/>\n<meta property=\"og:type\" content=\"article\" \/>\n<meta property=\"og:title\" content=\"RingoSpin App para M\u00f3vil | iOS, Android\" \/>\n<meta property=\"og:description\" content=\"RingoSpin App \u2013 juega al casino en iOS y Android con rendimiento fluido. Accede a slots, mesas, jackpots y crupieres en vivo con sincronizaci\u00f3n completa en Ringo Spin.\" \/>\n<meta property=\"og:url\" content=\"https:\/\/ringospincasino.com\/es\/aplicacion\/\" \/>\n<meta property=\"og:site_name\" content=\"Ringospin\" \/>\n<meta property=\"article:modified_time\" content=\"2026-02-03T12:08:46+00:00\" \/>\n<meta name=\"twitter:card\" content=\"summary_large_image\" \/>\n<meta name=\"twitter:label1\" content=\"Est. reading time\" \/>\n\t<meta name=\"twitter:data1\" content=\"2 minutos\" \/>\n<script type=\"application\/ld+json\" class=\"yoast-schema-graph\">{\"@context\":\"https:\/\/schema.org\",\"@graph\":[{\"@type\":\"WebPage\",\"@id\":\"https:\/\/ringospincasino.com\/es\/aplicacion\/\",\"url\":\"https:\/\/ringospincasino.com\/es\/aplicacion\/\",\"name\":\"RingoSpin App para M\u00f3vil | iOS, Android\",\"isPartOf\":{\"@id\":\"https:\/\/ringospincasino.com\/es\/#website\"},\"datePublished\":\"2026-02-03T09:30:18+00:00\",\"dateModified\":\"2026-02-03T12:08:46+00:00\",\"description\":\"RingoSpin App \u2013 juega al casino en iOS y Android con rendimiento fluido. Accede a slots, mesas, jackpots y crupieres en vivo con sincronizaci\u00f3n completa en Ringo Spin.\",\"breadcrumb\":{\"@id\":\"https:\/\/ringospincasino.com\/es\/aplicacion\/#breadcrumb\"},\"inLanguage\":\"es\",\"potentialAction\":[{\"@type\":\"ReadAction\",\"target\":[\"https:\/\/ringospincasino.com\/es\/aplicacion\/\"]}]},{\"@type\":\"BreadcrumbList\",\"@id\":\"https:\/\/ringospincasino.com\/es\/aplicacion\/#breadcrumb\",\"itemListElement\":[{\"@type\":\"ListItem\",\"position\":1,\"name\":\"Ringospin\",\"item\":\"https:\/\/ringospincasino.com\/es\/\"},{\"@type\":\"ListItem\",\"position\":2,\"name\":\"Aplicaci\u00f3n\"}]},{\"@type\":\"WebSite\",\"@id\":\"https:\/\/ringospincasino.com\/es\/#website\",\"url\":\"https:\/\/ringospincasino.com\/es\/\",\"name\":\"Ringospin\",\"description\":\"\",\"publisher\":{\"@id\":\"https:\/\/ringospincasino.com\/es\/#organization\"},\"potentialAction\":[{\"@type\":\"SearchAction\",\"target\":{\"@type\":\"EntryPoint\",\"urlTemplate\":\"https:\/\/ringospincasino.com\/es\/?s={search_term_string}\"},\"query-input\":{\"@type\":\"PropertyValueSpecification\",\"valueRequired\":true,\"valueName\":\"search_term_string\"}}],\"inLanguage\":\"es\"},{\"@type\":\"Organization\",\"@id\":\"https:\/\/ringospincasino.com\/es\/#organization\",\"name\":\"Ringospin\",\"url\":\"https:\/\/ringospincasino.com\/es\/\",\"logo\":{\"@type\":\"ImageObject\",\"inLanguage\":\"es\",\"@id\":\"https:\/\/ringospincasino.com\/es\/#\/schema\/logo\/image\/\",\"url\":\"https:\/\/ringospincasino.com\/wp-content\/uploads\/logo-ringospin.svg\",\"contentUrl\":\"https:\/\/ringospincasino.com\/wp-content\/uploads\/logo-ringospin.svg\",\"width\":139,\"height\":34,\"caption\":\"Ringospin\"},\"image\":{\"@id\":\"https:\/\/ringospincasino.com\/es\/#\/schema\/logo\/image\/\"}}]}<\/script>\n<!-- \/ Yoast SEO plugin. -->","yoast_head_json":{"title":"RingoSpin App para M\u00f3vil | iOS, Android","description":"RingoSpin App \u2013 juega al casino en iOS y Android con rendimiento fluido. Accede a slots, mesas, jackpots y crupieres en vivo con sincronizaci\u00f3n completa en Ringo Spin.","robots":{"index":"index","follow":"follow","max-snippet":"max-snippet:-1","max-image-preview":"max-image-preview:large","max-video-preview":"max-video-preview:-1"},"canonical":"https:\/\/ringospincasino.com\/es\/aplicacion\/","og_locale":"es_ES","og_type":"article","og_title":"RingoSpin App para M\u00f3vil | iOS, Android","og_description":"RingoSpin App \u2013 juega al casino en iOS y Android con rendimiento fluido. Accede a slots, mesas, jackpots y crupieres en vivo con sincronizaci\u00f3n completa en Ringo Spin.","og_url":"https:\/\/ringospincasino.com\/es\/aplicacion\/","og_site_name":"Ringospin","article_modified_time":"2026-02-03T12:08:46+00:00","twitter_card":"summary_large_image","twitter_misc":{"Est. reading time":"2 minutos"},"schema":{"@context":"https:\/\/schema.org","@graph":[{"@type":"WebPage","@id":"https:\/\/ringospincasino.com\/es\/aplicacion\/","url":"https:\/\/ringospincasino.com\/es\/aplicacion\/","name":"RingoSpin App para M\u00f3vil | iOS, Android","isPartOf":{"@id":"https:\/\/ringospincasino.com\/es\/#website"},"datePublished":"2026-02-03T09:30:18+00:00","dateModified":"2026-02-03T12:08:46+00:00","description":"RingoSpin App \u2013 juega al casino en iOS y Android con rendimiento fluido. Accede a slots, mesas, jackpots y crupieres en vivo con sincronizaci\u00f3n completa en Ringo Spin.","breadcrumb":{"@id":"https:\/\/ringospincasino.com\/es\/aplicacion\/#breadcrumb"},"inLanguage":"es","potentialAction":[{"@type":"ReadAction","target":["https:\/\/ringospincasino.com\/es\/aplicacion\/"]}]},{"@type":"BreadcrumbList","@id":"https:\/\/ringospincasino.com\/es\/aplicacion\/#breadcrumb","itemListElement":[{"@type":"ListItem","position":1,"name":"Ringospin","item":"https:\/\/ringospincasino.com\/es\/"},{"@type":"ListItem","position":2,"name":"Aplicaci\u00f3n"}]},{"@type":"WebSite","@id":"https:\/\/ringospincasino.com\/es\/#website","url":"https:\/\/ringospincasino.com\/es\/","name":"Ringospin","description":"","publisher":{"@id":"https:\/\/ringospincasino.com\/es\/#organization"},"potentialAction":[{"@type":"SearchAction","target":{"@type":"EntryPoint","urlTemplate":"https:\/\/ringospincasino.com\/es\/?s={search_term_string}"},"query-input":{"@type":"PropertyValueSpecification","valueRequired":true,"valueName":"search_term_string"}}],"inLanguage":"es"},{"@type":"Organization","@id":"https:\/\/ringospincasino.com\/es\/#organization","name":"Ringospin","url":"https:\/\/ringospincasino.com\/es\/","logo":{"@type":"ImageObject","inLanguage":"es","@id":"https:\/\/ringospincasino.com\/es\/#\/schema\/logo\/image\/","url":"https:\/\/ringospincasino.com\/wp-content\/uploads\/logo-ringospin.svg","contentUrl":"https:\/\/ringospincasino.com\/wp-content\/uploads\/logo-ringospin.svg","width":139,"height":34,"caption":"Ringospin"},"image":{"@id":"https:\/\/ringospincasino.com\/es\/#\/schema\/logo\/image\/"}}]}},"_links":{"self":[{"href":"https:\/\/ringospincasino.com\/es\/wp-json\/wp\/v2\/pages\/1433"}],"collection":[{"href":"https:\/\/ringospincasino.com\/es\/wp-json\/wp\/v2\/pages"}],"about":[{"href":"https:\/\/ringospincasino.com\/es\/wp-json\/wp\/v2\/types\/page"}],"author":[{"embeddable":true,"href":"https:\/\/ringospincasino.com\/es\/wp-json\/wp\/v2\/users\/11"}],"replies":[{"embeddable":true,"href":"https:\/\/ringospincasino.com\/es\/wp-json\/wp\/v2\/comments?post=1433"}],"version-history":[{"count":2,"href":"https:\/\/ringospincasino.com\/es\/wp-json\/wp\/v2\/pages\/1433\/revisions"}],"predecessor-version":[{"id":1495,"href":"https:\/\/ringospincasino.com\/es\/wp-json\/wp\/v2\/pages\/1433\/revisions\/1495"}],"wp:attachment":[{"href":"https:\/\/ringospincasino.com\/es\/wp-json\/wp\/v2\/media?parent=1433"}],"curies":[{"name":"wp","href":"https:\/\/api.w.org\/{rel}","templated":true}]}}