{"id":1467,"date":"2026-02-03T09:50:35","date_gmt":"2026-02-03T09:50:35","guid":{"rendered":"https:\/\/ringospincasino.com\/login-and-registration\/"},"modified":"2026-02-03T10:37:07","modified_gmt":"2026-02-03T10:37:07","slug":"anmeldung-und-registrierung","status":"publish","type":"page","link":"https:\/\/ringospincasino.com\/de\/anmeldung-und-registrierung\/","title":{"rendered":"Anmeldung und Registrierung"},"content":{"rendered":"<h1>RingoSpin Anmelden und Registrieren<\/h1>\n<p>Das RingoSpin Login ist allen unseren Nutzern gestattet, die mindestens 18 Jahre alt sind. Eine weitere Regel besagt, dass Sie nur ein Konto auf unserer Plattform haben d\u00fcrfen. Die Registrierung und Anmeldung sind unkompliziert und erfordern die Angabe der \u00fcblichen pers\u00f6nlichen Daten wie E-Mail-Adresse und Passwort. Um das Profil zus\u00e4tzlich zu sichern, k\u00f6nnen Nutzer die Zwei-Faktor-Authentifizierung aktivieren.<\/p>\n<p><div class=\"banner-wrap\" aria-label=\"Banner\"><img src=\"https:\/\/ringospincasino.com\/wp-content\/uploads\/Ringospin-banner-carousel-932\u0445400-4.webp\" class=\"w-100 d-none d-lg-block img-pc main-banner-img\" alt=\"Ringospin banner desktop\" fetchpriority=\"high\" decoding=\"async\"><img src=\"https:\/\/ringospincasino.com\/wp-content\/uploads\/Group-376223.webp\" class=\"w-100 d-none d-md-block d-lg-none main-banner-img\" alt=\"Ringospin banner tablet\" fetchpriority=\"high\" decoding=\"async\"><img src=\"https:\/\/ringospincasino.com\/wp-content\/uploads\/Group-376223.webp\" class=\"w-100 d-md-none\" alt=\"Ringospin banner tablet\" fetchpriority=\"high\" decoding=\"async\"><div class=\"banner-description\">\n<div class=\"banner-title\">Willkommensboni<\/div>\n<p class=\"banner-header-title\">1500 \u20ac<\/p>\n<div class=\"banner-header-AdditionalText\">+ 250 Freispiele<\/div>\n<button data-item=\"homepage_banner_link\" class=\"goto m-button m-gradient-border m-button--primary m-button--large banner-button btn-orange\">\n            <div class=\"m-button-content\">\n                <span>Jetzt anmelden<\/span>\n                <span><\/span>\n            <\/div>\n        <\/button>\n<\/div>\n<div class=\"WelcomePack\">\n<p><img loading=\"lazy\" decoding=\"async\" class=\"alignnone size-full wp-image-1358\" src=\"https:\/\/ringospincasino.com\/wp-content\/uploads\/welcome-crown.svg\" alt=\"welcome crown\" width=\"25\" height=\"26\" \/><\/p>\n<div class=\"WelcomePack-Info\">W\u00f6chentlicher Cashback von bis zu 25 %<\/div>\n<p><img loading=\"lazy\" decoding=\"async\" class=\"alignnone size-full wp-image-1358\" src=\"https:\/\/ringospincasino.com\/wp-content\/uploads\/welcome-crown.svg\" alt=\"welcome crown\" width=\"25\" height=\"26\" \/><\/p>\n<\/div>\n<\/div><div class=\"scrollable-content-wrap my-5\"><div class=\"scrollable-content-inner\"><h2>RingoSpin Registrierungsverfahren<\/h2>\n<p>Die wichtigste Voraussetzung, um mit echtem Geld zu spielen und auf alle anderen Funktionen von Ringo Spin Casino zugreifen zu k\u00f6nnen, ist die Registrierung eines Kontos. Sie k\u00f6nnen einige Titel auch ohne Profil im Demo-Modus ausprobieren. In diesem Fall spielen Sie jedoch um virtuelle M\u00fcnzen und k\u00f6nnen m\u00f6gliche Gewinne nicht auszahlen lassen.<\/p>\n<p>Die Registrierung dauert nicht l\u00e4nger als 3 Minuten. Wenn Sie nun vor diesem wichtigen Schritt stehen, folgen Sie einfach unseren Anweisungen unten, um ihn schnell und problemlos zu erledigen:<\/p>\n<ol>\n<li>Gehen Sie zum Registrierungsbereich, indem Sie auf die Schaltfl\u00e4che in der oberen rechten Ecke klicken.<\/li>\n<li>Geben Sie Ihre E-Mail-Adresse ein und erstellen Sie ein sicheres Passwort. Es sollte mindestens 6 Zeichen enthalten.<\/li>\n<li>Wenn Sie einen Promo-Code haben, k\u00f6nnen Sie ihn in diesem Schritt eingeben, um eine zus\u00e4tzliche Belohnung zu erhalten.<\/li>\n<li>Akzeptieren Sie die Allgemeinen Gesch\u00e4ftsbedingungen der Plattform und best\u00e4tigen Sie Ihr Alter (mindestens 18 Jahre).<\/li>\n<li>Klicken Sie auf die Schaltfl\u00e4che am Ende des Registrierungsformulars, nachdem Sie alle eingegebenen Informationen \u00fcberpr\u00fcft haben.<\/li>\n<\/ol>\n<p>F\u00fcr eine schnellere Anmeldung bei Ringo Spin k\u00f6nnen Spieler die Schaltfl\u00e4che \u201eGoogle\u201c im Registrierungsformular verwenden. In diesem Fall m\u00fcssen Sie sich bei Ihrem Google-Konto anmelden, und wir verwenden automatisch Ihre dort hinterlegten pers\u00f6nlichen Daten.<\/p>\n<h3>Verwaltung pers\u00f6nlicher Daten und andere Funktionen<\/h3>\n<p>Neben vielen Spielen, Boni, Zahlungsm\u00f6glichkeiten und einem Support-Team erhalten Sie auch Zugriff auf viele coole Einstellungen und Tools, die Ihr Spielerlebnis noch angenehmer und pers\u00f6nlicher machen. Die folgende Tabelle enth\u00e4lt zus\u00e4tzliche Informationen zu allen gro\u00dfartigen Funktionen, die Sie im RingoSpin Casino Konto finden.<\/p>\n<table>\n<tbody>\n<tr>\n<td>Funktion<\/td>\n<td>Details<\/td>\n<\/tr>\n<tr>\n<td>Aktivit\u00e4tsverlauf<\/td>\n<td>Sie erhalten einen vollst\u00e4ndigen Bericht \u00fcber Ihre Zeit auf der Plattform, einschlie\u00dflich Ihrer Boni, Einzahlungen, Wetten, Gewinne und Verluste.<\/td>\n<\/tr>\n<tr>\n<td>Tools f\u00fcr verantwortungsbewusstes Spielen<\/td>\n<td>Benutzer k\u00f6nnen jederzeit Zeit-, Finanz- (Einzahlungen, Wetten, Verluste) und Selbstausschluss-Tools einrichten.<\/td>\n<\/tr>\n<tr>\n<td>Datenverwaltung<\/td>\n<td>Nach der Anmeldung bei RingoSpin k\u00f6nnen Sie Ihre pers\u00f6nlichen Daten und Zahlungsinformationen \u00e4ndern.<\/td>\n<\/tr>\n<tr>\n<td>Partnerprogramm<\/td>\n<td>Hier finden Sie Ihren pers\u00f6nlichen Partnerlink und k\u00f6nnen dessen Fortschritt \u00fcberpr\u00fcfen.<\/td>\n<\/tr>\n<\/tbody>\n<\/table>\n<h2>Schritte zur Anmeldung bei RingoSpin<\/h2>\n<p>Alle Benutzer, die bereits auf unserer Website waren und ein Konto haben, m\u00fcssen nur die RingoSpin Anmeldung abschlie\u00dfen. In diesem Schritt m\u00fcssen Sie die E-Mail-Adresse und das Passwort angeben, die Sie bei der Registrierung erstellt haben.<\/p>\n<p>Wir bitten Sie, Ihre pers\u00f6nlichen Daten wie Ihren vollst\u00e4ndigen Namen, Ihr Geburtsdatum und Ihre Telefonnummer anzugeben, damit Sie alle Spiele und Boni im RingoSpin Casino nutzen k\u00f6nnen. Es ist wichtig, dass Sie uns echte Daten zur Verf\u00fcgung stellen, da diese sp\u00e4ter im Rahmen des KYC-Verifizierungsprozesses \u00fcberpr\u00fcft werden.<\/p>\n<h3>RingoSpin Casino Verifizierung<\/h3>\n<p>Der Verifizierungsprozess ist Teil unseres Sicherheitsprogramms. Er hilft uns, eine sichere Plattform mit Fairplay zu gew\u00e4hrleisten. Vor der ersten Auszahlung werden alle Benutzer gebeten, Fotos ihrer pers\u00f6nlichen Dokumente hochzuladen. Diese m\u00fcssen Ihre Identit\u00e4t, Ihr Alter, Ihre Wohnadresse und die Inhaberschaft Ihres Zahlungskontos belegen. Nach diesem Schritt \u00fcberpr\u00fcfen unsere Manager alle hochgeladenen Dokumente innerhalb von 48 Stunden. Sie erhalten eine Benachrichtigung und eine E-Mail \u00fcber den Status Ihrer Verifizierung.<\/p>\n<h3>Zugriff auf das Konto<\/h3>\n<p>Spieler k\u00f6nnen von jeder Plattform und jedem Ger\u00e4t aus auf ihr Konto zugreifen. Google Chrome, Safari und andere Browser stehen f\u00fcr die Anmeldung bei RingoSpin zur Verf\u00fcgung. Wir bieten allen unseren Kunden auch die M\u00f6glichkeit, die mobile Version und die spezielle App f\u00fcr Android und iOS auszuprobieren. Verwenden Sie f\u00fcr alle Plattformen dasselbe Konto, damit Ihre pers\u00f6nlichen Daten, Ihr Guthaben und Ihre Erfolge auf allen Plattformen synchronisiert werden.<\/p>\n<p>Wenn Sie Ihr Passwort vergessen haben, ist das \u00fcberhaupt kein Problem. Auf der Anmeldeseite von RingoSpin Casino gibt es einen speziellen Link \u201ePasswort vergessen?\u201c, \u00fcber den Sie es zur\u00fccksetzen k\u00f6nnen. Der Benutzer erh\u00e4lt per E-Mail einen speziellen Link, um ein neues Passwort zu erstellen.<\/p>\n<h2>FAQ<\/h2>\n<h3>Kann ich mich von mehreren Ger\u00e4ten aus anmelden?<\/h3>\n<p>Sie sollten dasselbe Konto verwenden, um von jedem Ger\u00e4t aus auf Ringo Spin zuzugreifen. Unsere Plattform erlaubt jeder Person nur ein Profil. Keine Sorge, nach der Anmeldung werden alle Ihre Einstellungen und Ihr Guthaben synchronisiert.<\/p>\n<h3>Ist die Anmeldung bei Ringo Spin sicher?<\/h3>\n<p>Wir verwenden alle notwendigen Sicherheitsma\u00dfnahmen, um Ihre Daten zu sch\u00fctzen. Dazu geh\u00f6ren TLS 1.3 Verschl\u00fcsselung, sicherer Schl\u00fcsselaustausch und strenge Passwortrichtlinien. Wenn Sie mehr \u00fcber die Sicherheit Ihres Kontos erfahren m\u00f6chten, wenden Sie sich bitte per Live-Chat oder E-Mail an unser mehrsprachiges Support-Team.<\/p>\n<h3>Warum muss ich mein Konto vor der Anmeldung verifizieren?<\/h3>\n<p>Der Verifizierungsprozess muss vor der ersten Auszahlung abgeschlossen sein. Dies ist ein wichtiger Schritt, damit wir sicher sein k\u00f6nnen, dass Sie eine echte Person sind, die mindestens 18 Jahre alt ist und ihr Geld zum Spielen auf unserer Plattform verwendet.<\/p>\n<\/div><\/div><\/p>\n","protected":false},"excerpt":{"rendered":"<p>RingoSpin Anmelden und Registrieren Das RingoSpin Login ist allen unseren Nutzern gestattet, die mindestens 18 Jahre alt sind. Eine weitere Regel besagt, dass Sie nur ein Konto auf unserer Plattform haben d\u00fcrfen. Die Registrierung und Anmeldung sind unkompliziert und erfordern die Angabe der \u00fcblichen pers\u00f6nlichen Daten wie E-Mail-Adresse und Passwort. Um das Profil zus\u00e4tzlich zu [&hellip;]<\/p>\n","protected":false},"author":11,"featured_media":0,"parent":0,"menu_order":0,"comment_status":"closed","ping_status":"closed","template":"template-builder.php","meta":{"_acf_changed":false,"inline_featured_image":false,"footnotes":""},"class_list":["post-1467","page","type-page","status-publish","hentry"],"acf":[],"yoast_head":"<!-- This site is optimized with the Yoast SEO plugin v24.4 - https:\/\/yoast.com\/wordpress\/plugins\/seo\/ -->\n<title>RingoSpin Login &amp; Registrierung | Sicherer Zugriff<\/title>\n<meta name=\"description\" content=\"RingoSpin Login \u2013 melde dich sicher an oder registriere ein neues Konto mit verschl\u00fcsseltem Zugang. Verwalte Passwortwiederherstellung, Verifizierung und Einstellungen bei Ringo Spin.\" \/>\n<meta name=\"robots\" content=\"index, follow, max-snippet:-1, max-image-preview:large, max-video-preview:-1\" \/>\n<link rel=\"canonical\" href=\"https:\/\/ringospincasino.com\/de\/anmeldung-und-registrierung\/\" \/>\n<meta property=\"og:locale\" content=\"de_DE\" \/>\n<meta property=\"og:type\" content=\"article\" \/>\n<meta property=\"og:title\" content=\"RingoSpin Login &amp; Registrierung | Sicherer Zugriff\" \/>\n<meta property=\"og:description\" content=\"RingoSpin Login \u2013 melde dich sicher an oder registriere ein neues Konto mit verschl\u00fcsseltem Zugang. Verwalte Passwortwiederherstellung, Verifizierung und Einstellungen bei Ringo Spin.\" \/>\n<meta property=\"og:url\" content=\"https:\/\/ringospincasino.com\/de\/anmeldung-und-registrierung\/\" \/>\n<meta property=\"og:site_name\" content=\"Ringospin\" \/>\n<meta property=\"article:modified_time\" content=\"2026-02-03T10:37:07+00:00\" \/>\n<meta name=\"twitter:card\" content=\"summary_large_image\" \/>\n<meta name=\"twitter:label1\" content=\"Gesch\u00e4tzte Lesezeit\" \/>\n\t<meta name=\"twitter:data1\" content=\"1\u00a0Minute\" \/>\n<script type=\"application\/ld+json\" class=\"yoast-schema-graph\">{\"@context\":\"https:\/\/schema.org\",\"@graph\":[{\"@type\":\"WebPage\",\"@id\":\"https:\/\/ringospincasino.com\/de\/anmeldung-und-registrierung\/\",\"url\":\"https:\/\/ringospincasino.com\/de\/anmeldung-und-registrierung\/\",\"name\":\"RingoSpin Login & Registrierung | Sicherer Zugriff\",\"isPartOf\":{\"@id\":\"https:\/\/ringospincasino.com\/de\/#website\"},\"datePublished\":\"2026-02-03T09:50:35+00:00\",\"dateModified\":\"2026-02-03T10:37:07+00:00\",\"description\":\"RingoSpin Login \u2013 melde dich sicher an oder registriere ein neues Konto mit verschl\u00fcsseltem Zugang. Verwalte Passwortwiederherstellung, Verifizierung und Einstellungen bei Ringo Spin.\",\"breadcrumb\":{\"@id\":\"https:\/\/ringospincasino.com\/de\/anmeldung-und-registrierung\/#breadcrumb\"},\"inLanguage\":\"de\",\"potentialAction\":[{\"@type\":\"ReadAction\",\"target\":[\"https:\/\/ringospincasino.com\/de\/anmeldung-und-registrierung\/\"]}]},{\"@type\":\"BreadcrumbList\",\"@id\":\"https:\/\/ringospincasino.com\/de\/anmeldung-und-registrierung\/#breadcrumb\",\"itemListElement\":[{\"@type\":\"ListItem\",\"position\":1,\"name\":\"Ringospin\",\"item\":\"https:\/\/ringospincasino.com\/de\/\"},{\"@type\":\"ListItem\",\"position\":2,\"name\":\"Anmeldung und Registrierung\"}]},{\"@type\":\"WebSite\",\"@id\":\"https:\/\/ringospincasino.com\/de\/#website\",\"url\":\"https:\/\/ringospincasino.com\/de\/\",\"name\":\"Ringospin\",\"description\":\"\",\"publisher\":{\"@id\":\"https:\/\/ringospincasino.com\/de\/#organization\"},\"potentialAction\":[{\"@type\":\"SearchAction\",\"target\":{\"@type\":\"EntryPoint\",\"urlTemplate\":\"https:\/\/ringospincasino.com\/de\/?s={search_term_string}\"},\"query-input\":{\"@type\":\"PropertyValueSpecification\",\"valueRequired\":true,\"valueName\":\"search_term_string\"}}],\"inLanguage\":\"de\"},{\"@type\":\"Organization\",\"@id\":\"https:\/\/ringospincasino.com\/de\/#organization\",\"name\":\"Ringospin\",\"url\":\"https:\/\/ringospincasino.com\/de\/\",\"logo\":{\"@type\":\"ImageObject\",\"inLanguage\":\"de\",\"@id\":\"https:\/\/ringospincasino.com\/de\/#\/schema\/logo\/image\/\",\"url\":\"https:\/\/ringospincasino.com\/wp-content\/uploads\/logo-ringospin.svg\",\"contentUrl\":\"https:\/\/ringospincasino.com\/wp-content\/uploads\/logo-ringospin.svg\",\"width\":139,\"height\":34,\"caption\":\"Ringospin\"},\"image\":{\"@id\":\"https:\/\/ringospincasino.com\/de\/#\/schema\/logo\/image\/\"}}]}<\/script>\n<!-- \/ Yoast SEO plugin. -->","yoast_head_json":{"title":"RingoSpin Login & Registrierung | Sicherer Zugriff","description":"RingoSpin Login \u2013 melde dich sicher an oder registriere ein neues Konto mit verschl\u00fcsseltem Zugang. Verwalte Passwortwiederherstellung, Verifizierung und Einstellungen bei Ringo Spin.","robots":{"index":"index","follow":"follow","max-snippet":"max-snippet:-1","max-image-preview":"max-image-preview:large","max-video-preview":"max-video-preview:-1"},"canonical":"https:\/\/ringospincasino.com\/de\/anmeldung-und-registrierung\/","og_locale":"de_DE","og_type":"article","og_title":"RingoSpin Login & Registrierung | Sicherer Zugriff","og_description":"RingoSpin Login \u2013 melde dich sicher an oder registriere ein neues Konto mit verschl\u00fcsseltem Zugang. Verwalte Passwortwiederherstellung, Verifizierung und Einstellungen bei Ringo Spin.","og_url":"https:\/\/ringospincasino.com\/de\/anmeldung-und-registrierung\/","og_site_name":"Ringospin","article_modified_time":"2026-02-03T10:37:07+00:00","twitter_card":"summary_large_image","twitter_misc":{"Gesch\u00e4tzte Lesezeit":"1\u00a0Minute"},"schema":{"@context":"https:\/\/schema.org","@graph":[{"@type":"WebPage","@id":"https:\/\/ringospincasino.com\/de\/anmeldung-und-registrierung\/","url":"https:\/\/ringospincasino.com\/de\/anmeldung-und-registrierung\/","name":"RingoSpin Login & Registrierung | Sicherer Zugriff","isPartOf":{"@id":"https:\/\/ringospincasino.com\/de\/#website"},"datePublished":"2026-02-03T09:50:35+00:00","dateModified":"2026-02-03T10:37:07+00:00","description":"RingoSpin Login \u2013 melde dich sicher an oder registriere ein neues Konto mit verschl\u00fcsseltem Zugang. Verwalte Passwortwiederherstellung, Verifizierung und Einstellungen bei Ringo Spin.","breadcrumb":{"@id":"https:\/\/ringospincasino.com\/de\/anmeldung-und-registrierung\/#breadcrumb"},"inLanguage":"de","potentialAction":[{"@type":"ReadAction","target":["https:\/\/ringospincasino.com\/de\/anmeldung-und-registrierung\/"]}]},{"@type":"BreadcrumbList","@id":"https:\/\/ringospincasino.com\/de\/anmeldung-und-registrierung\/#breadcrumb","itemListElement":[{"@type":"ListItem","position":1,"name":"Ringospin","item":"https:\/\/ringospincasino.com\/de\/"},{"@type":"ListItem","position":2,"name":"Anmeldung und Registrierung"}]},{"@type":"WebSite","@id":"https:\/\/ringospincasino.com\/de\/#website","url":"https:\/\/ringospincasino.com\/de\/","name":"Ringospin","description":"","publisher":{"@id":"https:\/\/ringospincasino.com\/de\/#organization"},"potentialAction":[{"@type":"SearchAction","target":{"@type":"EntryPoint","urlTemplate":"https:\/\/ringospincasino.com\/de\/?s={search_term_string}"},"query-input":{"@type":"PropertyValueSpecification","valueRequired":true,"valueName":"search_term_string"}}],"inLanguage":"de"},{"@type":"Organization","@id":"https:\/\/ringospincasino.com\/de\/#organization","name":"Ringospin","url":"https:\/\/ringospincasino.com\/de\/","logo":{"@type":"ImageObject","inLanguage":"de","@id":"https:\/\/ringospincasino.com\/de\/#\/schema\/logo\/image\/","url":"https:\/\/ringospincasino.com\/wp-content\/uploads\/logo-ringospin.svg","contentUrl":"https:\/\/ringospincasino.com\/wp-content\/uploads\/logo-ringospin.svg","width":139,"height":34,"caption":"Ringospin"},"image":{"@id":"https:\/\/ringospincasino.com\/de\/#\/schema\/logo\/image\/"}}]}},"_links":{"self":[{"href":"https:\/\/ringospincasino.com\/de\/wp-json\/wp\/v2\/pages\/1467"}],"collection":[{"href":"https:\/\/ringospincasino.com\/de\/wp-json\/wp\/v2\/pages"}],"about":[{"href":"https:\/\/ringospincasino.com\/de\/wp-json\/wp\/v2\/types\/page"}],"author":[{"embeddable":true,"href":"https:\/\/ringospincasino.com\/de\/wp-json\/wp\/v2\/users\/11"}],"replies":[{"embeddable":true,"href":"https:\/\/ringospincasino.com\/de\/wp-json\/wp\/v2\/comments?post=1467"}],"version-history":[{"count":2,"href":"https:\/\/ringospincasino.com\/de\/wp-json\/wp\/v2\/pages\/1467\/revisions"}],"predecessor-version":[{"id":1481,"href":"https:\/\/ringospincasino.com\/de\/wp-json\/wp\/v2\/pages\/1467\/revisions\/1481"}],"wp:attachment":[{"href":"https:\/\/ringospincasino.com\/de\/wp-json\/wp\/v2\/media?parent=1467"}],"curies":[{"name":"wp","href":"https:\/\/api.w.org\/{rel}","templated":true}]}}