{"id":1438,"date":"2026-02-03T09:43:21","date_gmt":"2026-02-03T09:43:21","guid":{"rendered":"https:\/\/ringospincasino.com\/bonus\/"},"modified":"2026-02-03T10:55:25","modified_gmt":"2026-02-03T10:55:25","slug":"aktionen","status":"publish","type":"page","link":"https:\/\/ringospincasino.com\/de\/aktionen\/","title":{"rendered":"Aktionen"},"content":{"rendered":"<h1>RingoSpin Boni<\/h1>\n<p>Die Nutzung eines Online-Casinos bedeutet nicht nur Gewinne, sondern auch zus\u00e4tzliche Belohnungen durch Werbeaktionen. Deshalb bietet die RingoSpin Bonus Kollektion gro\u00dfz\u00fcgige Angebote f\u00fcr alle Spielertypen. Sie k\u00f6nnen Freispiele, Bonusgelder und zus\u00e4tzliche Runden erhalten. Alle neuen Nutzer erhalten automatisch das Willkommenspaket von bis zu 1.500 \u20ac + 250 Freispielen. Und das ist nur der Anfang Ihrer profitablen Reise im RingoSpin Casino.<\/p>\n<p><div class=\"banner-wrap\" aria-label=\"Banner\"><img src=\"https:\/\/ringospincasino.com\/wp-content\/uploads\/Ringospin-banner-carousel-932\u0445400-4.webp\" class=\"w-100 d-none d-lg-block img-pc main-banner-img\" alt=\"Ringospin banner desktop\" fetchpriority=\"high\" decoding=\"async\"><img src=\"https:\/\/ringospincasino.com\/wp-content\/uploads\/Group-376223.webp\" class=\"w-100 d-none d-md-block d-lg-none main-banner-img\" alt=\"Ringospin banner tablet\" fetchpriority=\"high\" decoding=\"async\"><img src=\"https:\/\/ringospincasino.com\/wp-content\/uploads\/Group-376223.webp\" class=\"w-100 d-md-none\" alt=\"Ringospin banner tablet\" fetchpriority=\"high\" decoding=\"async\"><div class=\"banner-description\">\n<div class=\"banner-title\">Willkommensboni<\/div>\n<p class=\"banner-header-title\">1500 \u20ac<\/p>\n<div class=\"banner-header-AdditionalText\">+ 250 Freispiele<\/div>\n<button data-item=\"homepage_banner_link\" class=\"goto m-button m-gradient-border m-button--primary m-button--large banner-button btn-orange\">\n            <div class=\"m-button-content\">\n                <span>Jetzt anmelden<\/span>\n                <span><\/span>\n            <\/div>\n        <\/button>\n<\/div>\n<div class=\"WelcomePack\">\n<p><img loading=\"lazy\" decoding=\"async\" class=\"alignnone size-full wp-image-1358\" src=\"https:\/\/ringospincasino.com\/wp-content\/uploads\/welcome-crown.svg\" alt=\"welcome crown\" width=\"25\" height=\"26\" \/><\/p>\n<div class=\"WelcomePack-Info\">W\u00f6chentlicher Cashback von bis zu 25 %<\/div>\n<p><img loading=\"lazy\" decoding=\"async\" class=\"alignnone size-full wp-image-1358\" src=\"https:\/\/ringospincasino.com\/wp-content\/uploads\/welcome-crown.svg\" alt=\"welcome crown\" width=\"25\" height=\"26\" \/><\/p>\n<\/div>\n<\/div><div class=\"promotions-wrap\"><div class=\"promotion-card\" style=\"background-image: url(https:\/\/ringospincasino.com\/wp-content\/uploads\/Ringospin-promocards-300\u0445300-2.webp);\"><h2 class=\"promotion-card__title\">Ersteinzahlungsangebot<\/h2><label class=\"promotion-card__offer\">100 % bis zu 500 \u20ac + 150 Freispiele<\/label><label class=\"promotion-card__description\"><\/label><div class=\"promotion-card__actions\"><button data-item=\"payments_link\" data-group=\"website_links\" class=\"goto btn btn-orange rounded-pill fw-bold px-4 m-button m-gradient-border m-button--primary m-button--large promotion-button promotion-card__action-btn\" aria-label=\"Anmelden\"><div class=\"m-button-content\"><span class=\"promotion-button__content\">Anmelden<\/span><\/div><\/button><button data-item=\"http:\/\/bonus_link\" data-group=\"website_links\" class=\"goto m-button m-gradient-border m-button--secondary m-button--medium promotion-card__info-btn\" aria-label=\"More information\"><div class=\"m-button-content\"><svg viewBox=\"0 0 24 24\" fill=\"none\" xmlns=\"http:\/\/www.w3.org\/2000\/svg\" class=\"m-icon m-icon-loadable\" name=\"Attention\" loading=\"false\" aria-hidden=\"true\"><path d=\"M12 22C6.477 22 2 17.522 2 12S6.477 2 12 2s10 4.478 10 10-4.477 10-10 10m-.002-13.004a.999.999 0 1 0 0-1.997.999.999 0 0 0 0 1.997M12 17a1 1 0 0 0 .993-.884L13 16l-.002-5.001-.007-.117a1 1 0 0 0-1.986 0l-.007.117L11 16l.007.117A1 1 0 0 0 12 17\" fill=\"currentColor\"><\/path><\/svg><\/div><\/button><\/div><\/div><div class=\"promotion-card\" style=\"background-image: url(https:\/\/ringospincasino.com\/wp-content\/uploads\/Ringospin-promocards-300\u0445300-4.webp);\"><h2 class=\"promotion-card__title\">Zweites Einzahlungsangebot<\/h2><label class=\"promotion-card__offer\">55 % bis zu 500 \u20ac + 100 Freispiele<\/label><label class=\"promotion-card__description\"><\/label><div class=\"promotion-card__actions\"><button data-item=\"payments_link\" data-group=\"website_links\" class=\"goto btn btn-orange rounded-pill fw-bold px-4 m-button m-gradient-border m-button--primary m-button--large promotion-button promotion-card__action-btn\" aria-label=\"Anmelden\"><div class=\"m-button-content\"><span class=\"promotion-button__content\">Anmelden<\/span><\/div><\/button><button data-item=\"http:\/\/bonus_link\" data-group=\"website_links\" class=\"goto m-button m-gradient-border m-button--secondary m-button--medium promotion-card__info-btn\" aria-label=\"More information\"><div class=\"m-button-content\"><svg viewBox=\"0 0 24 24\" fill=\"none\" xmlns=\"http:\/\/www.w3.org\/2000\/svg\" class=\"m-icon m-icon-loadable\" name=\"Attention\" loading=\"false\" aria-hidden=\"true\"><path d=\"M12 22C6.477 22 2 17.522 2 12S6.477 2 12 2s10 4.478 10 10-4.477 10-10 10m-.002-13.004a.999.999 0 1 0 0-1.997.999.999 0 0 0 0 1.997M12 17a1 1 0 0 0 .993-.884L13 16l-.002-5.001-.007-.117a1 1 0 0 0-1.986 0l-.007.117L11 16l.007.117A1 1 0 0 0 12 17\" fill=\"currentColor\"><\/path><\/svg><\/div><\/button><\/div><\/div><div class=\"promotion-card\" style=\"background-image: url(https:\/\/ringospincasino.com\/wp-content\/uploads\/Ringospin-promocards-300\u0445300-5.webp);\"><h2 class=\"promotion-card__title\">Drittes Einzahlungsangebot<\/h2><label class=\"promotion-card__offer\">100 % bis zu 500 \u20ac<\/label><label class=\"promotion-card__description\"><\/label><div class=\"promotion-card__actions\"><button data-item=\"payments_link\" data-group=\"website_links\" class=\"goto btn btn-orange rounded-pill fw-bold px-4 m-button m-gradient-border m-button--primary m-button--large promotion-button promotion-card__action-btn\" aria-label=\"Anmelden\"><div class=\"m-button-content\"><span class=\"promotion-button__content\">Anmelden<\/span><\/div><\/button><button data-item=\"http:\/\/bonus_link\" data-group=\"website_links\" class=\"goto m-button m-gradient-border m-button--secondary m-button--medium promotion-card__info-btn\" aria-label=\"More information\"><div class=\"m-button-content\"><svg viewBox=\"0 0 24 24\" fill=\"none\" xmlns=\"http:\/\/www.w3.org\/2000\/svg\" class=\"m-icon m-icon-loadable\" name=\"Attention\" loading=\"false\" aria-hidden=\"true\"><path d=\"M12 22C6.477 22 2 17.522 2 12S6.477 2 12 2s10 4.478 10 10-4.477 10-10 10m-.002-13.004a.999.999 0 1 0 0-1.997.999.999 0 0 0 0 1.997M12 17a1 1 0 0 0 .993-.884L13 16l-.002-5.001-.007-.117a1 1 0 0 0-1.986 0l-.007.117L11 16l.007.117A1 1 0 0 0 12 17\" fill=\"currentColor\"><\/path><\/svg><\/div><\/button><\/div><\/div><div class=\"promotion-card\" style=\"background-image: url(https:\/\/ringospincasino.com\/wp-content\/uploads\/Ringospin-promocards-300\u0445300-11.webp);\"><h2 class=\"promotion-card__title\">Cashback<\/h2><label class=\"promotion-card__offer\">bis zu 25 %<\/label><label class=\"promotion-card__description\"><\/label><div class=\"promotion-card__actions\"><button data-item=\"payments_link\" data-group=\"website_links\" class=\"goto btn btn-orange rounded-pill fw-bold px-4 m-button m-gradient-border m-button--primary m-button--large promotion-button promotion-card__action-btn\" aria-label=\"Anmelden\"><div class=\"m-button-content\"><span class=\"promotion-button__content\">Anmelden<\/span><\/div><\/button><button data-item=\"http:\/\/bonus_link\" data-group=\"website_links\" class=\"goto m-button m-gradient-border m-button--secondary m-button--medium promotion-card__info-btn\" aria-label=\"More information\"><div class=\"m-button-content\"><svg viewBox=\"0 0 24 24\" fill=\"none\" xmlns=\"http:\/\/www.w3.org\/2000\/svg\" class=\"m-icon m-icon-loadable\" name=\"Attention\" loading=\"false\" aria-hidden=\"true\"><path d=\"M12 22C6.477 22 2 17.522 2 12S6.477 2 12 2s10 4.478 10 10-4.477 10-10 10m-.002-13.004a.999.999 0 1 0 0-1.997.999.999 0 0 0 0 1.997M12 17a1 1 0 0 0 .993-.884L13 16l-.002-5.001-.007-.117a1 1 0 0 0-1.986 0l-.007.117L11 16l.007.117A1 1 0 0 0 12 17\" fill=\"currentColor\"><\/path><\/svg><\/div><\/button><\/div><\/div><div class=\"promotion-card\" style=\"background-image: url(https:\/\/ringospincasino.com\/wp-content\/uploads\/Ringospin-promocards-300\u0445300-3.webp);\"><h2 class=\"promotion-card__title\">Rakeback-System<\/h2><label class=\"promotion-card__offer\">bis zu 17 %<\/label><label class=\"promotion-card__description\"><\/label><div class=\"promotion-card__actions\"><button data-item=\"payments_link\" data-group=\"website_links\" class=\"goto btn btn-orange rounded-pill fw-bold px-4 m-button m-gradient-border m-button--primary m-button--large promotion-button promotion-card__action-btn\" aria-label=\"Anmelden\"><div class=\"m-button-content\"><span class=\"promotion-button__content\">Anmelden<\/span><\/div><\/button><button data-item=\"http:\/\/bonus_link\" data-group=\"website_links\" class=\"goto m-button m-gradient-border m-button--secondary m-button--medium promotion-card__info-btn\" aria-label=\"More information\"><div class=\"m-button-content\"><svg viewBox=\"0 0 24 24\" fill=\"none\" xmlns=\"http:\/\/www.w3.org\/2000\/svg\" class=\"m-icon m-icon-loadable\" name=\"Attention\" loading=\"false\" aria-hidden=\"true\"><path d=\"M12 22C6.477 22 2 17.522 2 12S6.477 2 12 2s10 4.478 10 10-4.477 10-10 10m-.002-13.004a.999.999 0 1 0 0-1.997.999.999 0 0 0 0 1.997M12 17a1 1 0 0 0 .993-.884L13 16l-.002-5.001-.007-.117a1 1 0 0 0-1.986 0l-.007.117L11 16l.007.117A1 1 0 0 0 12 17\" fill=\"currentColor\"><\/path><\/svg><\/div><\/button><\/div><\/div><div class=\"promotion-card\" style=\"background-image: url(https:\/\/ringospincasino.com\/wp-content\/uploads\/Ringospin-promocards-300\u0445300.webp);\"><h2 class=\"promotion-card__title\">Sonntags-Reload<\/h2><label class=\"promotion-card__offer\">25 % bis zu 100 \u20ac<\/label><label class=\"promotion-card__description\"><\/label><div class=\"promotion-card__actions\"><button data-item=\"payments_link\" data-group=\"website_links\" class=\"goto btn btn-orange rounded-pill fw-bold px-4 m-button m-gradient-border m-button--primary m-button--large promotion-button promotion-card__action-btn\" aria-label=\"Anmelden\"><div class=\"m-button-content\"><span class=\"promotion-button__content\">Anmelden<\/span><\/div><\/button><button data-item=\"http:\/\/bonus_link\" data-group=\"website_links\" class=\"goto m-button m-gradient-border m-button--secondary m-button--medium promotion-card__info-btn\" aria-label=\"More information\"><div class=\"m-button-content\"><svg viewBox=\"0 0 24 24\" fill=\"none\" xmlns=\"http:\/\/www.w3.org\/2000\/svg\" class=\"m-icon m-icon-loadable\" name=\"Attention\" loading=\"false\" aria-hidden=\"true\"><path d=\"M12 22C6.477 22 2 17.522 2 12S6.477 2 12 2s10 4.478 10 10-4.477 10-10 10m-.002-13.004a.999.999 0 1 0 0-1.997.999.999 0 0 0 0 1.997M12 17a1 1 0 0 0 .993-.884L13 16l-.002-5.001-.007-.117a1 1 0 0 0-1.986 0l-.007.117L11 16l.007.117A1 1 0 0 0 12 17\" fill=\"currentColor\"><\/path><\/svg><\/div><\/button><\/div><\/div><div class=\"promotion-card\" style=\"background-image: url(https:\/\/ringospincasino.com\/wp-content\/uploads\/silver-Ringospin-promocards-300\u0445300.webp);\"><h2 class=\"promotion-card__title\">High Roller-Angebot<\/h2><label class=\"promotion-card__offer\">50 % bis zu 500 \u20ac<\/label><label class=\"promotion-card__description\"><\/label><div class=\"promotion-card__actions\"><button data-item=\"payments_link\" data-group=\"website_links\" class=\"goto btn btn-orange rounded-pill fw-bold px-4 m-button m-gradient-border m-button--primary m-button--large promotion-button promotion-card__action-btn\" aria-label=\"Anmelden\"><div class=\"m-button-content\"><span class=\"promotion-button__content\">Anmelden<\/span><\/div><\/button><button data-item=\"http:\/\/bonus_link\" data-group=\"website_links\" class=\"goto m-button m-gradient-border m-button--secondary m-button--medium promotion-card__info-btn\" aria-label=\"More information\"><div class=\"m-button-content\"><svg viewBox=\"0 0 24 24\" fill=\"none\" xmlns=\"http:\/\/www.w3.org\/2000\/svg\" class=\"m-icon m-icon-loadable\" name=\"Attention\" loading=\"false\" aria-hidden=\"true\"><path d=\"M12 22C6.477 22 2 17.522 2 12S6.477 2 12 2s10 4.478 10 10-4.477 10-10 10m-.002-13.004a.999.999 0 1 0 0-1.997.999.999 0 0 0 0 1.997M12 17a1 1 0 0 0 .993-.884L13 16l-.002-5.001-.007-.117a1 1 0 0 0-1.986 0l-.007.117L11 16l.007.117A1 1 0 0 0 12 17\" fill=\"currentColor\"><\/path><\/svg><\/div><\/button><\/div><\/div><\/div><div class=\"scrollable-content-wrap my-5\"><div class=\"scrollable-content-inner\"><h2>RingoSpin-Bonusangebote<\/h2>\n<p>Es gibt viele M\u00f6glichkeiten, zus\u00e4tzliche Vorteile auf Ihrer Reise durch das Ringo Spin Casino zu erhalten. Wir haben Optionen f\u00fcr unterschiedliche Vorlieben und Budgets. Es gibt zeitlich begrenzte Werbeaktionen und saisonale Boni, die bestimmten Feiertagen oder besonderen Ereignissen gewidmet sind. Derzeit finden Sie auf unserer Website die folgenden Optionen:<\/p>\n<ul>\n<li>W\u00f6chentlicher Cashback von bis zu 25 %<\/li>\n<li>Highroller-Angebot 50 % bis zu 500 \u20ac<\/li>\n<li>Rakeback von bis zu 17 %<\/li>\n<li>Sonntags-Reload von 25 % bis zu 100 \u20ac<\/li>\n<\/ul>\n<p>Dar\u00fcber hinaus haben wir einen Willkommensbonus f\u00fcr alle neuen Kunden, bei dem sie zus\u00e4tzliches Bargeld und Freispiele erhalten k\u00f6nnen. Von Beginn Ihrer Reise an k\u00f6nnen Sie auch einfache Missionen erf\u00fcllen und M\u00fcnzen gewinnen. Diese k\u00f6nnen gegen coole Preise eingetauscht werden.<\/p>\n<h2>RingoSpin \u2013 Willkommensangebote<\/h2>\n<p>Wenn Sie neu auf unserer RingoSpin Casino-Plattform sind, empfehlen wir Ihnen, die Registrierung abzuschlie\u00dfen, da Sie so um echtes Geld spielen und Zugang zu allen coolen Funktionen der Plattform erhalten k\u00f6nnen. Dar\u00fcber hinaus erhalten alle neuen Spieler ein Willkommenspaket von bis zu 1.500 \u20ac + 250 Freispielen, das auf die ersten drei Einzahlungen aufgeteilt wird. Sie m\u00fcssen nur ein Konto erstellen und es aufladen.<\/p>\n<p>Der Ringo Spin Bonus f\u00fcr Neukunden verl\u00e4ngert Ihr Spielerlebnis und macht es noch unterhaltsamer. Weitere Informationen dar\u00fcber, wie er auf die ersten drei Einzahlungen aufgeteilt wird, finden Sie in der folgenden Tabelle.<\/p>\n<table>\n<tbody>\n<tr>\n<td>Angebot f\u00fcr die erste Einzahlung<\/td>\n<td>500 \u20ac + 150 Freispiele<\/td>\n<\/tr>\n<tr>\n<td>Angebot f\u00fcr die zweite Einzahlung<\/td>\n<td>500 \u20ac + 100 Freispiele<\/td>\n<\/tr>\n<tr>\n<td>Drittes Einzahlungsangebot<\/td>\n<td>500 \u20ac<\/td>\n<\/tr>\n<\/tbody>\n<\/table>\n<h3>Regeln f\u00fcr den Willkommensbonus<\/h3>\n<p>Alle Werbeaktionen auf unserer Website unterliegen ihren eigenen Gesch\u00e4ftsbedingungen. Dies gilt auch f\u00fcr das Willkommenspaket. Um diesen Bonus zu erhalten, m\u00fcssen Nutzer mindestens 20 \u20ac einzahlen. Sie erhalten 50 Freispiele pro Tag. Freispiele k\u00f6nnen in den Online-Slots von BGaming verwendet werden.<\/p>\n<p>Nach Aktivierung der Aktion ist diese 7 Tage lang verf\u00fcgbar. Um das Geld auszahlen zu k\u00f6nnen, m\u00fcssen Sie den Bonusbetrag 35 Mal umsetzen. Spieler ben\u00f6tigen keine Promo-Codes, um das RingoSpin-Bonusangebot in Anspruch zu nehmen.<\/p>\n<h2>Liste der Turniere und Aktivit\u00e4ten<\/h2>\n<p>Im Rahmen der Aktionen bieten wir auch eine gro\u00dfe Auswahl an Ringo Spin Turnieren an. Diese sind ideal f\u00fcr alle, die gerne gegen andere antreten. Unsere Turniere konzentrieren sich haupts\u00e4chlich auf Spielautomaten und Live-Casino-Titel. Ein weiterer Vorteil ist, dass Sie durch das Spielen Ihrer Lieblingsspiele riesige Preise in H\u00f6he von Tausenden oder sogar Millionen von Euro gewinnen k\u00f6nnen. Die folgende Tabelle enth\u00e4lt Informationen zu den verf\u00fcgbaren Veranstaltungen im RingoSpin Casino.<\/p>\n<table>\n<tbody>\n<tr>\n<td>Turnier<\/td>\n<td>Preispool<\/td>\n<\/tr>\n<tr>\n<td>Spinoleague<\/td>\n<td>12.000.000 \u20ac<\/td>\n<\/tr>\n<tr>\n<td>BGaming Drops<\/td>\n<td>60.000 \u20ac<\/td>\n<\/tr>\n<tr>\n<td>Live-Turnier<\/td>\n<td>10.000 \u20ac<\/td>\n<\/tr>\n<\/tbody>\n<\/table>\n<h2>Allgemeine Gesch\u00e4ftsbedingungen<\/h2>\n<p>Um die Aktion zu aktivieren und die Gewinne zu erhalten, m\u00fcssen Sie alle Bedingungen und Konditionen des jeweiligen Angebots erf\u00fcllen. Die Bonusregeln von RingoSpin auf unserer Plattform sind klar und eindeutig. Allgemeine Informationen zu den Aktionen finden Sie im Abschnitt \u201eKonten, Auszahlungen und Boni\u201c. Durch Anklicken der gew\u00fcnschten Option im Abschnitt \u201eAktionen\u201c werden den Nutzern die Bedingungen f\u00fcr den jeweiligen Bonus angezeigt.<\/p>\n<p>Auch wenn Sie bereits Erfahrung mit einem anderen Online-Casino haben, machen Sie sich bitte immer mit den Regeln der jeweiligen Aktion vertraut. In den meisten F\u00e4llen gelten bestimmte Kategorien:<\/p>\n<ul>\n<li>Mindestanzahlung<\/li>\n<li>G\u00fcltigkeitsdauer<\/li>\n<li>Spielbeitrag<\/li>\n<li>Maximaler Einsatz<\/li>\n<li>Umsatzbedingungen<\/li>\n<\/ul>\n<h2>FAQ<\/h2>\n<h3>Kann ich mehr als einen aktiven Bonus haben?<\/h3>\n<p>Die Regeln unserer Plattform erlauben es Benutzern, jeweils nur einen aktiven Einzahlungsbonus zu haben. Dies gilt nicht f\u00fcr Turniere. Sie sollten immer die Anforderungen jeder einzelnen RingoSpin-Aktion lesen.<\/p>\n<h3>Sind Boni auf Mobilger\u00e4ten\/PWA verf\u00fcgbar?<\/h3>\n<p>Die mobile Version unserer Website sowie die spezielle App spiegeln die Hauptplattform wider. Das bedeutet, dass dort dieselben Funktionen, einschlie\u00dflich der Werbeaktionen, verf\u00fcgbar sind. Nachdem Sie sich auf verschiedenen Ger\u00e4ten in Ihr Konto eingeloggt haben, werden alle Ihre Erfolge synchronisiert.<\/p>\n<h3>Warum wurde meine Aktion storniert?<\/h3>\n<p>Wenn Sie versucht haben, die Regeln unserer Plattform oder eines bestimmten Angebots zu umgehen, behalten wir uns das Recht vor, die Aktion f\u00fcr ung\u00fcltig zu erkl\u00e4ren. Benutzer k\u00f6nnen sich jederzeit \u00fcber den Live-Chat oder per E-Mail an unseren 24\/7-Kundendienst von Ringo Spin Casino wenden, um weitere Informationen zu erhalten.<\/p>\n<\/div><\/div><\/p>\n","protected":false},"excerpt":{"rendered":"<p>RingoSpin Boni Die Nutzung eines Online-Casinos bedeutet nicht nur Gewinne, sondern auch zus\u00e4tzliche Belohnungen durch Werbeaktionen. Deshalb bietet die RingoSpin Bonus Kollektion gro\u00dfz\u00fcgige Angebote f\u00fcr alle Spielertypen. Sie k\u00f6nnen Freispiele, Bonusgelder und zus\u00e4tzliche Runden erhalten. Alle neuen Nutzer erhalten automatisch das Willkommenspaket von bis zu 1.500 \u20ac + 250 Freispielen. Und das ist nur der [&hellip;]<\/p>\n","protected":false},"author":11,"featured_media":0,"parent":0,"menu_order":0,"comment_status":"closed","ping_status":"closed","template":"template-builder.php","meta":{"_acf_changed":false,"inline_featured_image":false,"footnotes":""},"class_list":["post-1438","page","type-page","status-publish","hentry"],"acf":[],"yoast_head":"<!-- This site is optimized with the Yoast SEO plugin v24.4 - https:\/\/yoast.com\/wordpress\/plugins\/seo\/ -->\n<title>RingoSpin Casino Bonus | Willkommens- und Promo-Angebote<\/title>\n<meta name=\"description\" content=\"RingoSpin Casino Bonus \u2013 entdecke Willkommenspakete, Reload-Boni, Freispiele und w\u00f6chentliche Aktionen. Profitiere von Cashback und exklusiven saisonalen Angeboten bei Ringo Spin.\" \/>\n<meta name=\"robots\" content=\"index, follow, max-snippet:-1, max-image-preview:large, max-video-preview:-1\" \/>\n<link rel=\"canonical\" href=\"https:\/\/ringospincasino.com\/de\/aktionen\/\" \/>\n<meta property=\"og:locale\" content=\"de_DE\" \/>\n<meta property=\"og:type\" content=\"article\" \/>\n<meta property=\"og:title\" content=\"RingoSpin Casino Bonus | Willkommens- und Promo-Angebote\" \/>\n<meta property=\"og:description\" content=\"RingoSpin Casino Bonus \u2013 entdecke Willkommenspakete, Reload-Boni, Freispiele und w\u00f6chentliche Aktionen. Profitiere von Cashback und exklusiven saisonalen Angeboten bei Ringo Spin.\" \/>\n<meta property=\"og:url\" content=\"https:\/\/ringospincasino.com\/de\/aktionen\/\" \/>\n<meta property=\"og:site_name\" content=\"Ringospin\" \/>\n<meta property=\"article:modified_time\" content=\"2026-02-03T10:55:25+00:00\" \/>\n<meta name=\"twitter:card\" content=\"summary_large_image\" \/>\n<meta name=\"twitter:label1\" content=\"Gesch\u00e4tzte Lesezeit\" \/>\n\t<meta name=\"twitter:data1\" content=\"1\u00a0Minute\" \/>\n<script type=\"application\/ld+json\" class=\"yoast-schema-graph\">{\"@context\":\"https:\/\/schema.org\",\"@graph\":[{\"@type\":\"WebPage\",\"@id\":\"https:\/\/ringospincasino.com\/de\/aktionen\/\",\"url\":\"https:\/\/ringospincasino.com\/de\/aktionen\/\",\"name\":\"RingoSpin Casino Bonus | Willkommens- und Promo-Angebote\",\"isPartOf\":{\"@id\":\"https:\/\/ringospincasino.com\/de\/#website\"},\"datePublished\":\"2026-02-03T09:43:21+00:00\",\"dateModified\":\"2026-02-03T10:55:25+00:00\",\"description\":\"RingoSpin Casino Bonus \u2013 entdecke Willkommenspakete, Reload-Boni, Freispiele und w\u00f6chentliche Aktionen. Profitiere von Cashback und exklusiven saisonalen Angeboten bei Ringo Spin.\",\"breadcrumb\":{\"@id\":\"https:\/\/ringospincasino.com\/de\/aktionen\/#breadcrumb\"},\"inLanguage\":\"de\",\"potentialAction\":[{\"@type\":\"ReadAction\",\"target\":[\"https:\/\/ringospincasino.com\/de\/aktionen\/\"]}]},{\"@type\":\"BreadcrumbList\",\"@id\":\"https:\/\/ringospincasino.com\/de\/aktionen\/#breadcrumb\",\"itemListElement\":[{\"@type\":\"ListItem\",\"position\":1,\"name\":\"Ringospin\",\"item\":\"https:\/\/ringospincasino.com\/de\/\"},{\"@type\":\"ListItem\",\"position\":2,\"name\":\"Aktionen\"}]},{\"@type\":\"WebSite\",\"@id\":\"https:\/\/ringospincasino.com\/de\/#website\",\"url\":\"https:\/\/ringospincasino.com\/de\/\",\"name\":\"Ringospin\",\"description\":\"\",\"publisher\":{\"@id\":\"https:\/\/ringospincasino.com\/de\/#organization\"},\"potentialAction\":[{\"@type\":\"SearchAction\",\"target\":{\"@type\":\"EntryPoint\",\"urlTemplate\":\"https:\/\/ringospincasino.com\/de\/?s={search_term_string}\"},\"query-input\":{\"@type\":\"PropertyValueSpecification\",\"valueRequired\":true,\"valueName\":\"search_term_string\"}}],\"inLanguage\":\"de\"},{\"@type\":\"Organization\",\"@id\":\"https:\/\/ringospincasino.com\/de\/#organization\",\"name\":\"Ringospin\",\"url\":\"https:\/\/ringospincasino.com\/de\/\",\"logo\":{\"@type\":\"ImageObject\",\"inLanguage\":\"de\",\"@id\":\"https:\/\/ringospincasino.com\/de\/#\/schema\/logo\/image\/\",\"url\":\"https:\/\/ringospincasino.com\/wp-content\/uploads\/logo-ringospin.svg\",\"contentUrl\":\"https:\/\/ringospincasino.com\/wp-content\/uploads\/logo-ringospin.svg\",\"width\":139,\"height\":34,\"caption\":\"Ringospin\"},\"image\":{\"@id\":\"https:\/\/ringospincasino.com\/de\/#\/schema\/logo\/image\/\"}}]}<\/script>\n<!-- \/ Yoast SEO plugin. -->","yoast_head_json":{"title":"RingoSpin Casino Bonus | Willkommens- und Promo-Angebote","description":"RingoSpin Casino Bonus \u2013 entdecke Willkommenspakete, Reload-Boni, Freispiele und w\u00f6chentliche Aktionen. Profitiere von Cashback und exklusiven saisonalen Angeboten bei Ringo Spin.","robots":{"index":"index","follow":"follow","max-snippet":"max-snippet:-1","max-image-preview":"max-image-preview:large","max-video-preview":"max-video-preview:-1"},"canonical":"https:\/\/ringospincasino.com\/de\/aktionen\/","og_locale":"de_DE","og_type":"article","og_title":"RingoSpin Casino Bonus | Willkommens- und Promo-Angebote","og_description":"RingoSpin Casino Bonus \u2013 entdecke Willkommenspakete, Reload-Boni, Freispiele und w\u00f6chentliche Aktionen. Profitiere von Cashback und exklusiven saisonalen Angeboten bei Ringo Spin.","og_url":"https:\/\/ringospincasino.com\/de\/aktionen\/","og_site_name":"Ringospin","article_modified_time":"2026-02-03T10:55:25+00:00","twitter_card":"summary_large_image","twitter_misc":{"Gesch\u00e4tzte Lesezeit":"1\u00a0Minute"},"schema":{"@context":"https:\/\/schema.org","@graph":[{"@type":"WebPage","@id":"https:\/\/ringospincasino.com\/de\/aktionen\/","url":"https:\/\/ringospincasino.com\/de\/aktionen\/","name":"RingoSpin Casino Bonus | Willkommens- und Promo-Angebote","isPartOf":{"@id":"https:\/\/ringospincasino.com\/de\/#website"},"datePublished":"2026-02-03T09:43:21+00:00","dateModified":"2026-02-03T10:55:25+00:00","description":"RingoSpin Casino Bonus \u2013 entdecke Willkommenspakete, Reload-Boni, Freispiele und w\u00f6chentliche Aktionen. Profitiere von Cashback und exklusiven saisonalen Angeboten bei Ringo Spin.","breadcrumb":{"@id":"https:\/\/ringospincasino.com\/de\/aktionen\/#breadcrumb"},"inLanguage":"de","potentialAction":[{"@type":"ReadAction","target":["https:\/\/ringospincasino.com\/de\/aktionen\/"]}]},{"@type":"BreadcrumbList","@id":"https:\/\/ringospincasino.com\/de\/aktionen\/#breadcrumb","itemListElement":[{"@type":"ListItem","position":1,"name":"Ringospin","item":"https:\/\/ringospincasino.com\/de\/"},{"@type":"ListItem","position":2,"name":"Aktionen"}]},{"@type":"WebSite","@id":"https:\/\/ringospincasino.com\/de\/#website","url":"https:\/\/ringospincasino.com\/de\/","name":"Ringospin","description":"","publisher":{"@id":"https:\/\/ringospincasino.com\/de\/#organization"},"potentialAction":[{"@type":"SearchAction","target":{"@type":"EntryPoint","urlTemplate":"https:\/\/ringospincasino.com\/de\/?s={search_term_string}"},"query-input":{"@type":"PropertyValueSpecification","valueRequired":true,"valueName":"search_term_string"}}],"inLanguage":"de"},{"@type":"Organization","@id":"https:\/\/ringospincasino.com\/de\/#organization","name":"Ringospin","url":"https:\/\/ringospincasino.com\/de\/","logo":{"@type":"ImageObject","inLanguage":"de","@id":"https:\/\/ringospincasino.com\/de\/#\/schema\/logo\/image\/","url":"https:\/\/ringospincasino.com\/wp-content\/uploads\/logo-ringospin.svg","contentUrl":"https:\/\/ringospincasino.com\/wp-content\/uploads\/logo-ringospin.svg","width":139,"height":34,"caption":"Ringospin"},"image":{"@id":"https:\/\/ringospincasino.com\/de\/#\/schema\/logo\/image\/"}}]}},"_links":{"self":[{"href":"https:\/\/ringospincasino.com\/de\/wp-json\/wp\/v2\/pages\/1438"}],"collection":[{"href":"https:\/\/ringospincasino.com\/de\/wp-json\/wp\/v2\/pages"}],"about":[{"href":"https:\/\/ringospincasino.com\/de\/wp-json\/wp\/v2\/types\/page"}],"author":[{"embeddable":true,"href":"https:\/\/ringospincasino.com\/de\/wp-json\/wp\/v2\/users\/11"}],"replies":[{"embeddable":true,"href":"https:\/\/ringospincasino.com\/de\/wp-json\/wp\/v2\/comments?post=1438"}],"version-history":[{"count":2,"href":"https:\/\/ringospincasino.com\/de\/wp-json\/wp\/v2\/pages\/1438\/revisions"}],"predecessor-version":[{"id":1491,"href":"https:\/\/ringospincasino.com\/de\/wp-json\/wp\/v2\/pages\/1438\/revisions\/1491"}],"wp:attachment":[{"href":"https:\/\/ringospincasino.com\/de\/wp-json\/wp\/v2\/media?parent=1438"}],"curies":[{"name":"wp","href":"https:\/\/api.w.org\/{rel}","templated":true}]}}