{"id":1426,"date":"2026-02-03T09:30:18","date_gmt":"2026-02-03T09:30:18","guid":{"rendered":"https:\/\/ringospincasino.com\/app\/"},"modified":"2026-02-03T10:48:10","modified_gmt":"2026-02-03T10:48:10","slug":"app","status":"publish","type":"page","link":"https:\/\/ringospincasino.com\/de\/app\/","title":{"rendered":"App"},"content":{"rendered":"<h1>RingoSpin App<\/h1>\n<p>In der modernen Welt m\u00f6chten Nutzer flexibel sein und \u00fcberall online gehen k\u00f6nnen. Mit der RingoSpin App ist das m\u00f6glich. Sie erhalten Zugriff auf alle Ihre Lieblingsspiele, Boni und andere Funktionen, indem Sie einfach unsere mobile Browserversion besuchen oder die App installieren. Beide sind mit allen modernen Android- und iOS-Ger\u00e4ten kompatibel.<\/p>\n<div class=\"banner-wrap\" aria-label=\"Banner\"><img src=\"https:\/\/ringospincasino.com\/wp-content\/uploads\/Ringospin-banner-carousel-932\u0445400-4.webp\" class=\"w-100 d-none d-lg-block img-pc main-banner-img\" alt=\"Ringospin banner desktop\" fetchpriority=\"high\" decoding=\"async\"><img src=\"https:\/\/ringospincasino.com\/wp-content\/uploads\/Group-376223.webp\" class=\"w-100 d-none d-md-block d-lg-none main-banner-img\" alt=\"Ringospin banner tablet\" fetchpriority=\"high\" decoding=\"async\"><img src=\"https:\/\/ringospincasino.com\/wp-content\/uploads\/Group-376223.webp\" class=\"w-100 d-md-none\" alt=\"Ringospin banner tablet\" fetchpriority=\"high\" decoding=\"async\"><div class=\"banner-description\">\n<div class=\"banner-title\">Willkommensboni<\/div>\n<p class=\"banner-header-title\">1500 \u20ac<\/p>\n<div class=\"banner-header-AdditionalText\">+ 250 Freispiele<\/div>\n<button data-item=\"homepage_banner_link\" class=\"goto m-button m-gradient-border m-button--primary m-button--large banner-button btn-orange\">\n            <div class=\"m-button-content\">\n                <span>Jetzt anmelden<\/span>\n                <span><\/span>\n            <\/div>\n        <\/button>\n<\/div>\n<div class=\"WelcomePack\">\n<p><img loading=\"lazy\" decoding=\"async\" class=\"alignnone size-full wp-image-1358\" src=\"https:\/\/ringospincasino.com\/wp-content\/uploads\/welcome-crown.svg\" alt=\"welcome crown\" width=\"25\" height=\"26\" \/><\/p>\n<div class=\"WelcomePack-Info\">W\u00f6chentlicher Cashback von bis zu 25 %<\/div>\n<p><img loading=\"lazy\" decoding=\"async\" class=\"alignnone size-full wp-image-1358\" src=\"https:\/\/ringospincasino.com\/wp-content\/uploads\/welcome-crown.svg\" alt=\"welcome crown\" width=\"25\" height=\"26\" \/><\/p>\n<\/div>\n<\/div>\n<h2>Funktionen der RingoSpin App<\/h2>\n<p>Um unterwegs zu spielen, ben\u00f6tigen Sie lediglich ein mobiles Ger\u00e4t und eine stabile Internetverbindung. Wir bieten Ihnen zwei praktische Optionen: die Website und die RingoSpin App. Beide spiegeln die Hauptversion f\u00fcr Desktop-PCs wider und bieten dieselben Spiele, Zahlungsm\u00f6glichkeiten, denselben Kundensupport und dieselben Werbeaktionen. Jetzt sind Sie nicht mehr an Ihren Wohnort oder Ihren PC gebunden.<\/p>\n<p>Die mobile Software wurde als Progressive Web Application (PWA) entwickelt. Sie k\u00f6nnen sie ganz einfach von unserer Ringo Spin Casino Website installieren. Wenn Sie weitere Informationen zu dieser Option w\u00fcnschen, finden Sie unten die wichtigsten Funktionen:<\/p>\n<ul>\n<li>Schnelle Ladezeiten dank schlanker Architektur und Caching<\/li>\n<li>Schnelle Installation ohne Downloads aus dem App Store<\/li>\n<li>Automatische Updates ohne manuelle Installationen<\/li>\n<li>Geringer Speicherbedarf im Vergleich zu nativen Apps<\/li>\n<li>Push-Benachrichtigungen f\u00fcr Werbeaktionen, Updates oder Warnmeldungen<\/li>\n<li>Sicherer Zugriff \u00fcber HTTPS und moderne Verschl\u00fcsselungsstandards<\/li>\n<\/ul>\n<p><div class=\"scrollable-content-wrap my-5\"><div class=\"scrollable-content-inner\"><h2><\/h2>\n<h2>RingoSpin App \u2013 iOS<\/h2>\n<p>F\u00fcr ein noch komfortableres Spielerlebnis haben wir die mobile Software f\u00fcr iOS entwickelt. Egal, ob iPhone oder iPad \u2013 Sie k\u00f6nnen alle Funktionen von RingoSpin nutzen. Benutzer haben Zugriff auf dieselben Funktionen wie Spiele, Registrierung, Zahlungen und den Verifizierungsprozess.<\/p>\n<p>Ihre Reise auf einem mobilen Ger\u00e4t ist sicher und gesch\u00fctzt. Als lizenziertes Online-Casino befolgen wir alle notwendigen Vorschriften und Protokolle der Branche. Wir verwenden auch Webanwendungs-Firewalls, um Angriffe auf Anwendungsebene zu verhindern.<\/p>\n<p>Alle iOS-Spieler k\u00f6nnen die App innerhalb weniger Minuten installieren. Wenn Sie Probleme mit dem Installationsprozess haben, wenden Sie sich bitte an unseren hilfsbereiten Support-Service. Befolgen Sie unsere Anweisungen unten, um die Installation schnell und ohne zus\u00e4tzliche Probleme durchzuf\u00fchren.<\/p>\n<table>\n<tbody>\n<tr>\n<td>Schritt<\/td>\n<td>Details<\/td>\n<\/tr>\n<tr>\n<td>Gehen Sie zur Website von RingoSpin Casino<\/td>\n<td>Besuchen Sie unsere Plattform von Ihrem iOS-Ger\u00e4t aus in einem beliebigen mobilen Browser.<\/td>\n<\/tr>\n<tr>\n<td>Klicken Sie auf die Schaltfl\u00e4che \u201eCasino-App\u201c<\/td>\n<td>Die Schaltfl\u00e4che befindet sich in der Fu\u00dfzeile der Website.<\/td>\n<\/tr>\n<tr>\n<td>W\u00e4hlen Sie \u201eInstallation\u201d<\/td>\n<td>Auf der neu angezeigten Seite in der Mitte des Bildschirms finden Sie die erforderliche Schaltfl\u00e4che.<\/td>\n<\/tr>\n<tr>\n<td>Schlie\u00dfen Sie die Installation ab<\/td>\n<td>Der Vorgang dauert etwa 2 Minuten. Danach wird das Symbol auf Ihrem Startbildschirm angezeigt.<\/td>\n<\/tr>\n<\/tbody>\n<\/table>\n<h2><img loading=\"lazy\" decoding=\"async\" src=\"https:\/\/ringospincasino.com\/wp-content\/uploads\/App4-3.webp\" alt=\"App4\" width=\"1248\" height=\"536\" \/><\/h2>\n<\/div><\/div><div style=\"clear: both\"><\/div><div class=\"d-flex justify-content-center\"><button data-item=\"decouvrez_link\" data-group=\"website_links\" class=\"goto fw-bold rounded-pill btn btn-orange\" aria-label=\"Laden Sie die Ringospin-App herunter\" >Laden Sie die Ringospin-App herunter<\/button><\/div><div class=\"scrollable-content-wrap my-5\"><div class=\"scrollable-content-inner\"><h2>RingoSpin App f\u00fcr Android<\/h2>\n<p>Android-Nutzer k\u00f6nnen ohne Probleme auf die RingoSpin Casino Plattform zugreifen. Dies ist sogar ohne das Herunterladen von APK-Dateien m\u00f6glich, die Ihrem Ger\u00e4t schaden k\u00f6nnen. Besuchen Sie einfach unsere Website in einem beliebigen Browser. Die gesamte Spielesammlung steht unseren Android-Nutzern zur Verf\u00fcgung, einschlie\u00dflich Online-Slots, Tischspielen, Live-Dealer-Optionen und Sofortgewinn-Titel.<\/p>\n<p>Unser mobiles Casino ist auch \u00fcber eine spezielle RingoSpin App verf\u00fcgbar. Diese bietet Ihnen ein noch pers\u00f6nlicheres Erlebnis. Die Installation ist schnell und einfach und kann direkt \u00fcber unsere Website durchgef\u00fchrt werden. Rufen Sie einfach unsere Website von Ihrem Smartphone oder Tablet aus auf, klicken Sie auf die Schaltfl\u00e4che mit den drei Punkten in der Adressleiste Ihres Browsers und w\u00e4hlen Sie \u201eZum Startbildschirm hinzuf\u00fcgen\u201c. In wenigen Sekunden erscheint das Ringo Spin-Symbol auf Ihrem Hauptbildschirm.<\/p>\n<h3>Sicherheitsberechtigungen<\/h3>\n<p>Die Sicherheitsberechtigungen in der RingoSpin App dienen dem Schutz der Benutzerdaten und gew\u00e4hrleisten gleichzeitig eine reibungslose und sichere Funktionalit\u00e4t. Die mobile Software fordert nur die unbedingt erforderlichen Berechtigungen an, wie z. B. den Internetzugang f\u00fcr Echtzeit-Spiele und Benachrichtigungen \u00fcber wichtige Konto- oder -Aktionsupdates. Es ist kein unn\u00f6tiger Zugriff auf pers\u00f6nliche Dateien, Kontakte oder Ger\u00e4tedaten erforderlich.<\/p>\n<p><img loading=\"lazy\" decoding=\"async\" src=\"https:\/\/ringospincasino.com\/wp-content\/uploads\/App2-2.webp\" alt=\"App2\" width=\"1248\" height=\"536\" \/><\/p>\n<\/div><\/div><div style=\"clear: both\"><\/div><div class=\"d-flex justify-content-center\"><button data-item=\"decouvrez_link\" data-group=\"website_links\" class=\"goto fw-bold rounded-pill btn btn-orange\" aria-label=\"Laden Sie die Ringospin-App herunter\" >Laden Sie die Ringospin-App herunter<\/button><\/div><div class=\"scrollable-content-wrap my-5\"><div class=\"scrollable-content-inner\"><h2>Ringo Spin Casino \u2013 Desktop-Version<\/h2>\n<p>Auch wenn viele Menschen lieber auf einem mobilen Ger\u00e4t spielen, ist es manchmal bequemer, einen gro\u00dfen Bildschirm zu haben und die W\u00e4rme Ihres Zuhauses zu genie\u00dfen. Das ist mit Ringo Spin Casino f\u00fcr PC m\u00f6glich, das mit Windows und macOS kompatibel ist. Wir verwenden innovative 1.3 TLS-Verschl\u00fcsselung, um Ihre pers\u00f6nlichen Daten zu sch\u00fctzen, unabh\u00e4ngig davon, welches Ger\u00e4t Sie verwenden.<\/p>\n<p>F\u00fcr einen schnelleren Zugriff k\u00f6nnen Spieler ein Verkn\u00fcpfungssymbol installieren. In diesem Fall m\u00fcssen Sie Ihren Browser nicht \u00f6ffnen und nach der gew\u00fcnschten Website suchen. Sie k\u00f6nnen einfach auf das Symbol auf dem Startbildschirm klicken. Wenn Sie lieber verschiedene Ger\u00e4te verwenden, melden Sie sich einfach auf diesen Ger\u00e4ten bei Ihrem Konto an, und Ihre pers\u00f6nlichen Daten werden zwischen ihnen synchronisiert.<\/p>\n<h2>Optimierte Benutzeroberfl\u00e4che f\u00fcr Touch-Steuerung<\/h2>\n<p>Es ist wichtig, \u00fcber mobile Software zu verf\u00fcgen, die intuitiv, reaktionsschnell und komfortabel auf Smartphones und Tablets zu bedienen ist. Aus diesem Grund wurde die Benutzeroberfl\u00e4che vollst\u00e4ndig f\u00fcr die Touch-Steuerung optimiert. Die Schaltfl\u00e4chen sind sorgf\u00e4ltig dimensioniert und angeordnet, um versehentliche Ber\u00fchrungen zu vermeiden. Die Spiele werden im Vollbild -Modus geladen, wodurch die Sichtbarkeit und das Spielerlebnis ohne Unordnung maximiert werden. Dank des f\u00fcr Touchscreens optimierten Layouts k\u00f6nnen unsere Spieler m\u00fchelos Wetten platzieren und die Walzen drehen.<\/p>\n<p>Wenn etwas auf Ihrem Mobilger\u00e4t nicht richtig funktioniert, wenden Sie sich bitte \u00fcber den integrierten Live-Chat oder per E-Mail an unseren Kundendienst.<\/p>\n<p><img loading=\"lazy\" decoding=\"async\" src=\"https:\/\/ringospincasino.com\/wp-content\/uploads\/App6-1.webp\" alt=\"App6\" width=\"1248\" height=\"536\" \/><\/p>\n<\/div><\/div><div style=\"clear: both\"><\/div><div class=\"d-flex justify-content-center\"><button data-item=\"decouvrez_link\" data-group=\"website_links\" class=\"goto fw-bold rounded-pill btn btn-orange\" aria-label=\"Laden Sie die Ringospin-App herunter\" >Laden Sie die Ringospin-App herunter<\/button><\/div><div class=\"scrollable-content-wrap my-5\"><div class=\"scrollable-content-inner\"><h2>FAQ<\/h2>\n<h3>Ist die App f\u00fcr Tablets und gr\u00f6\u00dfere Bildschirme optimiert?<\/h3>\n<p>Die mobile Software von RingoSpin Casino ist vollst\u00e4ndig f\u00fcr moderne Ger\u00e4te wie Smartphones und Tablets optimiert. Sie passt sich der Bildschirmgr\u00f6\u00dfe und -aufl\u00f6sung an und bietet Ihnen ein gro\u00dfartiges Benutzererlebnis.<\/p>\n<h3>Wird die PWA automatisch aktualisiert?<\/h3>\n<p>Sie m\u00fcssen keine zus\u00e4tzlichen Ma\u00dfnahmen ergreifen, um die progressive Web-App zu aktualisieren, da alles automatisch erfolgt. Bei gr\u00f6\u00dferen \u00c4nderungen informieren wir Sie per Benachrichtigung und E-Mail.<\/p>\n<h3>Sind alle RingoSpin Spiele in der App verf\u00fcgbar?<\/h3>\n<p>Die gesamte Spielesammlung mit \u00fcber 6.000 Titeln ist in der mobilen Version von Ringo Spin verf\u00fcgbar. Alle Titel passen sich perfekt an Ihr Ger\u00e4t an. Spieler sch\u00e4tzen besonders die Live-Casino-Spiele, die in hoher Qualit\u00e4t \u00fcbertragen werden.<\/p>\n<\/div><\/div><\/p>\n","protected":false},"excerpt":{"rendered":"<p>RingoSpin App In der modernen Welt m\u00f6chten Nutzer flexibel sein und \u00fcberall online gehen k\u00f6nnen. Mit der RingoSpin App ist das m\u00f6glich. Sie erhalten Zugriff auf alle Ihre Lieblingsspiele, Boni und andere Funktionen, indem Sie einfach unsere mobile Browserversion besuchen oder die App installieren. Beide sind mit allen modernen Android- und iOS-Ger\u00e4ten kompatibel. Funktionen der [&hellip;]<\/p>\n","protected":false},"author":11,"featured_media":0,"parent":0,"menu_order":0,"comment_status":"closed","ping_status":"closed","template":"template-builder.php","meta":{"_acf_changed":false,"inline_featured_image":false,"footnotes":""},"class_list":["post-1426","page","type-page","status-publish","hentry"],"acf":[],"yoast_head":"<!-- This site is optimized with the Yoast SEO plugin v24.4 - https:\/\/yoast.com\/wordpress\/plugins\/seo\/ -->\n<title>RingoSpin App f\u00fcr Mobile | iOS, Android<\/title>\n<meta name=\"description\" content=\"RingoSpin App \u2013 genie\u00dfe fl\u00fcssiges Casinospielen auf iOS und Android. Greife auf Slots, Tischspiele, Jackpots und Live-Dealer mit kompletter Kontosynchronisierung bei Ringo Spin zu.\" \/>\n<meta name=\"robots\" content=\"index, follow, max-snippet:-1, max-image-preview:large, max-video-preview:-1\" \/>\n<link rel=\"canonical\" href=\"https:\/\/ringospincasino.com\/de\/app\/\" \/>\n<meta property=\"og:locale\" content=\"de_DE\" \/>\n<meta property=\"og:type\" content=\"article\" \/>\n<meta property=\"og:title\" content=\"RingoSpin App f\u00fcr Mobile | iOS, Android\" \/>\n<meta property=\"og:description\" content=\"RingoSpin App \u2013 genie\u00dfe fl\u00fcssiges Casinospielen auf iOS und Android. Greife auf Slots, Tischspiele, Jackpots und Live-Dealer mit kompletter Kontosynchronisierung bei Ringo Spin zu.\" \/>\n<meta property=\"og:url\" content=\"https:\/\/ringospincasino.com\/de\/app\/\" \/>\n<meta property=\"og:site_name\" content=\"Ringospin\" \/>\n<meta property=\"article:modified_time\" content=\"2026-02-03T10:48:10+00:00\" \/>\n<meta name=\"twitter:card\" content=\"summary_large_image\" \/>\n<meta name=\"twitter:label1\" content=\"Gesch\u00e4tzte Lesezeit\" \/>\n\t<meta name=\"twitter:data1\" content=\"1\u00a0Minute\" \/>\n<script type=\"application\/ld+json\" class=\"yoast-schema-graph\">{\"@context\":\"https:\/\/schema.org\",\"@graph\":[{\"@type\":\"WebPage\",\"@id\":\"https:\/\/ringospincasino.com\/de\/app\/\",\"url\":\"https:\/\/ringospincasino.com\/de\/app\/\",\"name\":\"RingoSpin App f\u00fcr Mobile | iOS, Android\",\"isPartOf\":{\"@id\":\"https:\/\/ringospincasino.com\/de\/#website\"},\"datePublished\":\"2026-02-03T09:30:18+00:00\",\"dateModified\":\"2026-02-03T10:48:10+00:00\",\"description\":\"RingoSpin App \u2013 genie\u00dfe fl\u00fcssiges Casinospielen auf iOS und Android. Greife auf Slots, Tischspiele, Jackpots und Live-Dealer mit kompletter Kontosynchronisierung bei Ringo Spin zu.\",\"breadcrumb\":{\"@id\":\"https:\/\/ringospincasino.com\/de\/app\/#breadcrumb\"},\"inLanguage\":\"de\",\"potentialAction\":[{\"@type\":\"ReadAction\",\"target\":[\"https:\/\/ringospincasino.com\/de\/app\/\"]}]},{\"@type\":\"BreadcrumbList\",\"@id\":\"https:\/\/ringospincasino.com\/de\/app\/#breadcrumb\",\"itemListElement\":[{\"@type\":\"ListItem\",\"position\":1,\"name\":\"Ringospin\",\"item\":\"https:\/\/ringospincasino.com\/de\/\"},{\"@type\":\"ListItem\",\"position\":2,\"name\":\"App\"}]},{\"@type\":\"WebSite\",\"@id\":\"https:\/\/ringospincasino.com\/de\/#website\",\"url\":\"https:\/\/ringospincasino.com\/de\/\",\"name\":\"Ringospin\",\"description\":\"\",\"publisher\":{\"@id\":\"https:\/\/ringospincasino.com\/de\/#organization\"},\"potentialAction\":[{\"@type\":\"SearchAction\",\"target\":{\"@type\":\"EntryPoint\",\"urlTemplate\":\"https:\/\/ringospincasino.com\/de\/?s={search_term_string}\"},\"query-input\":{\"@type\":\"PropertyValueSpecification\",\"valueRequired\":true,\"valueName\":\"search_term_string\"}}],\"inLanguage\":\"de\"},{\"@type\":\"Organization\",\"@id\":\"https:\/\/ringospincasino.com\/de\/#organization\",\"name\":\"Ringospin\",\"url\":\"https:\/\/ringospincasino.com\/de\/\",\"logo\":{\"@type\":\"ImageObject\",\"inLanguage\":\"de\",\"@id\":\"https:\/\/ringospincasino.com\/de\/#\/schema\/logo\/image\/\",\"url\":\"https:\/\/ringospincasino.com\/wp-content\/uploads\/logo-ringospin.svg\",\"contentUrl\":\"https:\/\/ringospincasino.com\/wp-content\/uploads\/logo-ringospin.svg\",\"width\":139,\"height\":34,\"caption\":\"Ringospin\"},\"image\":{\"@id\":\"https:\/\/ringospincasino.com\/de\/#\/schema\/logo\/image\/\"}}]}<\/script>\n<!-- \/ Yoast SEO plugin. -->","yoast_head_json":{"title":"RingoSpin App f\u00fcr Mobile | iOS, Android","description":"RingoSpin App \u2013 genie\u00dfe fl\u00fcssiges Casinospielen auf iOS und Android. Greife auf Slots, Tischspiele, Jackpots und Live-Dealer mit kompletter Kontosynchronisierung bei Ringo Spin zu.","robots":{"index":"index","follow":"follow","max-snippet":"max-snippet:-1","max-image-preview":"max-image-preview:large","max-video-preview":"max-video-preview:-1"},"canonical":"https:\/\/ringospincasino.com\/de\/app\/","og_locale":"de_DE","og_type":"article","og_title":"RingoSpin App f\u00fcr Mobile | iOS, Android","og_description":"RingoSpin App \u2013 genie\u00dfe fl\u00fcssiges Casinospielen auf iOS und Android. Greife auf Slots, Tischspiele, Jackpots und Live-Dealer mit kompletter Kontosynchronisierung bei Ringo Spin zu.","og_url":"https:\/\/ringospincasino.com\/de\/app\/","og_site_name":"Ringospin","article_modified_time":"2026-02-03T10:48:10+00:00","twitter_card":"summary_large_image","twitter_misc":{"Gesch\u00e4tzte Lesezeit":"1\u00a0Minute"},"schema":{"@context":"https:\/\/schema.org","@graph":[{"@type":"WebPage","@id":"https:\/\/ringospincasino.com\/de\/app\/","url":"https:\/\/ringospincasino.com\/de\/app\/","name":"RingoSpin App f\u00fcr Mobile | iOS, Android","isPartOf":{"@id":"https:\/\/ringospincasino.com\/de\/#website"},"datePublished":"2026-02-03T09:30:18+00:00","dateModified":"2026-02-03T10:48:10+00:00","description":"RingoSpin App \u2013 genie\u00dfe fl\u00fcssiges Casinospielen auf iOS und Android. Greife auf Slots, Tischspiele, Jackpots und Live-Dealer mit kompletter Kontosynchronisierung bei Ringo Spin zu.","breadcrumb":{"@id":"https:\/\/ringospincasino.com\/de\/app\/#breadcrumb"},"inLanguage":"de","potentialAction":[{"@type":"ReadAction","target":["https:\/\/ringospincasino.com\/de\/app\/"]}]},{"@type":"BreadcrumbList","@id":"https:\/\/ringospincasino.com\/de\/app\/#breadcrumb","itemListElement":[{"@type":"ListItem","position":1,"name":"Ringospin","item":"https:\/\/ringospincasino.com\/de\/"},{"@type":"ListItem","position":2,"name":"App"}]},{"@type":"WebSite","@id":"https:\/\/ringospincasino.com\/de\/#website","url":"https:\/\/ringospincasino.com\/de\/","name":"Ringospin","description":"","publisher":{"@id":"https:\/\/ringospincasino.com\/de\/#organization"},"potentialAction":[{"@type":"SearchAction","target":{"@type":"EntryPoint","urlTemplate":"https:\/\/ringospincasino.com\/de\/?s={search_term_string}"},"query-input":{"@type":"PropertyValueSpecification","valueRequired":true,"valueName":"search_term_string"}}],"inLanguage":"de"},{"@type":"Organization","@id":"https:\/\/ringospincasino.com\/de\/#organization","name":"Ringospin","url":"https:\/\/ringospincasino.com\/de\/","logo":{"@type":"ImageObject","inLanguage":"de","@id":"https:\/\/ringospincasino.com\/de\/#\/schema\/logo\/image\/","url":"https:\/\/ringospincasino.com\/wp-content\/uploads\/logo-ringospin.svg","contentUrl":"https:\/\/ringospincasino.com\/wp-content\/uploads\/logo-ringospin.svg","width":139,"height":34,"caption":"Ringospin"},"image":{"@id":"https:\/\/ringospincasino.com\/de\/#\/schema\/logo\/image\/"}}]}},"_links":{"self":[{"href":"https:\/\/ringospincasino.com\/de\/wp-json\/wp\/v2\/pages\/1426"}],"collection":[{"href":"https:\/\/ringospincasino.com\/de\/wp-json\/wp\/v2\/pages"}],"about":[{"href":"https:\/\/ringospincasino.com\/de\/wp-json\/wp\/v2\/types\/page"}],"author":[{"embeddable":true,"href":"https:\/\/ringospincasino.com\/de\/wp-json\/wp\/v2\/users\/11"}],"replies":[{"embeddable":true,"href":"https:\/\/ringospincasino.com\/de\/wp-json\/wp\/v2\/comments?post=1426"}],"version-history":[{"count":2,"href":"https:\/\/ringospincasino.com\/de\/wp-json\/wp\/v2\/pages\/1426\/revisions"}],"predecessor-version":[{"id":1489,"href":"https:\/\/ringospincasino.com\/de\/wp-json\/wp\/v2\/pages\/1426\/revisions\/1489"}],"wp:attachment":[{"href":"https:\/\/ringospincasino.com\/de\/wp-json\/wp\/v2\/media?parent=1426"}],"curies":[{"name":"wp","href":"https:\/\/api.w.org\/{rel}","templated":true}]}}